{"id":18021,"date":"2021-09-28T03:54:37","date_gmt":"2021-09-28T03:54:37","guid":{"rendered":"https:\/\/mouldking.store\/product\/sembo-203016-the-sea-of-stars-yuanwang-3-survey-ship-2937951"},"modified":"2021-12-23T09:50:52","modified_gmt":"2021-12-23T09:50:52","slug":"sembo-203016-the-sea-of-%e2%80%8b%e2%80%8bstars-yuanwang-3-survey-ship","status":"publish","type":"product","link":"https:\/\/mouldking.store\/vi\/shop\/sembo-203016-the-sea-of-%e2%80%8b%e2%80%8bstars-yuanwang-3-survey-ship\/","title":{"rendered":"SEMBO 203016 Bi\u1ec3n sao: T\u00e0u kh\u1ea3o s\u00e1t Yuanwang 3"},"content":{"rendered":"<p style=\"text-align: center;\"><span>SEMBO 203016 Bi\u1ec3n sao: T\u00e0u kh\u1ea3o s\u00e1t Yuanwang 3 thu\u1ed9c b\u1ed9 kh\u1ed1i x\u00e2y d\u1ef1ng s\u00ea-ri ch\u1ee7 \u0111\u1ec1. To\u00e0n b\u1ed9 ch\u1ee9a 364 h\u1ea1t kh\u1ed1i x\u00e2y d\u1ef1ng. <\/span><span>L\u1ea7n \u0111\u1ea7u ti\u00ean \u0111\u01b0\u1ee3c ph\u00e1t h\u00e0nh v\u00e0o n\u0103m 2021.<\/span><\/p>\n<figure id=\"attachment_206085\" aria-describedby=\"caption-attachment-206085\" style=\"width: 800px\" class=\"wp-caption aligncenter\"><a href=\"https:\/\/pay.lpwstore.com\/wp-content\/uploads\/2021\/04\/SEMBO-203016-The-sea-of-\u200b\u200bstars-Yuanwang-3-survey-ship.jpg\" target=\"_blank\" rel=\"noopener\"><img fetchpriority=\"high\" decoding=\"async\" class=\"wp-image-206085 size-full\" title=\"SEMBO 203016 Bi\u1ec3n sao: T\u00e0u kh\u1ea3o s\u00e1t Yuanwang 3\" src=\"https:\/\/pay.lpwstore.com\/wp-content\/uploads\/2021\/04\/SEMBO-203016-The-sea-of-\u200b\u200bstars-Yuanwang-3-survey-ship.jpg\" alt=\"SEMBO 203016 The sea of \u200b\u200bstars: Yuanwang 3 survey ship\" width=\"800\" height=\"800\" \/><\/a><figcaption id=\"caption-attachment-206085\" class=\"wp-caption-text\">SEMBO 203016 Bi\u1ec3n sao: T\u00e0u kh\u1ea3o s\u00e1t Yuanwang 3<\/figcaption><\/figure>\n<p><img decoding=\"async\" class=\"alignnone size-full wp-image-206086 aligncenter\" src=\"https:\/\/pay.lpwstore.com\/wp-content\/uploads\/2021\/04\/SEMBO-203016-The-sea-of-\u200b\u200bstars-Yuanwang-3-survey-ship-2.jpg\" alt=\"-\" width=\"800\" height=\"800\" title=\"-\"> <img decoding=\"async\" class=\"alignnone size-full wp-image-206087 aligncenter\" src=\"https:\/\/pay.lpwstore.com\/wp-content\/uploads\/2021\/04\/SEMBO-203016-The-sea-of-\u200b\u200bstars-Yuanwang-3-survey-ship-3.jpg\" alt=\"-\" width=\"800\" height=\"800\" title=\"-\"><\/p>","protected":false},"excerpt":{"rendered":"<ul>\n<li>Bao g\u1ed3m <strong>364+<\/strong> chi\u1ebfc<\/li>\n<li>S\u00e1ch h\u01b0\u1edbng d\u1eabn s\u1eed d\u1ee5ng<\/li>\n<li>Kh\u1ed1i ABS ch\u1ea5t l\u01b0\u1ee3ng cao<\/li>\n<\/ul>","protected":false},"featured_media":18022,"comment_status":"open","ping_status":"closed","template":"","meta":{"_acf_changed":false},"product_cat":[],"product_tag":[],"class_list":["product","first","instock","shipping-taxable","purchasable","product-type-simple"],"acf":[],"_links":{"self":[{"href":"https:\/\/mouldking.store\/vi\/wp-json\/wp\/v2\/product\/18021","targetHints":{"allow":["GET"]}}],"collection":[{"href":"https:\/\/mouldking.store\/vi\/wp-json\/wp\/v2\/product"}],"about":[{"href":"https:\/\/mouldking.store\/vi\/wp-json\/wp\/v2\/types\/product"}],"replies":[{"embeddable":true,"href":"https:\/\/mouldking.store\/vi\/wp-json\/wp\/v2\/comments?post=18021"}],"wp:featuredmedia":[{"embeddable":true,"href":"https:\/\/mouldking.store\/vi\/wp-json\/wp\/v2\/media\/18022"}],"wp:attachment":[{"href":"https:\/\/mouldking.store\/vi\/wp-json\/wp\/v2\/media?parent=18021"}],"wp:term":[{"taxonomy":"product_cat","embeddable":true,"href":"https:\/\/mouldking.store\/vi\/wp-json\/wp\/v2\/product_cat?post=18021"},{"taxonomy":"product_tag","embeddable":true,"href":"https:\/\/mouldking.store\/vi\/wp-json\/wp\/v2\/product_tag?post=18021"}],"curies":[{"name":"wp","href":"https:\/\/api.w.org\/{rel}","templated":true}]}}