{"id":18036,"date":"2021-09-28T03:54:57","date_gmt":"2021-09-28T03:54:57","guid":{"rendered":"https:\/\/mouldking.store\/product\/mork-023024-2-pink-porsche-gt-super-car-8449518"},"modified":"2021-12-23T09:50:52","modified_gmt":"2021-12-23T09:50:52","slug":"mork-023024-2-pink-porsche-gt-super-car","status":"publish","type":"product","link":"https:\/\/mouldking.store\/vi\/shop\/mork-023024-2-pink-porsche-gt-super-car\/","title":{"rendered":"MORK 023024-2 Si\u00eau Xe Porsche GT M\u00e0u H\u1ed3ng"},"content":{"rendered":"<p style=\"text-align: center;\">MORK 023024-2 Si\u00eau xe Porsche GT m\u00e0u h\u1ed3ng thu\u1ed9c b\u1ed9 kh\u1ed1i x\u00e2y d\u1ef1ng s\u00ea-ri technic. To\u00e0n b\u1ed9 ch\u1ee9a 1268 h\u1ea1t kh\u1ed1i x\u00e2y d\u1ef1ng. L\u1ea7n \u0111\u1ea7u ti\u00ean \u0111\u01b0\u1ee3c ph\u00e1t h\u00e0nh v\u00e0o n\u0103m 2021.<\/p>\n<figure id=\"attachment_206175\" aria-describedby=\"caption-attachment-206175\" style=\"width: 800px\" class=\"wp-caption aligncenter\"><a href=\"https:\/\/pay.lpwstore.com\/wp-content\/uploads\/2021\/04\/MORK-023024-2-Pink-Porsche-GT-Super-Car.jpg\" target=\"_blank\" rel=\"noopener\"><img fetchpriority=\"high\" decoding=\"async\" class=\"wp-image-206175 size-full\" title=\"MORK 023024-2 Si\u00eau Xe Porsche GT M\u00e0u H\u1ed3ng\" src=\"https:\/\/pay.lpwstore.com\/wp-content\/uploads\/2021\/04\/MORK-023024-2-Pink-Porsche-GT-Super-Car.jpg\" alt=\"MORK 023024-2 Pink Porsche GT Super Car\" width=\"800\" height=\"800\" \/><\/a><figcaption id=\"caption-attachment-206175\" class=\"wp-caption-text\">MORK 023024-2 Si\u00eau Xe Porsche GT M\u00e0u H\u1ed3ng<\/figcaption><\/figure>\n<p><img decoding=\"async\" class=\"alignnone size-full wp-image-206176 aligncenter\" src=\"https:\/\/pay.lpwstore.com\/wp-content\/uploads\/2021\/04\/MORK-023024-2-Pink-Porsche-GT-Super-Car-2.jpg\" alt=\"-\" width=\"800\" height=\"800\" title=\"-\"> <img decoding=\"async\" class=\"alignnone size-full wp-image-206177 aligncenter\" src=\"https:\/\/pay.lpwstore.com\/wp-content\/uploads\/2021\/04\/MORK-023024-2-Pink-Porsche-GT-Super-Car-3.jpg\" alt=\"-\" width=\"800\" height=\"800\" title=\"-\"> <img loading=\"lazy\" decoding=\"async\" class=\"alignnone size-full wp-image-206178 aligncenter\" src=\"https:\/\/pay.lpwstore.com\/wp-content\/uploads\/2021\/04\/MORK-023024-2-Pink-Porsche-GT-Super-Car-4.jpg\" alt=\"-\" width=\"800\" height=\"800\" title=\"-\"> <img loading=\"lazy\" decoding=\"async\" class=\"alignnone size-full wp-image-206179 aligncenter\" src=\"https:\/\/pay.lpwstore.com\/wp-content\/uploads\/2021\/04\/MORK-023024-2-Pink-Porsche-GT-Super-Car-5.jpg\" alt=\"-\" width=\"800\" height=\"800\" title=\"-\"><\/p>","protected":false},"excerpt":{"rendered":"<ul>\n<li>Bao g\u1ed3m\u00a0<strong>1268+<\/strong>\u00a0chi\u1ebfc<\/li>\n<li>S\u00e1ch h\u01b0\u1edbng d\u1eabn s\u1eed d\u1ee5ng<\/li>\n<li>Kh\u1ed1i ABS ch\u1ea5t l\u01b0\u1ee3ng cao<\/li>\n<\/ul>","protected":false},"featured_media":18037,"comment_status":"open","ping_status":"closed","template":"","meta":{"_acf_changed":false},"product_cat":[],"product_tag":[],"class_list":["product","first","instock","shipping-taxable","purchasable","product-type-simple"],"acf":[],"_links":{"self":[{"href":"https:\/\/mouldking.store\/vi\/wp-json\/wp\/v2\/product\/18036","targetHints":{"allow":["GET"]}}],"collection":[{"href":"https:\/\/mouldking.store\/vi\/wp-json\/wp\/v2\/product"}],"about":[{"href":"https:\/\/mouldking.store\/vi\/wp-json\/wp\/v2\/types\/product"}],"replies":[{"embeddable":true,"href":"https:\/\/mouldking.store\/vi\/wp-json\/wp\/v2\/comments?post=18036"}],"wp:featuredmedia":[{"embeddable":true,"href":"https:\/\/mouldking.store\/vi\/wp-json\/wp\/v2\/media\/18037"}],"wp:attachment":[{"href":"https:\/\/mouldking.store\/vi\/wp-json\/wp\/v2\/media?parent=18036"}],"wp:term":[{"taxonomy":"product_cat","embeddable":true,"href":"https:\/\/mouldking.store\/vi\/wp-json\/wp\/v2\/product_cat?post=18036"},{"taxonomy":"product_tag","embeddable":true,"href":"https:\/\/mouldking.store\/vi\/wp-json\/wp\/v2\/product_tag?post=18036"}],"curies":[{"name":"wp","href":"https:\/\/api.w.org\/{rel}","templated":true}]}}