{"id":18121,"date":"2021-09-28T03:55:56","date_gmt":"2021-09-28T03:55:56","guid":{"rendered":"https:\/\/mouldking.store\/product\/sembo-604025-xiaoling-toys-gorgeous-castle-3887479"},"modified":"2024-04-03T09:20:46","modified_gmt":"2024-04-03T02:20:46","slug":"sembo-604025-xiaoling-toys-gorgeous-castle","status":"publish","type":"product","link":"https:\/\/mouldking.store\/vi\/shop\/sembo-604025-xiaoling-toys-gorgeous-castle\/","title":{"rendered":"SEMBO 604025 \u0110\u1ed3 ch\u01a1i Xiaoling: L\u00e2u \u0111\u00e0i tr\u00e1ng l\u1ec7"},"content":{"rendered":"<p><span>\u0110\u1ed3 ch\u01a1i Xiaoling SEMBO 604025: L\u00e2u \u0111\u00e0i tr\u00e1ng l\u1ec7 thu\u1ed9c b\u1ed9 kh\u1ed1i x\u00e2y d\u1ef1ng s\u00ea-ri b\u00e9 g\u00e1i, tr\u1ecdn b\u1ed9 g\u1ed3m 642 h\u1ea1t kh\u1ed1i x\u00e2y d\u1ef1ng. <\/span><span>L\u1ea7n \u0111\u1ea7u ti\u00ean \u0111\u01b0\u1ee3c ph\u00e1t h\u00e0nh v\u00e0o n\u0103m 2021.<\/span><\/p>\n<figure id=\"attachment_206442\" aria-describedby=\"caption-attachment-206442\" style=\"width: 800px\" class=\"wp-caption aligncenter\"><a href=\"https:\/\/pay.lpwstore.com\/wp-content\/uploads\/2021\/05\/SEMBO-604025-Xiaoling-Toys-Gorgeous-Castle.jpg\" target=\"_blank\" rel=\"noopener\"><img fetchpriority=\"high\" decoding=\"async\" class=\"wp-image-206442 size-full\" title=\"SEMBO 604025 \u0110\u1ed3 ch\u01a1i Xiaoling: L\u00e2u \u0111\u00e0i tr\u00e1ng l\u1ec7\" src=\"https:\/\/pay.lpwstore.com\/wp-content\/uploads\/2021\/05\/SEMBO-604025-Xiaoling-Toys-Gorgeous-Castle.jpg\" alt=\"SEMBO 604025 Xiaoling Toys: Gorgeous Castle\" width=\"800\" height=\"800\" \/><\/a><figcaption id=\"caption-attachment-206442\" class=\"wp-caption-text\">SEMBO 604025 \u0110\u1ed3 ch\u01a1i Xiaoling: L\u00e2u \u0111\u00e0i tr\u00e1ng l\u1ec7<\/figcaption><\/figure>","protected":false},"excerpt":{"rendered":"<p><span style=\"font-size: 150%; color: #ff0000;\"><strong>B\u00c1N TR\u01af\u1edaC!<\/strong><\/span><\/p>\n<ul>\n<li>Bao g\u1ed3m <strong>642+<\/strong> chi\u1ebfc<\/li>\n<li>S\u00e1ch h\u01b0\u1edbng d\u1eabn s\u1eed d\u1ee5ng<\/li>\n<li>Kh\u1ed1i ABS ch\u1ea5t l\u01b0\u1ee3ng cao<\/li>\n<\/ul>","protected":false},"featured_media":18122,"comment_status":"open","ping_status":"closed","template":"","meta":{"_acf_changed":false},"product_cat":[15],"product_tag":[],"class_list":["product","first","instock","shipping-taxable","purchasable","product-type-simple"],"acf":[],"_links":{"self":[{"href":"https:\/\/mouldking.store\/vi\/wp-json\/wp\/v2\/product\/18121","targetHints":{"allow":["GET"]}}],"collection":[{"href":"https:\/\/mouldking.store\/vi\/wp-json\/wp\/v2\/product"}],"about":[{"href":"https:\/\/mouldking.store\/vi\/wp-json\/wp\/v2\/types\/product"}],"replies":[{"embeddable":true,"href":"https:\/\/mouldking.store\/vi\/wp-json\/wp\/v2\/comments?post=18121"}],"wp:featuredmedia":[{"embeddable":true,"href":"https:\/\/mouldking.store\/vi\/wp-json\/wp\/v2\/media\/18122"}],"wp:attachment":[{"href":"https:\/\/mouldking.store\/vi\/wp-json\/wp\/v2\/media?parent=18121"}],"wp:term":[{"taxonomy":"product_cat","embeddable":true,"href":"https:\/\/mouldking.store\/vi\/wp-json\/wp\/v2\/product_cat?post=18121"},{"taxonomy":"product_tag","embeddable":true,"href":"https:\/\/mouldking.store\/vi\/wp-json\/wp\/v2\/product_tag?post=18121"}],"curies":[{"name":"wp","href":"https:\/\/api.w.org\/{rel}","templated":true}]}}