{"id":18145,"date":"2021-09-28T03:56:23","date_gmt":"2021-09-28T03:56:23","guid":{"rendered":"https:\/\/mouldking.store\/product\/panlos-670006-desert-eagle-pistol-5881240"},"modified":"2021-12-23T09:50:51","modified_gmt":"2021-12-23T09:50:51","slug":"panlos-670006-desert-eagle-pistol","status":"publish","type":"product","link":"https:\/\/mouldking.store\/vi\/shop\/panlos-670006-desert-eagle-pistol\/","title":{"rendered":"S\u00fang l\u1ee5c \u0111\u1ea1i b\u00e0ng sa m\u1ea1c PANLOS 670006"},"content":{"rendered":"<p>S\u00fang ng\u1eafn PANLOS 670006 Desert Eagle thu\u1ed9c b\u1ed9 kh\u1ed1i x\u00e2y d\u1ef1ng s\u00ea-ri qu\u00e2n s\u1ef1, c\u1ea3 b\u1ed9 ch\u1ee9a 360 h\u1ea1t kh\u1ed1i x\u00e2y d\u1ef1ng. L\u1ea7n \u0111\u1ea7u ti\u00ean \u0111\u01b0\u1ee3c ph\u00e1t h\u00e0nh v\u00e0o n\u0103m 2020.<\/p>\n<figure id=\"attachment_206536\" aria-describedby=\"caption-attachment-206536\" style=\"width: 800px\" class=\"wp-caption aligncenter\"><a href=\"https:\/\/pay.lpwstore.com\/wp-content\/uploads\/2021\/05\/panlos-670006-desert-eagle-pistol-223257.jpg\" target=\"_blank\" rel=\"noopener\"><img fetchpriority=\"high\" decoding=\"async\" class=\"wp-image-206536 size-full\" title=\"S\u00fang l\u1ee5c \u0111\u1ea1i b\u00e0ng sa m\u1ea1c PANLOS 670006\" src=\"https:\/\/pay.lpwstore.com\/wp-content\/uploads\/2021\/05\/panlos-670006-desert-eagle-pistol-223257.jpg\" alt=\"PANLOS 670006 Desert Eagle Pistol\" width=\"800\" height=\"800\" \/><\/a><figcaption id=\"caption-attachment-206536\" class=\"wp-caption-text\">S\u00fang l\u1ee5c \u0111\u1ea1i b\u00e0ng sa m\u1ea1c PANLOS 670006<\/figcaption><\/figure>\n<figure id=\"attachment_206537\" aria-describedby=\"caption-attachment-206537\" style=\"width: 800px\" class=\"wp-caption aligncenter\"><img decoding=\"async\" class=\"size-full wp-image-206537\" title=\"S\u00fang l\u1ee5c \u0111\u1ea1i b\u00e0ng sa m\u1ea1c PANLOS 670006\" src=\"https:\/\/pay.lpwstore.com\/wp-content\/uploads\/2021\/05\/panlos-670006-desert-eagle-pistol-223301.jpg\" alt=\"PANLOS 670006 Desert Eagle Pistol\" width=\"800\" height=\"800\" \/><figcaption id=\"caption-attachment-206537\" class=\"wp-caption-text\">S\u00fang l\u1ee5c \u0111\u1ea1i b\u00e0ng sa m\u1ea1c PANLOS 670006<\/figcaption><\/figure>\n<figure id=\"attachment_206538\" aria-describedby=\"caption-attachment-206538\" style=\"width: 800px\" class=\"wp-caption aligncenter\"><img decoding=\"async\" class=\"size-full wp-image-206538\" title=\"S\u00fang l\u1ee5c \u0111\u1ea1i b\u00e0ng sa m\u1ea1c PANLOS 670006\" src=\"https:\/\/pay.lpwstore.com\/wp-content\/uploads\/2021\/05\/panlos-670006-desert-eagle-pistol-223305.jpg\" alt=\"PANLOS 670006 Desert Eagle Pistol\" width=\"800\" height=\"800\" \/><figcaption id=\"caption-attachment-206538\" class=\"wp-caption-text\">S\u00fang l\u1ee5c \u0111\u1ea1i b\u00e0ng sa m\u1ea1c PANLOS 670006<\/figcaption><\/figure>\n<figure id=\"attachment_206539\" aria-describedby=\"caption-attachment-206539\" style=\"width: 800px\" class=\"wp-caption aligncenter\"><img loading=\"lazy\" decoding=\"async\" class=\"size-full wp-image-206539\" title=\"S\u00fang l\u1ee5c \u0111\u1ea1i b\u00e0ng sa m\u1ea1c PANLOS 670006\" src=\"https:\/\/pay.lpwstore.com\/wp-content\/uploads\/2021\/05\/panlos-670006-desert-eagle-pistol-223308.jpg\" alt=\"PANLOS 670006 Desert Eagle Pistol\" width=\"800\" height=\"800\" \/><figcaption id=\"caption-attachment-206539\" class=\"wp-caption-text\">S\u00fang l\u1ee5c \u0111\u1ea1i b\u00e0ng sa m\u1ea1c PANLOS 670006<\/figcaption><\/figure>\n<figure id=\"attachment_206540\" aria-describedby=\"caption-attachment-206540\" style=\"width: 800px\" class=\"wp-caption aligncenter\"><img loading=\"lazy\" decoding=\"async\" class=\"size-full wp-image-206540\" title=\"S\u00fang l\u1ee5c \u0111\u1ea1i b\u00e0ng sa m\u1ea1c PANLOS 670006\" src=\"https:\/\/pay.lpwstore.com\/wp-content\/uploads\/2021\/05\/panlos-670006-desert-eagle-pistol-223312.jpg\" alt=\"PANLOS 670006 Desert Eagle Pistol\" width=\"800\" height=\"800\" \/><figcaption id=\"caption-attachment-206540\" class=\"wp-caption-text\">S\u00fang l\u1ee5c \u0111\u1ea1i b\u00e0ng sa m\u1ea1c PANLOS 670006<\/figcaption><\/figure>\n<p>&nbsp;<\/p>","protected":false},"excerpt":{"rendered":"<ul>\n<li>Bao g\u1ed3m <strong>360+<\/strong> chi\u1ebfc<\/li>\n<li>S\u00e1ch h\u01b0\u1edbng d\u1eabn s\u1eed d\u1ee5ng<\/li>\n<li>Kh\u1ed1i ABS ch\u1ea5t l\u01b0\u1ee3ng cao<\/li>\n<\/ul>","protected":false},"featured_media":18146,"comment_status":"open","ping_status":"closed","template":"","meta":{"_acf_changed":false},"product_cat":[372],"product_tag":[],"class_list":["product","first","instock","shipping-taxable","purchasable","product-type-simple"],"acf":[],"_links":{"self":[{"href":"https:\/\/mouldking.store\/vi\/wp-json\/wp\/v2\/product\/18145","targetHints":{"allow":["GET"]}}],"collection":[{"href":"https:\/\/mouldking.store\/vi\/wp-json\/wp\/v2\/product"}],"about":[{"href":"https:\/\/mouldking.store\/vi\/wp-json\/wp\/v2\/types\/product"}],"replies":[{"embeddable":true,"href":"https:\/\/mouldking.store\/vi\/wp-json\/wp\/v2\/comments?post=18145"}],"wp:featuredmedia":[{"embeddable":true,"href":"https:\/\/mouldking.store\/vi\/wp-json\/wp\/v2\/media\/18146"}],"wp:attachment":[{"href":"https:\/\/mouldking.store\/vi\/wp-json\/wp\/v2\/media?parent=18145"}],"wp:term":[{"taxonomy":"product_cat","embeddable":true,"href":"https:\/\/mouldking.store\/vi\/wp-json\/wp\/v2\/product_cat?post=18145"},{"taxonomy":"product_tag","embeddable":true,"href":"https:\/\/mouldking.store\/vi\/wp-json\/wp\/v2\/product_tag?post=18145"}],"curies":[{"name":"wp","href":"https:\/\/api.w.org\/{rel}","templated":true}]}}