{"id":18151,"date":"2021-09-28T03:56:26","date_gmt":"2021-09-28T03:56:26","guid":{"rendered":"https:\/\/mouldking.store\/product\/sembo-203017-super-cute-rocket-q-version-of-the-astronaut-8431380"},"modified":"2021-12-23T09:50:49","modified_gmt":"2021-12-23T09:50:49","slug":"sembo-203017-super-cute-rocket-q-version-of-the-astronaut","status":"publish","type":"product","link":"https:\/\/mouldking.store\/vi\/shop\/sembo-203017-super-cute-rocket-q-version-of-the-astronaut\/","title":{"rendered":"SEMBO 203017 T\u00ean L\u1eeda Si\u00eau D\u1ec5 Th\u01b0\u01a1ng: Q phi\u00ean b\u1ea3n phi h\u00e0nh gia"},"content":{"rendered":"<p>T\u00ean l\u1eeda si\u00eau d\u1ec5 th\u01b0\u01a1ng SEMBO 203017: Q phi\u00ean b\u1ea3n phi h\u00e0nh gia thu\u1ed9c series ch\u1ee7 \u0111\u1ec1 b\u1ed9 kh\u1ed1i x\u00e2y d\u1ef1ng, tr\u1ecdn b\u1ed9 g\u1ed3m 518 h\u1ea1t kh\u1ed1i x\u00e2y d\u1ef1ng. L\u1ea7n \u0111\u1ea7u ti\u00ean \u0111\u01b0\u1ee3c ph\u00e1t h\u00e0nh v\u00e0o n\u0103m 2021.<\/p>\n<figure id=\"attachment_206623\" aria-describedby=\"caption-attachment-206623\" style=\"width: 800px\" class=\"wp-caption aligncenter\"><a href=\"https:\/\/pay.lpwstore.com\/wp-content\/uploads\/2021\/05\/sembo-203017-super-cute-rocket-q-version-of-the-astronaut-211937.jpg\" target=\"_blank\" rel=\"noopener\"><img fetchpriority=\"high\" decoding=\"async\" class=\"wp-image-206623 size-full\" title=\"SEMBO 203017 T\u00ean L\u1eeda Si\u00eau D\u1ec5 Th\u01b0\u01a1ng: Q phi\u00ean b\u1ea3n phi h\u00e0nh gia\" src=\"https:\/\/pay.lpwstore.com\/wp-content\/uploads\/2021\/05\/sembo-203017-super-cute-rocket-q-version-of-the-astronaut-211937.jpg\" alt=\"SEMBO 203017 Super Cute Rocket: Q version of the astronaut\" width=\"800\" height=\"800\" \/><\/a><figcaption id=\"caption-attachment-206623\" class=\"wp-caption-text\">SEMBO 203017 T\u00ean L\u1eeda Si\u00eau D\u1ec5 Th\u01b0\u01a1ng: Q phi\u00ean b\u1ea3n phi h\u00e0nh gia<\/figcaption><\/figure>\n<figure id=\"attachment_206624\" aria-describedby=\"caption-attachment-206624\" style=\"width: 800px\" class=\"wp-caption aligncenter\"><img decoding=\"async\" class=\"size-full wp-image-206624\" title=\"SEMBO 203017 T\u00ean L\u1eeda Si\u00eau D\u1ec5 Th\u01b0\u01a1ng: Q phi\u00ean b\u1ea3n phi h\u00e0nh gia\" src=\"https:\/\/pay.lpwstore.com\/wp-content\/uploads\/2021\/05\/sembo-203017-super-cute-rocket-q-version-of-the-astronaut-211940.jpg\" alt=\"SEMBO 203017 Super Cute Rocket: Q version of the astronaut\" width=\"800\" height=\"800\" \/><figcaption id=\"caption-attachment-206624\" class=\"wp-caption-text\">SEMBO 203017 T\u00ean L\u1eeda Si\u00eau D\u1ec5 Th\u01b0\u01a1ng: Q phi\u00ean b\u1ea3n phi h\u00e0nh gia<\/figcaption><\/figure>\n<figure id=\"attachment_206625\" aria-describedby=\"caption-attachment-206625\" style=\"width: 800px\" class=\"wp-caption aligncenter\"><img decoding=\"async\" class=\"size-full wp-image-206625\" title=\"SEMBO 203017 T\u00ean L\u1eeda Si\u00eau D\u1ec5 Th\u01b0\u01a1ng: Q phi\u00ean b\u1ea3n phi h\u00e0nh gia\" src=\"https:\/\/pay.lpwstore.com\/wp-content\/uploads\/2021\/05\/sembo-203017-super-cute-rocket-q-version-of-the-astronaut-211943.jpg\" alt=\"SEMBO 203017 Super Cute Rocket: Q version of the astronaut\" width=\"800\" height=\"800\" \/><figcaption id=\"caption-attachment-206625\" class=\"wp-caption-text\">SEMBO 203017 T\u00ean L\u1eeda Si\u00eau D\u1ec5 Th\u01b0\u01a1ng: Q phi\u00ean b\u1ea3n phi h\u00e0nh gia<\/figcaption><\/figure>\n<figure id=\"attachment_206626\" aria-describedby=\"caption-attachment-206626\" style=\"width: 800px\" class=\"wp-caption aligncenter\"><img loading=\"lazy\" decoding=\"async\" class=\"size-full wp-image-206626\" title=\"SEMBO 203017 T\u00ean L\u1eeda Si\u00eau D\u1ec5 Th\u01b0\u01a1ng: Q phi\u00ean b\u1ea3n phi h\u00e0nh gia\" src=\"https:\/\/pay.lpwstore.com\/wp-content\/uploads\/2021\/05\/sembo-203017-super-cute-rocket-q-version-of-the-astronaut-211947.jpg\" alt=\"SEMBO 203017 Super Cute Rocket: Q version of the astronaut\" width=\"800\" height=\"800\" \/><figcaption id=\"caption-attachment-206626\" class=\"wp-caption-text\">SEMBO 203017 T\u00ean L\u1eeda Si\u00eau D\u1ec5 Th\u01b0\u01a1ng: Q phi\u00ean b\u1ea3n phi h\u00e0nh gia<\/figcaption><\/figure>","protected":false},"excerpt":{"rendered":"<ul>\n<li>Bao g\u1ed3m <strong>518+<\/strong> chi\u1ebfc<\/li>\n<li>S\u00e1ch h\u01b0\u1edbng d\u1eabn s\u1eed d\u1ee5ng<\/li>\n<li>Kh\u1ed1i ABS ch\u1ea5t l\u01b0\u1ee3ng cao<\/li>\n<\/ul>","protected":false},"featured_media":18152,"comment_status":"open","ping_status":"closed","template":"","meta":{"_acf_changed":false},"product_cat":[],"product_tag":[],"class_list":["product","first","instock","shipping-taxable","purchasable","product-type-simple"],"acf":[],"_links":{"self":[{"href":"https:\/\/mouldking.store\/vi\/wp-json\/wp\/v2\/product\/18151","targetHints":{"allow":["GET"]}}],"collection":[{"href":"https:\/\/mouldking.store\/vi\/wp-json\/wp\/v2\/product"}],"about":[{"href":"https:\/\/mouldking.store\/vi\/wp-json\/wp\/v2\/types\/product"}],"replies":[{"embeddable":true,"href":"https:\/\/mouldking.store\/vi\/wp-json\/wp\/v2\/comments?post=18151"}],"wp:featuredmedia":[{"embeddable":true,"href":"https:\/\/mouldking.store\/vi\/wp-json\/wp\/v2\/media\/18152"}],"wp:attachment":[{"href":"https:\/\/mouldking.store\/vi\/wp-json\/wp\/v2\/media?parent=18151"}],"wp:term":[{"taxonomy":"product_cat","embeddable":true,"href":"https:\/\/mouldking.store\/vi\/wp-json\/wp\/v2\/product_cat?post=18151"},{"taxonomy":"product_tag","embeddable":true,"href":"https:\/\/mouldking.store\/vi\/wp-json\/wp\/v2\/product_tag?post=18151"}],"curies":[{"name":"wp","href":"https:\/\/api.w.org\/{rel}","templated":true}]}}