{"id":18179,"date":"2021-09-28T03:56:46","date_gmt":"2021-09-28T03:56:46","guid":{"rendered":"https:\/\/mouldking.store\/product\/sy-5022-q-scene-car-house-of-parliament-liberty-wood-state-guest-car-1723199"},"modified":"2021-12-23T09:50:49","modified_gmt":"2021-12-23T09:50:49","slug":"sy-5022-q-scene-car-house-of-parliament-liberty-wood-state-guest-car","status":"publish","type":"product","link":"https:\/\/mouldking.store\/vi\/shop\/sy-5022-q-scene-car-house-of-parliament-liberty-wood-state-guest-car\/","title":{"rendered":"SY 5022 Xe c\u1ea3nh Q T\u00f2a nh\u00e0 Qu\u1ed1c h\u1ed9i &amp; Liberty &amp; Wood State Xe kh\u00e1ch"},"content":{"rendered":"<p style=\"text-align: left;\"><span>SY 5022 Q Scene Car House of Parliament &amp; Liberty &amp; Wood State Guest Car belong to the mini model series building block set, the whole set contains 338 building block particles. <\/span><span>L\u1ea7n \u0111\u1ea7u ti\u00ean \u0111\u01b0\u1ee3c ph\u00e1t h\u00e0nh v\u00e0o n\u0103m 2021.<\/span><\/p>\n<figure id=\"attachment_206707\" aria-describedby=\"caption-attachment-206707\" style=\"width: 800px\" class=\"wp-caption aligncenter\"><a href=\"https:\/\/pay.lpwstore.com\/wp-content\/uploads\/2021\/05\/SY-5022-Q-Scene-Car-House-of-Parliament-Liberty-Wood-State-Guest-Car.jpg\" target=\"_blank\" rel=\"noopener\"><img fetchpriority=\"high\" decoding=\"async\" class=\"wp-image-206707 size-full\" title=\"SY 5022 Xe c\u1ea3nh Q T\u00f2a nh\u00e0 Qu\u1ed1c h\u1ed9i &amp; Liberty &amp; Wood State Xe kh\u00e1ch\" src=\"https:\/\/pay.lpwstore.com\/wp-content\/uploads\/2021\/05\/SY-5022-Q-Scene-Car-House-of-Parliament-Liberty-Wood-State-Guest-Car.jpg\" alt=\"SY 5022 Q Scene Car House of Parliament &amp; Liberty &amp; Wood State Guest Car\" width=\"800\" height=\"800\" \/><\/a><figcaption id=\"caption-attachment-206707\" class=\"wp-caption-text\">SY 5022 Q Scene Car House of Parliament &amp; Liberty &amp; Wood State Guest Car<\/figcaption><\/figure>\n<p><img decoding=\"async\" class=\"alignnone size-full wp-image-206708 aligncenter\" src=\"https:\/\/pay.lpwstore.com\/wp-content\/uploads\/2021\/05\/SY-5022-Q-Scene-Car-House-of-Parliament-Liberty-Wood-State-Guest-Car-2.jpg\" alt=\"-\" width=\"800\" height=\"800\" title=\"-\"> <img decoding=\"async\" class=\"alignnone size-full wp-image-206709 aligncenter\" src=\"https:\/\/pay.lpwstore.com\/wp-content\/uploads\/2021\/05\/SY-5022-Q-Scene-Car-House-of-Parliament-Liberty-Wood-State-Guest-Car-3.jpg\" alt=\"-\" width=\"800\" height=\"800\" title=\"-\"><\/p>","protected":false},"excerpt":{"rendered":"<p><span style=\"font-size: 150%; color: #ff0000;\"><strong>B\u00c1N TR\u01af\u1edaC!<\/strong><\/span><\/p>\n<ul>\n<li>Bao g\u1ed3m <strong>338+<\/strong> chi\u1ebfc<\/li>\n<li>S\u00e1ch h\u01b0\u1edbng d\u1eabn s\u1eed d\u1ee5ng<\/li>\n<li>Kh\u1ed1i ABS ch\u1ea5t l\u01b0\u1ee3ng cao<\/li>\n<\/ul>","protected":false},"featured_media":18180,"comment_status":"open","ping_status":"closed","template":"","meta":{"_acf_changed":false},"product_cat":[],"product_tag":[],"class_list":["product","first","instock","shipping-taxable","purchasable","product-type-simple"],"acf":[],"_links":{"self":[{"href":"https:\/\/mouldking.store\/vi\/wp-json\/wp\/v2\/product\/18179","targetHints":{"allow":["GET"]}}],"collection":[{"href":"https:\/\/mouldking.store\/vi\/wp-json\/wp\/v2\/product"}],"about":[{"href":"https:\/\/mouldking.store\/vi\/wp-json\/wp\/v2\/types\/product"}],"replies":[{"embeddable":true,"href":"https:\/\/mouldking.store\/vi\/wp-json\/wp\/v2\/comments?post=18179"}],"wp:featuredmedia":[{"embeddable":true,"href":"https:\/\/mouldking.store\/vi\/wp-json\/wp\/v2\/media\/18180"}],"wp:attachment":[{"href":"https:\/\/mouldking.store\/vi\/wp-json\/wp\/v2\/media?parent=18179"}],"wp:term":[{"taxonomy":"product_cat","embeddable":true,"href":"https:\/\/mouldking.store\/vi\/wp-json\/wp\/v2\/product_cat?post=18179"},{"taxonomy":"product_tag","embeddable":true,"href":"https:\/\/mouldking.store\/vi\/wp-json\/wp\/v2\/product_tag?post=18179"}],"curies":[{"name":"wp","href":"https:\/\/api.w.org\/{rel}","templated":true}]}}