{"id":18200,"date":"2021-09-28T03:57:01","date_gmt":"2021-09-28T03:57:01","guid":{"rendered":"https:\/\/mouldking.store\/product\/sy-8313-juggernaut-frenzy-lamborghini-pull-back-car-7015563"},"modified":"2021-12-23T09:50:48","modified_gmt":"2021-12-23T09:50:48","slug":"sy-8313-juggernaut-frenzy-lamborghini-pull-back-car","status":"publish","type":"product","link":"https:\/\/mouldking.store\/vi\/shop\/sy-8313-juggernaut-frenzy-lamborghini-pull-back-car\/","title":{"rendered":"SY 8313 Juggernaut Frenzy: Lamborghini l\u00f9i xe"},"content":{"rendered":"<p style=\"text-align: left;\"><span>SY 8313 Juggernaut Frenzy: Lamborghini Pull Back Car belongs to the racing series building block set, the whole set contains 684 building block particles. <\/span><span>L\u1ea7n \u0111\u1ea7u ti\u00ean \u0111\u01b0\u1ee3c ph\u00e1t h\u00e0nh v\u00e0o n\u0103m 2021.<\/span><\/p>\n<figure id=\"attachment_206845\" aria-describedby=\"caption-attachment-206845\" style=\"width: 800px\" class=\"wp-caption aligncenter\"><a href=\"https:\/\/pay.lpwstore.com\/wp-content\/uploads\/2021\/05\/SY-8313-Juggernaut-Frenzy-Lamborghini-Pull-Back-Car.jpg\" target=\"_blank\" rel=\"noopener\"><img fetchpriority=\"high\" decoding=\"async\" class=\"wp-image-206845 size-full\" title=\"SY 8313 Juggernaut Frenzy: Lamborghini l\u00f9i xe\" src=\"https:\/\/pay.lpwstore.com\/wp-content\/uploads\/2021\/05\/SY-8313-Juggernaut-Frenzy-Lamborghini-Pull-Back-Car.jpg\" alt=\"SY 8313 Juggernaut Frenzy: Lamborghini Pull Back Car\" width=\"800\" height=\"800\" \/><\/a><figcaption id=\"caption-attachment-206845\" class=\"wp-caption-text\">SY 8313 Juggernaut Frenzy: Lamborghini l\u00f9i xe<\/figcaption><\/figure>\n<p><img decoding=\"async\" class=\"alignnone size-full wp-image-206847 aligncenter\" src=\"https:\/\/pay.lpwstore.com\/wp-content\/uploads\/2021\/05\/SY-8313-Juggernaut-Frenzy-Lamborghini-Pull-Back-Car-3.jpg\" alt=\"-\" width=\"800\" height=\"800\" title=\"-\"> <img decoding=\"async\" class=\"alignnone size-full wp-image-206846 aligncenter\" src=\"https:\/\/pay.lpwstore.com\/wp-content\/uploads\/2021\/05\/SY-8313-Juggernaut-Frenzy-Lamborghini-Pull-Back-Car-2.jpg\" alt=\"-\" width=\"800\" height=\"800\" title=\"-\"><\/p>","protected":false},"excerpt":{"rendered":"<ul>\n<li>Bao g\u1ed3m <strong>684+<\/strong> chi\u1ebfc<\/li>\n<li>S\u00e1ch h\u01b0\u1edbng d\u1eabn s\u1eed d\u1ee5ng<\/li>\n<li>Kh\u1ed1i ABS ch\u1ea5t l\u01b0\u1ee3ng cao<\/li>\n<\/ul>","protected":false},"featured_media":18201,"comment_status":"open","ping_status":"closed","template":"","meta":{"_acf_changed":false},"product_cat":[],"product_tag":[],"class_list":["product","first","instock","shipping-taxable","purchasable","product-type-simple"],"acf":[],"_links":{"self":[{"href":"https:\/\/mouldking.store\/vi\/wp-json\/wp\/v2\/product\/18200","targetHints":{"allow":["GET"]}}],"collection":[{"href":"https:\/\/mouldking.store\/vi\/wp-json\/wp\/v2\/product"}],"about":[{"href":"https:\/\/mouldking.store\/vi\/wp-json\/wp\/v2\/types\/product"}],"replies":[{"embeddable":true,"href":"https:\/\/mouldking.store\/vi\/wp-json\/wp\/v2\/comments?post=18200"}],"wp:featuredmedia":[{"embeddable":true,"href":"https:\/\/mouldking.store\/vi\/wp-json\/wp\/v2\/media\/18201"}],"wp:attachment":[{"href":"https:\/\/mouldking.store\/vi\/wp-json\/wp\/v2\/media?parent=18200"}],"wp:term":[{"taxonomy":"product_cat","embeddable":true,"href":"https:\/\/mouldking.store\/vi\/wp-json\/wp\/v2\/product_cat?post=18200"},{"taxonomy":"product_tag","embeddable":true,"href":"https:\/\/mouldking.store\/vi\/wp-json\/wp\/v2\/product_tag?post=18200"}],"curies":[{"name":"wp","href":"https:\/\/api.w.org\/{rel}","templated":true}]}}