{"id":18208,"date":"2021-09-28T03:57:12","date_gmt":"2021-09-28T03:57:12","guid":{"rendered":"https:\/\/mouldking.store\/product\/cada-c61027-hummer-buggy-112-7556787"},"modified":"2021-10-11T02:53:51","modified_gmt":"2021-10-11T02:53:51","slug":"cada-c61027-hummer-buggy-112","status":"publish","type":"product","link":"https:\/\/mouldking.store\/vi\/shop\/cada-c61027-hummer-buggy-112\/","title":{"rendered":"CADA C61027 Hummer Buggy 1:12"},"content":{"rendered":"<p>CADA C61027 Hummer Buggy 1:12 thu\u1ed9c b\u1ed9 kh\u1ed1i x\u00e2y d\u1ef1ng s\u00ea-ri xe \u0111ua, tr\u1ecdn b\u1ed9 ch\u1ee9a 1380 h\u1ea1t kh\u1ed1i x\u00e2y d\u1ef1ng. L\u1ea7n \u0111\u1ea7u ti\u00ean \u0111\u01b0\u1ee3c ph\u00e1t h\u00e0nh v\u00e0o n\u0103m 2021.<\/p>\n<figure id=\"attachment_206920\" aria-describedby=\"caption-attachment-206920\" style=\"width: 800px\" class=\"wp-caption aligncenter\"><a href=\"https:\/\/pay.lpwstore.com\/wp-content\/uploads\/2021\/05\/cada-c61027-hummer-buggy-112-225318.jpg\" target=\"_blank\" rel=\"noopener\"><img fetchpriority=\"high\" decoding=\"async\" class=\"wp-image-206920 size-full\" title=\"CADA C61027 Hummer Buggy 1:12\" src=\"https:\/\/pay.lpwstore.com\/wp-content\/uploads\/2021\/05\/cada-c61027-hummer-buggy-112-225318.jpg\" alt=\"CADA C61027 Hummer Buggy 1:12\" width=\"800\" height=\"800\" \/><\/a><figcaption id=\"caption-attachment-206920\" class=\"wp-caption-text\">CADA C61027 Hummer Buggy 1:12<\/figcaption><\/figure>\n<figure id=\"attachment_206921\" aria-describedby=\"caption-attachment-206921\" style=\"width: 800px\" class=\"wp-caption aligncenter\"><img decoding=\"async\" class=\"size-full wp-image-206921\" title=\"CADA C61027 Hummer Buggy 1:12\" src=\"https:\/\/pay.lpwstore.com\/wp-content\/uploads\/2021\/05\/cada-c61027-hummer-buggy-112-225319.jpg\" alt=\"CADA C61027 Hummer Buggy 1:12\" width=\"800\" height=\"800\" \/><figcaption id=\"caption-attachment-206921\" class=\"wp-caption-text\">CADA C61027 Hummer Buggy 1:12<\/figcaption><\/figure>\n<figure id=\"attachment_206922\" aria-describedby=\"caption-attachment-206922\" style=\"width: 800px\" class=\"wp-caption aligncenter\"><img decoding=\"async\" class=\"size-full wp-image-206922\" title=\"CADA C61027 Hummer Buggy 1:12\" src=\"https:\/\/pay.lpwstore.com\/wp-content\/uploads\/2021\/05\/cada-c61027-hummer-buggy-112-225320.jpg\" alt=\"CADA C61027 Hummer Buggy 1:12\" width=\"800\" height=\"800\" \/><figcaption id=\"caption-attachment-206922\" class=\"wp-caption-text\">CADA C61027 Hummer Buggy 1:12<\/figcaption><\/figure>\n<p>&nbsp;<\/p>\n<figure id=\"attachment_206923\" aria-describedby=\"caption-attachment-206923\" style=\"width: 800px\" class=\"wp-caption aligncenter\"><img loading=\"lazy\" decoding=\"async\" class=\"size-full wp-image-206923\" title=\"CADA C61027 Hummer Buggy 1:12\" src=\"https:\/\/pay.lpwstore.com\/wp-content\/uploads\/2021\/05\/cada-c61027-hummer-buggy-112-225324.jpg\" alt=\"CADA C61027 Hummer Buggy 1:12\" width=\"800\" height=\"800\" \/><figcaption id=\"caption-attachment-206923\" class=\"wp-caption-text\">CADA C61027 Hummer Buggy 1:12<\/figcaption><\/figure>\n<figure id=\"attachment_206925\" aria-describedby=\"caption-attachment-206925\" style=\"width: 800px\" class=\"wp-caption aligncenter\"><img loading=\"lazy\" decoding=\"async\" class=\"size-full wp-image-206925\" title=\"CADA C61027 Hummer Buggy 1:12\" src=\"https:\/\/pay.lpwstore.com\/wp-content\/uploads\/2021\/05\/cada-c61027-hummer-buggy-112-232030.jpg\" alt=\"CADA C61027 Hummer Buggy 1:12\" width=\"800\" height=\"800\" \/><figcaption id=\"caption-attachment-206925\" class=\"wp-caption-text\">CADA C61027 Hummer Buggy 1:12<\/figcaption><\/figure>","protected":false},"excerpt":{"rendered":"<ul>\n<li>Bao g\u1ed3m <strong>1380+<\/strong> chi\u1ebfc<\/li>\n<li>S\u00e1ch h\u01b0\u1edbng d\u1eabn s\u1eed d\u1ee5ng<\/li>\n<li>Kh\u1ed1i ABS ch\u1ea5t l\u01b0\u1ee3ng cao<\/li>\n<\/ul>","protected":false},"featured_media":18209,"comment_status":"open","ping_status":"closed","template":"","meta":{"_acf_changed":false},"product_cat":[],"product_tag":[],"class_list":["product","first","outofstock","shipping-taxable","purchasable","product-type-variable","has-default-attributes"],"acf":[],"_links":{"self":[{"href":"https:\/\/mouldking.store\/vi\/wp-json\/wp\/v2\/product\/18208","targetHints":{"allow":["GET"]}}],"collection":[{"href":"https:\/\/mouldking.store\/vi\/wp-json\/wp\/v2\/product"}],"about":[{"href":"https:\/\/mouldking.store\/vi\/wp-json\/wp\/v2\/types\/product"}],"replies":[{"embeddable":true,"href":"https:\/\/mouldking.store\/vi\/wp-json\/wp\/v2\/comments?post=18208"}],"wp:featuredmedia":[{"embeddable":true,"href":"https:\/\/mouldking.store\/vi\/wp-json\/wp\/v2\/media\/18209"}],"wp:attachment":[{"href":"https:\/\/mouldking.store\/vi\/wp-json\/wp\/v2\/media?parent=18208"}],"wp:term":[{"taxonomy":"product_cat","embeddable":true,"href":"https:\/\/mouldking.store\/vi\/wp-json\/wp\/v2\/product_cat?post=18208"},{"taxonomy":"product_tag","embeddable":true,"href":"https:\/\/mouldking.store\/vi\/wp-json\/wp\/v2\/product_tag?post=18208"}],"curies":[{"name":"wp","href":"https:\/\/api.w.org\/{rel}","templated":true}]}}