{"id":18240,"date":"2021-09-28T03:57:40","date_gmt":"2021-09-28T03:57:40","guid":{"rendered":"https:\/\/mouldking.store\/product\/lej-50029-mclaren-720s-super-car-8015029"},"modified":"2021-12-23T09:50:47","modified_gmt":"2021-12-23T09:50:47","slug":"lej-50029-mclaren-720s-super-car","status":"publish","type":"product","link":"https:\/\/mouldking.store\/vi\/shop\/lej-50029-mclaren-720s-super-car\/","title":{"rendered":"Si\u00eau xe LEJ 50029 McLaren 720S"},"content":{"rendered":"<p style=\"text-align: left;\">Si\u00eau xe LEJ 50029 McLaren 720S thu\u1ed9c b\u1ed9 kh\u1ed1i x\u00e2y d\u1ef1ng s\u00ea-ri c\u1ee7a nh\u00f3m c\u01a1 kh\u00ed, to\u00e0n b\u1ed9 b\u1ed9 ch\u1ee9a 1128 h\u1ea1t kh\u1ed1i x\u00e2y d\u1ef1ng. L\u1ea7n \u0111\u1ea7u ti\u00ean \u0111\u01b0\u1ee3c ph\u00e1t h\u00e0nh v\u00e0o n\u0103m 2021.<\/p>\n<p><a href=\"https:\/\/pay.lpwstore.com\/wp-content\/uploads\/2021\/05\/lej-50029-mclaren-720s-super-car-210548.jpg\" target=\"_blank\" rel=\"noopener\"><img fetchpriority=\"high\" decoding=\"async\" class=\"aligncenter wp-image-207049 size-full\" src=\"https:\/\/pay.lpwstore.com\/wp-content\/uploads\/2021\/05\/lej-50029-mclaren-720s-super-car-210548.jpg\" alt=\"LEJ 50029 McLaren 720S Super Car\" width=\"800\" height=\"800\" title=\"-\"><\/a> <img decoding=\"async\" class=\"alignnone size-full wp-image-207050 aligncenter\" src=\"https:\/\/pay.lpwstore.com\/wp-content\/uploads\/2021\/05\/lej-50029-mclaren-720s-super-car-210554.jpg\" alt=\"LEJ 50029 McLaren 720S Super Car\" width=\"800\" height=\"800\" title=\"-\"> <img decoding=\"async\" class=\"alignnone size-full wp-image-207051 aligncenter\" src=\"https:\/\/pay.lpwstore.com\/wp-content\/uploads\/2021\/05\/lej-50029-mclaren-720s-super-car-210607.jpg\" alt=\"LEJ 50029 McLaren 720S Super Car\" width=\"800\" height=\"800\" title=\"-\"> <img loading=\"lazy\" decoding=\"async\" class=\"alignnone size-full wp-image-207052 aligncenter\" src=\"https:\/\/pay.lpwstore.com\/wp-content\/uploads\/2021\/05\/lej-50029-mclaren-720s-super-car-210615.jpg\" alt=\"LEJ 50029 McLaren 720S Super Car\" width=\"800\" height=\"800\" title=\"-\"> <img loading=\"lazy\" decoding=\"async\" class=\"alignnone size-full wp-image-207053 aligncenter\" src=\"https:\/\/pay.lpwstore.com\/wp-content\/uploads\/2021\/05\/LEJ-50029-McLaren-720S-Super-Car-10.jpg\" alt=\"LEJ-50029-McLaren-720S-Super-Car-10\" width=\"800\" height=\"800\" title=\"-\"><\/p>","protected":false},"excerpt":{"rendered":"<ul>\n<li>Bao g\u1ed3m <strong>1128+<\/strong> chi\u1ebfc<\/li>\n<li>S\u00e1ch h\u01b0\u1edbng d\u1eabn s\u1eed d\u1ee5ng<\/li>\n<li>Kh\u1ed1i ABS ch\u1ea5t l\u01b0\u1ee3ng cao<\/li>\n<\/ul>","protected":false},"featured_media":18241,"comment_status":"open","ping_status":"closed","template":"","meta":{"_acf_changed":false},"product_cat":[],"product_tag":[],"class_list":["product","first","instock","shipping-taxable","purchasable","product-type-simple"],"acf":[],"_links":{"self":[{"href":"https:\/\/mouldking.store\/vi\/wp-json\/wp\/v2\/product\/18240","targetHints":{"allow":["GET"]}}],"collection":[{"href":"https:\/\/mouldking.store\/vi\/wp-json\/wp\/v2\/product"}],"about":[{"href":"https:\/\/mouldking.store\/vi\/wp-json\/wp\/v2\/types\/product"}],"replies":[{"embeddable":true,"href":"https:\/\/mouldking.store\/vi\/wp-json\/wp\/v2\/comments?post=18240"}],"wp:featuredmedia":[{"embeddable":true,"href":"https:\/\/mouldking.store\/vi\/wp-json\/wp\/v2\/media\/18241"}],"wp:attachment":[{"href":"https:\/\/mouldking.store\/vi\/wp-json\/wp\/v2\/media?parent=18240"}],"wp:term":[{"taxonomy":"product_cat","embeddable":true,"href":"https:\/\/mouldking.store\/vi\/wp-json\/wp\/v2\/product_cat?post=18240"},{"taxonomy":"product_tag","embeddable":true,"href":"https:\/\/mouldking.store\/vi\/wp-json\/wp\/v2\/product_tag?post=18240"}],"curies":[{"name":"wp","href":"https:\/\/api.w.org\/{rel}","templated":true}]}}