{"id":18265,"date":"2021-09-28T03:58:01","date_gmt":"2021-09-28T03:58:01","guid":{"rendered":"https:\/\/mouldking.store\/product\/18k-k132-lamborghini-hurricane-super-car-2448347"},"modified":"2021-12-23T09:50:47","modified_gmt":"2021-12-23T09:50:47","slug":"18k-k132-lamborghini-hurricane-super-car","status":"publish","type":"product","link":"https:\/\/mouldking.store\/vi\/shop\/18k-k132-lamborghini-hurricane-super-car\/","title":{"rendered":"Si\u00eau xe Lamborghini Hurricane 18K K132"},"content":{"rendered":"<p>Si\u00eau xe Lamborghini Hurricane 18K K132 l\u00e0 m\u1ed9t b\u1ed9 s\u01b0u t\u1eadp k\u1ef9 thu\u1eadt. 18K K132 \u0111i k\u00e8m v\u1edbi h\u01b0\u1edbng d\u1eabn th\u1ee7 c\u00f4ng, d\u1ec5 d\u00e0ng x\u00e2y d\u1ef1ng v\u00e0 t\u00ecm c\u00e1c ph\u1ea7n c\u00f2n thi\u1ebfu. B\u1ed9 g\u1ed3m 2285 mi\u1ebfng, ph\u00e1t h\u00e0nh l\u1ea7n \u0111\u1ea7u v\u00e0o n\u0103m 2021.<\/p>\n<figure id=\"attachment_207227\" aria-describedby=\"caption-attachment-207227\" style=\"width: 800px\" class=\"wp-caption aligncenter\"><a href=\"https:\/\/pay.lpwstore.com\/wp-content\/uploads\/2021\/05\/18k-k132-lamborghini-hurricane-super-car-212521.jpg\" target=\"_blank\" rel=\"noopener\"><img fetchpriority=\"high\" decoding=\"async\" class=\"wp-image-207227 size-full\" title=\"Si\u00eau xe Lamborghini Hurricane 18K K132\" src=\"https:\/\/pay.lpwstore.com\/wp-content\/uploads\/2021\/05\/18k-k132-lamborghini-hurricane-super-car-212521.jpg\" alt=\"18K K132 Lamborghini Hurricane Super Car\" width=\"800\" height=\"800\" \/><\/a><figcaption id=\"caption-attachment-207227\" class=\"wp-caption-text\">Si\u00eau xe Lamborghini Hurricane 18K K132<\/figcaption><\/figure>\n<figure id=\"attachment_207228\" aria-describedby=\"caption-attachment-207228\" style=\"width: 800px\" class=\"wp-caption aligncenter\"><img decoding=\"async\" class=\"size-full wp-image-207228\" title=\"Si\u00eau xe Lamborghini Hurricane 18K K132\" src=\"https:\/\/pay.lpwstore.com\/wp-content\/uploads\/2021\/05\/18k-k132-lamborghini-hurricane-super-car-212532.jpg\" alt=\"18K K132 Lamborghini Hurricane Super Car\" width=\"800\" height=\"800\" \/><figcaption id=\"caption-attachment-207228\" class=\"wp-caption-text\">Si\u00eau xe Lamborghini Hurricane 18K K132<\/figcaption><\/figure>\n<figure id=\"attachment_207229\" aria-describedby=\"caption-attachment-207229\" style=\"width: 800px\" class=\"wp-caption aligncenter\"><img decoding=\"async\" class=\"size-full wp-image-207229\" title=\"Si\u00eau xe Lamborghini Hurricane 18K K132\" src=\"https:\/\/pay.lpwstore.com\/wp-content\/uploads\/2021\/05\/18k-k132-lamborghini-hurricane-super-car-212540.jpg\" alt=\"18K K132 Lamborghini Hurricane Super Car\" width=\"800\" height=\"800\" \/><figcaption id=\"caption-attachment-207229\" class=\"wp-caption-text\">Si\u00eau xe Lamborghini Hurricane 18K K132<\/figcaption><\/figure>\n<figure id=\"attachment_207230\" aria-describedby=\"caption-attachment-207230\" style=\"width: 800px\" class=\"wp-caption aligncenter\"><img loading=\"lazy\" decoding=\"async\" class=\"size-full wp-image-207230\" title=\"Si\u00eau xe Lamborghini Hurricane 18K K132\" src=\"https:\/\/pay.lpwstore.com\/wp-content\/uploads\/2021\/05\/18k-k132-lamborghini-hurricane-super-car-212549.jpg\" alt=\"18K K132 Lamborghini Hurricane Super Car\" width=\"800\" height=\"800\" \/><figcaption id=\"caption-attachment-207230\" class=\"wp-caption-text\">Si\u00eau xe Lamborghini Hurricane 18K K132<\/figcaption><\/figure>\n<figure id=\"attachment_207231\" aria-describedby=\"caption-attachment-207231\" style=\"width: 800px\" class=\"wp-caption aligncenter\"><img loading=\"lazy\" decoding=\"async\" class=\"size-full wp-image-207231\" title=\"Si\u00eau xe Lamborghini Hurricane 18K K132\" src=\"https:\/\/pay.lpwstore.com\/wp-content\/uploads\/2021\/05\/18k-k132-lamborghini-hurricane-super-car-212556.jpg\" alt=\"18K K132 Lamborghini Hurricane Super Car\" width=\"800\" height=\"800\" \/><figcaption id=\"caption-attachment-207231\" class=\"wp-caption-text\">Si\u00eau xe Lamborghini Hurricane 18K K132<\/figcaption><\/figure>","protected":false},"excerpt":{"rendered":"<ul>\n<li>Bao g\u1ed3m<strong> 2285+<\/strong> chi\u1ebfc<\/li>\n<li>S\u00e1ch h\u01b0\u1edbng d\u1eabn s\u1eed d\u1ee5ng<\/li>\n<li>Kh\u1ed1i ABS ch\u1ea5t l\u01b0\u1ee3ng cao<\/li>\n<li>Kh\u00f4ng c\u00f3 h\u1ed9p ban \u0111\u1ea7u<\/li>\n<\/ul>","protected":false},"featured_media":18266,"comment_status":"open","ping_status":"closed","template":"","meta":{"_acf_changed":false},"product_cat":[],"product_tag":[],"class_list":["product","first","instock","shipping-taxable","purchasable","product-type-simple"],"acf":[],"_links":{"self":[{"href":"https:\/\/mouldking.store\/vi\/wp-json\/wp\/v2\/product\/18265","targetHints":{"allow":["GET"]}}],"collection":[{"href":"https:\/\/mouldking.store\/vi\/wp-json\/wp\/v2\/product"}],"about":[{"href":"https:\/\/mouldking.store\/vi\/wp-json\/wp\/v2\/types\/product"}],"replies":[{"embeddable":true,"href":"https:\/\/mouldking.store\/vi\/wp-json\/wp\/v2\/comments?post=18265"}],"wp:featuredmedia":[{"embeddable":true,"href":"https:\/\/mouldking.store\/vi\/wp-json\/wp\/v2\/media\/18266"}],"wp:attachment":[{"href":"https:\/\/mouldking.store\/vi\/wp-json\/wp\/v2\/media?parent=18265"}],"wp:term":[{"taxonomy":"product_cat","embeddable":true,"href":"https:\/\/mouldking.store\/vi\/wp-json\/wp\/v2\/product_cat?post=18265"},{"taxonomy":"product_tag","embeddable":true,"href":"https:\/\/mouldking.store\/vi\/wp-json\/wp\/v2\/product_tag?post=18265"}],"curies":[{"name":"wp","href":"https:\/\/api.w.org\/{rel}","templated":true}]}}