{"id":18310,"date":"2021-09-28T03:58:34","date_gmt":"2021-09-28T03:58:34","guid":{"rendered":"https:\/\/mouldking.store\/product\/tigaole-t3002-road-king-white-pickup-truck-5031676"},"modified":"2021-12-23T09:50:47","modified_gmt":"2021-12-23T09:50:47","slug":"tigaole-t3002-road-king-white-pickup-truck","status":"publish","type":"product","link":"https:\/\/mouldking.store\/vi\/shop\/tigaole-t3002-road-king-white-pickup-truck\/","title":{"rendered":"Xe b\u00e1n t\u1ea3i TIGAOLE T3002 Road King White"},"content":{"rendered":"<div class=\"richtext_wrap\">\n<div class=\"richtext\" style=\"text-align: left;\">Xe b\u00e1n t\u1ea3i TIGAOLE T3002 Road King White thu\u1ed9c b\u1ed9 kh\u1ed1i x\u00e2y d\u1ef1ng s\u00ea-ri nh\u00f3m c\u01a1 kh\u00ed, to\u00e0n b\u1ed9 b\u1ed9 ch\u1ee9a 452 h\u1ea1t kh\u1ed1i x\u00e2y d\u1ef1ng. L\u1ea7n \u0111\u1ea7u ti\u00ean \u0111\u01b0\u1ee3c ph\u00e1t h\u00e0nh v\u00e0o n\u0103m 2021.<\/div>\n<\/div>\n<div style=\"text-align: center;\">\n<figure id=\"attachment_207398\" aria-describedby=\"caption-attachment-207398\" style=\"width: 800px\" class=\"wp-caption aligncenter\"><a href=\"https:\/\/pay.lpwstore.com\/wp-content\/uploads\/2021\/05\/TIGAOLE-T3002-Road-King-White-Pickup-Truck.jpg\" target=\"_blank\" rel=\"noopener\"><img fetchpriority=\"high\" decoding=\"async\" class=\"wp-image-207398 size-full\" title=\"Xe b\u00e1n t\u1ea3i TIGAOLE T3002 Road King White\" src=\"https:\/\/pay.lpwstore.com\/wp-content\/uploads\/2021\/05\/TIGAOLE-T3002-Road-King-White-Pickup-Truck.jpg\" alt=\"TIGAOLE T3002 Road King White Pickup Truck\" width=\"800\" height=\"800\" \/><\/a><figcaption id=\"caption-attachment-207398\" class=\"wp-caption-text\">Xe b\u00e1n t\u1ea3i TIGAOLE T3002 Road King White<\/figcaption><\/figure>\n<p><img decoding=\"async\" class=\"alignnone size-full wp-image-207399\" src=\"https:\/\/pay.lpwstore.com\/wp-content\/uploads\/2021\/05\/TIGAOLE-T3002-Road-King-White-Pickup-Truck-2.jpg\" alt=\"-\" width=\"800\" height=\"800\" title=\"-\"> <img decoding=\"async\" class=\"alignnone size-full wp-image-207400\" src=\"https:\/\/pay.lpwstore.com\/wp-content\/uploads\/2021\/05\/TIGAOLE-T3002-Road-King-White-Pickup-Truck-3.jpg\" alt=\"-\" width=\"800\" height=\"800\" title=\"-\"> <img loading=\"lazy\" decoding=\"async\" class=\"alignnone size-full wp-image-207401\" src=\"https:\/\/pay.lpwstore.com\/wp-content\/uploads\/2021\/05\/TIGAOLE-T3002-Road-King-White-Pickup-Truck-4.jpg\" alt=\"-\" width=\"800\" height=\"800\" title=\"-\"><\/div>\n<div style=\"text-align: center;\">\n<figure id=\"attachment_207396\" aria-describedby=\"caption-attachment-207396\" style=\"width: 800px\" class=\"wp-caption aligncenter\"><img loading=\"lazy\" decoding=\"async\" class=\"size-full wp-image-207396\" title=\"Xe b\u00e1n t\u1ea3i TIGAOLE T3002 Road King White\" src=\"https:\/\/pay.lpwstore.com\/wp-content\/uploads\/2021\/05\/tigaole-t3002-road-king-white-pickup-truck-214517.jpg\" alt=\"TIGAOLE T3002 Road King White Pickup Truck\" width=\"800\" height=\"800\" \/><figcaption id=\"caption-attachment-207396\" class=\"wp-caption-text\">Xe b\u00e1n t\u1ea3i TIGAOLE T3002 Road King White<\/figcaption><\/figure>\n<\/div>\n<div style=\"text-align: center;\">\n<figure id=\"attachment_207397\" aria-describedby=\"caption-attachment-207397\" style=\"width: 800px\" class=\"wp-caption aligncenter\"><img loading=\"lazy\" decoding=\"async\" class=\"size-full wp-image-207397\" title=\"Xe b\u00e1n t\u1ea3i TIGAOLE T3002 Road King White\" src=\"https:\/\/pay.lpwstore.com\/wp-content\/uploads\/2021\/05\/tigaole-t3002-road-king-white-pickup-truck-214521.jpg\" alt=\"TIGAOLE T3002 Road King White Pickup Truck\" width=\"800\" height=\"800\" \/><figcaption id=\"caption-attachment-207397\" class=\"wp-caption-text\">Xe b\u00e1n t\u1ea3i TIGAOLE T3002 Road King White<\/figcaption><\/figure>\n<\/div>\n<div style=\"text-align: center;\"><\/div>\n<div style=\"text-align: center;\"><\/div>","protected":false},"excerpt":{"rendered":"<ul>\n<li>Bao g\u1ed3m\u00a0<strong>452+<\/strong>\u00a0chi\u1ebfc<\/li>\n<li>S\u00e1ch h\u01b0\u1edbng d\u1eabn s\u1eed d\u1ee5ng<\/li>\n<li>Kh\u1ed1i ABS ch\u1ea5t l\u01b0\u1ee3ng cao<\/li>\n<li>Kh\u00f4ng c\u00f3 h\u1ed9p ban \u0111\u1ea7u<\/li>\n<\/ul>","protected":false},"featured_media":18311,"comment_status":"open","ping_status":"closed","template":"","meta":{"_acf_changed":false},"product_cat":[],"product_tag":[],"class_list":["product","first","instock","shipping-taxable","purchasable","product-type-simple"],"acf":[],"_links":{"self":[{"href":"https:\/\/mouldking.store\/vi\/wp-json\/wp\/v2\/product\/18310","targetHints":{"allow":["GET"]}}],"collection":[{"href":"https:\/\/mouldking.store\/vi\/wp-json\/wp\/v2\/product"}],"about":[{"href":"https:\/\/mouldking.store\/vi\/wp-json\/wp\/v2\/types\/product"}],"replies":[{"embeddable":true,"href":"https:\/\/mouldking.store\/vi\/wp-json\/wp\/v2\/comments?post=18310"}],"wp:featuredmedia":[{"embeddable":true,"href":"https:\/\/mouldking.store\/vi\/wp-json\/wp\/v2\/media\/18311"}],"wp:attachment":[{"href":"https:\/\/mouldking.store\/vi\/wp-json\/wp\/v2\/media?parent=18310"}],"wp:term":[{"taxonomy":"product_cat","embeddable":true,"href":"https:\/\/mouldking.store\/vi\/wp-json\/wp\/v2\/product_cat?post=18310"},{"taxonomy":"product_tag","embeddable":true,"href":"https:\/\/mouldking.store\/vi\/wp-json\/wp\/v2\/product_tag?post=18310"}],"curies":[{"name":"wp","href":"https:\/\/api.w.org\/{rel}","templated":true}]}}