{"id":18327,"date":"2021-09-28T03:58:40","date_gmt":"2021-09-28T03:58:40","guid":{"rendered":"https:\/\/mouldking.store\/product\/panlos-628008-super-huge-set-kari-carronade-9888065"},"modified":"2021-12-23T09:50:47","modified_gmt":"2021-12-23T09:50:47","slug":"panlos-628008-super-huge-set-kari-carronade","status":"publish","type":"product","link":"https:\/\/mouldking.store\/vi\/shop\/panlos-628008-super-huge-set-kari-carronade\/","title":{"rendered":"PANLOS 628008 B\u1ed9 Si\u00eau L\u1edbn KARI CARRONADE"},"content":{"rendered":"<p>B\u1ed9 x\u1ebfp h\u00ecnh si\u00eau kh\u1ed5ng l\u1ed3 PANLOS 628008 KARI CARRONADE thu\u1ed9c b\u1ed9 x\u1ebfp h\u00ecnh kh\u1ed1i qu\u00e2n s\u1ef1, tr\u1ecdn b\u1ed9 g\u1ed3m 4158 h\u1ea1t x\u1ebfp h\u00ecnh. L\u1ea7n \u0111\u1ea7u ti\u00ean \u0111\u01b0\u1ee3c ph\u00e1t h\u00e0nh v\u00e0o n\u0103m 2021.<\/p>\n<figure id=\"attachment_207494\" aria-describedby=\"caption-attachment-207494\" style=\"width: 847px\" class=\"wp-caption aligncenter\"><a href=\"https:\/\/pay.lpwstore.com\/wp-content\/uploads\/2021\/05\/panlos-628008-super-huge-set-kari-carronade-100237.jpg\" target=\"_blank\" rel=\"noopener\"><img fetchpriority=\"high\" decoding=\"async\" class=\"wp-image-207494 size-full\" title=\"PANLOS 628008 B\u1ed9 Si\u00eau L\u1edbn KARI CARRONADE\" src=\"https:\/\/pay.lpwstore.com\/wp-content\/uploads\/2021\/05\/panlos-628008-super-huge-set-kari-carronade-100237.jpg\" alt=\"PANLOS 628008 Super Huge Set KARI CARRONADE\" width=\"847\" height=\"847\" \/><\/a><figcaption id=\"caption-attachment-207494\" class=\"wp-caption-text\">PANLOS 628008 B\u1ed9 Si\u00eau L\u1edbn KARI CARRONADE<\/figcaption><\/figure>","protected":false},"excerpt":{"rendered":"<p><span style=\"font-size: 150%; color: #ff0000;\"><strong>B\u00c1N TR\u01af\u1edaC!<\/strong><\/span><\/p>\n<ul>\n<li>Bao g\u1ed3m\u00a0<strong>4158+<\/strong>\u00a0chi\u1ebfc<\/li>\n<li>S\u00e1ch h\u01b0\u1edbng d\u1eabn s\u1eed d\u1ee5ng<\/li>\n<li>Kh\u1ed1i ABS ch\u1ea5t l\u01b0\u1ee3ng cao<\/li>\n<li>Kh\u00f4ng c\u00f3 h\u1ed9p ban \u0111\u1ea7u<\/li>\n<\/ul>","protected":false},"featured_media":18328,"comment_status":"open","ping_status":"closed","template":"","meta":{"_acf_changed":false},"product_cat":[372],"product_tag":[],"class_list":["product","first","instock","shipping-taxable","purchasable","product-type-simple"],"acf":[],"_links":{"self":[{"href":"https:\/\/mouldking.store\/vi\/wp-json\/wp\/v2\/product\/18327","targetHints":{"allow":["GET"]}}],"collection":[{"href":"https:\/\/mouldking.store\/vi\/wp-json\/wp\/v2\/product"}],"about":[{"href":"https:\/\/mouldking.store\/vi\/wp-json\/wp\/v2\/types\/product"}],"replies":[{"embeddable":true,"href":"https:\/\/mouldking.store\/vi\/wp-json\/wp\/v2\/comments?post=18327"}],"wp:featuredmedia":[{"embeddable":true,"href":"https:\/\/mouldking.store\/vi\/wp-json\/wp\/v2\/media\/18328"}],"wp:attachment":[{"href":"https:\/\/mouldking.store\/vi\/wp-json\/wp\/v2\/media?parent=18327"}],"wp:term":[{"taxonomy":"product_cat","embeddable":true,"href":"https:\/\/mouldking.store\/vi\/wp-json\/wp\/v2\/product_cat?post=18327"},{"taxonomy":"product_tag","embeddable":true,"href":"https:\/\/mouldking.store\/vi\/wp-json\/wp\/v2\/product_tag?post=18327"}],"curies":[{"name":"wp","href":"https:\/\/api.w.org\/{rel}","templated":true}]}}