{"id":18365,"date":"2021-09-28T03:59:18","date_gmt":"2021-09-28T03:59:18","guid":{"rendered":"https:\/\/mouldking.store\/product\/tigaole-t2001-toyota-j40-off-road-pull-back-car-1815795"},"modified":"2021-12-23T09:50:45","modified_gmt":"2021-12-23T09:50:45","slug":"tigaole-t2001-toyota-j40-off-road-pull-back-car","status":"publish","type":"product","link":"https:\/\/mouldking.store\/vi\/shop\/tigaole-t2001-toyota-j40-off-road-pull-back-car\/","title":{"rendered":"Xe \u0111\u1ecba h\u00ecnh TIGAOLE T2001 Toyota J40 k\u00e9o l\u00f9i"},"content":{"rendered":"<p>Xe \u0111\u1ecba h\u00ecnh TIGAOLE T2001 Toyota J40 thu\u1ed9c d\u00f2ng xe kh\u1ed1i c\u01a1 kh\u00ed. To\u00e0n b\u1ed9 b\u1ed9 g\u1ed3m 880 kh\u1ed1i. Ra m\u1eaft l\u1ea7n \u0111\u1ea7u ti\u00ean v\u00e0o n\u0103m 2021.<\/p>\n<figure id=\"attachment_207536\" aria-describedby=\"caption-attachment-207536\" style=\"width: 800px\" class=\"wp-caption aligncenter\"><a href=\"https:\/\/pay.lpwstore.com\/wp-content\/uploads\/2021\/05\/tigaole-t2001-toyota-j40-off-road-pull-back-car-210851.jpg\" target=\"_blank\" rel=\"noopener\"><img fetchpriority=\"high\" decoding=\"async\" class=\"wp-image-207536 size-full\" title=\"Xe \u0111\u1ecba h\u00ecnh TIGAOLE T2001 Toyota J40 k\u00e9o l\u00f9i\" src=\"https:\/\/pay.lpwstore.com\/wp-content\/uploads\/2021\/05\/tigaole-t2001-toyota-j40-off-road-pull-back-car-210851.jpg\" alt=\"TIGAOLE T2001 Toyota J40 Off-road Pull Back Car\" width=\"800\" height=\"800\" \/><\/a><figcaption id=\"caption-attachment-207536\" class=\"wp-caption-text\">Xe \u0111\u1ecba h\u00ecnh TIGAOLE T2001 Toyota J40 k\u00e9o l\u00f9i<\/figcaption><\/figure>\n<figure id=\"attachment_207537\" aria-describedby=\"caption-attachment-207537\" style=\"width: 800px\" class=\"wp-caption aligncenter\"><img decoding=\"async\" class=\"size-full wp-image-207537\" title=\"Xe \u0111\u1ecba h\u00ecnh TIGAOLE T2001 Toyota J40 k\u00e9o l\u00f9i\" src=\"https:\/\/pay.lpwstore.com\/wp-content\/uploads\/2021\/05\/tigaole-t2001-toyota-j40-off-road-pull-back-car-210855.jpg\" alt=\"TIGAOLE T2001 Toyota J40 Off-road Pull Back Car\" width=\"800\" height=\"800\" \/><figcaption id=\"caption-attachment-207537\" class=\"wp-caption-text\">Xe \u0111\u1ecba h\u00ecnh TIGAOLE T2001 Toyota J40 k\u00e9o l\u00f9i<\/figcaption><\/figure>\n<figure id=\"attachment_207538\" aria-describedby=\"caption-attachment-207538\" style=\"width: 800px\" class=\"wp-caption aligncenter\"><img decoding=\"async\" class=\"size-full wp-image-207538\" title=\"Xe \u0111\u1ecba h\u00ecnh TIGAOLE T2001 Toyota J40 k\u00e9o l\u00f9i\" src=\"https:\/\/pay.lpwstore.com\/wp-content\/uploads\/2021\/05\/tigaole-t2001-toyota-j40-off-road-pull-back-car-210859.jpg\" alt=\"TIGAOLE T2001 Toyota J40 Off-road Pull Back Car\" width=\"800\" height=\"800\" \/><figcaption id=\"caption-attachment-207538\" class=\"wp-caption-text\">Xe \u0111\u1ecba h\u00ecnh TIGAOLE T2001 Toyota J40 k\u00e9o l\u00f9i<\/figcaption><\/figure>\n<figure id=\"attachment_207539\" aria-describedby=\"caption-attachment-207539\" style=\"width: 800px\" class=\"wp-caption aligncenter\"><img loading=\"lazy\" decoding=\"async\" class=\"size-full wp-image-207539\" title=\"Xe \u0111\u1ecba h\u00ecnh TIGAOLE T2001 Toyota J40 k\u00e9o l\u00f9i\" src=\"https:\/\/pay.lpwstore.com\/wp-content\/uploads\/2021\/05\/tigaole-t2001-toyota-j40-off-road-pull-back-car-210903.png\" alt=\"TIGAOLE T2001 Toyota J40 Off-road Pull Back Car\" width=\"800\" height=\"800\" \/><figcaption id=\"caption-attachment-207539\" class=\"wp-caption-text\">Xe \u0111\u1ecba h\u00ecnh TIGAOLE T2001 Toyota J40 k\u00e9o l\u00f9i<\/figcaption><\/figure>\n<figure id=\"attachment_207540\" aria-describedby=\"caption-attachment-207540\" style=\"width: 800px\" class=\"wp-caption aligncenter\"><img loading=\"lazy\" decoding=\"async\" class=\"size-full wp-image-207540\" title=\"Xe \u0111\u1ecba h\u00ecnh TIGAOLE T2001 Toyota J40 k\u00e9o l\u00f9i\" src=\"https:\/\/pay.lpwstore.com\/wp-content\/uploads\/2021\/05\/tigaole-t2001-toyota-j40-off-road-pull-back-car-210906.jpg\" alt=\"TIGAOLE T2001 Toyota J40 Off-road Pull Back Car\" width=\"800\" height=\"800\" \/><figcaption id=\"caption-attachment-207540\" class=\"wp-caption-text\">Xe \u0111\u1ecba h\u00ecnh TIGAOLE T2001 Toyota J40 k\u00e9o l\u00f9i<\/figcaption><\/figure>","protected":false},"excerpt":{"rendered":"<ul>\n<li>Bao g\u1ed3m <strong>880+\u00a0<\/strong>\u00a0chi\u1ebfc<\/li>\n<li>S\u00e1ch h\u01b0\u1edbng d\u1eabn s\u1eed d\u1ee5ng<\/li>\n<li>Kh\u1ed1i ABS ch\u1ea5t l\u01b0\u1ee3ng cao<\/li>\n<li>Kh\u00f4ng c\u00f3 h\u1ed9p ban \u0111\u1ea7u<\/li>\n<\/ul>","protected":false},"featured_media":18366,"comment_status":"open","ping_status":"closed","template":"","meta":{"_acf_changed":false},"product_cat":[],"product_tag":[],"class_list":["product","first","instock","shipping-taxable","purchasable","product-type-simple"],"acf":[],"_links":{"self":[{"href":"https:\/\/mouldking.store\/vi\/wp-json\/wp\/v2\/product\/18365","targetHints":{"allow":["GET"]}}],"collection":[{"href":"https:\/\/mouldking.store\/vi\/wp-json\/wp\/v2\/product"}],"about":[{"href":"https:\/\/mouldking.store\/vi\/wp-json\/wp\/v2\/types\/product"}],"replies":[{"embeddable":true,"href":"https:\/\/mouldking.store\/vi\/wp-json\/wp\/v2\/comments?post=18365"}],"wp:featuredmedia":[{"embeddable":true,"href":"https:\/\/mouldking.store\/vi\/wp-json\/wp\/v2\/media\/18366"}],"wp:attachment":[{"href":"https:\/\/mouldking.store\/vi\/wp-json\/wp\/v2\/media?parent=18365"}],"wp:term":[{"taxonomy":"product_cat","embeddable":true,"href":"https:\/\/mouldking.store\/vi\/wp-json\/wp\/v2\/product_cat?post=18365"},{"taxonomy":"product_tag","embeddable":true,"href":"https:\/\/mouldking.store\/vi\/wp-json\/wp\/v2\/product_tag?post=18365"}],"curies":[{"name":"wp","href":"https:\/\/api.w.org\/{rel}","templated":true}]}}