{"id":18415,"date":"2021-09-28T03:59:59","date_gmt":"2021-09-27T20:59:59","guid":{"rendered":"https:\/\/mouldking.store\/product\/panlos-670014-mp5a5-submachine-gun-7723114"},"modified":"2023-08-07T16:35:56","modified_gmt":"2023-08-07T09:35:56","slug":"panlos-670014-mp5a5-submachine-gun","status":"publish","type":"product","link":"https:\/\/mouldking.store\/vi\/shop\/panlos-670014-mp5a5-submachine-gun\/","title":{"rendered":"S\u00fang ti\u1ec3u li\u00ean PANLOS 670014 MP5A5"},"content":{"rendered":"<p>S\u00fang ti\u1ec3u li\u00ean PANLOS 670014 MP5A5 thu\u1ed9c b\u1ed9 kh\u1ed1i x\u00e2y d\u1ef1ng s\u00ea-ri nh\u00f3m c\u01a1 kh\u00ed, c\u1ea3 b\u1ed9 ch\u1ee9a 1013 h\u1ea1t kh\u1ed1i x\u00e2y d\u1ef1ng. L\u1ea7n \u0111\u1ea7u ti\u00ean \u0111\u01b0\u1ee3c ph\u00e1t h\u00e0nh v\u00e0o n\u0103m 2021.<\/p>\n<figure id=\"attachment_207666\" aria-describedby=\"caption-attachment-207666\" style=\"width: 800px\" class=\"wp-caption aligncenter\"><a href=\"https:\/\/pay.lpwstore.com\/wp-content\/uploads\/2021\/06\/panlos-670014-mp5a5-submachine-gun-104559.jpg\" target=\"_blank\" rel=\"noopener\"><img fetchpriority=\"high\" decoding=\"async\" class=\"wp-image-207666 size-full\" title=\"S\u00fang ti\u1ec3u li\u00ean PANLOS 670014 MP5A5\" src=\"https:\/\/pay.lpwstore.com\/wp-content\/uploads\/2021\/06\/panlos-670014-mp5a5-submachine-gun-104559.jpg\" alt=\"PANLOS 670014 MP5A5 Submachine Gun\" width=\"800\" height=\"800\" \/><\/a><figcaption id=\"caption-attachment-207666\" class=\"wp-caption-text\">S\u00fang ti\u1ec3u li\u00ean PANLOS 670014 MP5A5<\/figcaption><\/figure>\n<figure id=\"attachment_207667\" aria-describedby=\"caption-attachment-207667\" style=\"width: 800px\" class=\"wp-caption aligncenter\"><img decoding=\"async\" class=\"size-full wp-image-207667\" title=\"S\u00fang ti\u1ec3u li\u00ean PANLOS 670014 MP5A5\" src=\"https:\/\/pay.lpwstore.com\/wp-content\/uploads\/2021\/06\/panlos-670014-mp5a5-submachine-gun-104607.jpg\" alt=\"PANLOS 670014 MP5A5 Submachine Gun\" width=\"800\" height=\"800\" \/><figcaption id=\"caption-attachment-207667\" class=\"wp-caption-text\">S\u00fang ti\u1ec3u li\u00ean PANLOS 670014 MP5A5<\/figcaption><\/figure>\n<figure id=\"attachment_207668\" aria-describedby=\"caption-attachment-207668\" style=\"width: 800px\" class=\"wp-caption aligncenter\"><img decoding=\"async\" class=\"size-full wp-image-207668\" title=\"S\u00fang ti\u1ec3u li\u00ean PANLOS 670014 MP5A5\" src=\"https:\/\/pay.lpwstore.com\/wp-content\/uploads\/2021\/06\/panlos-670014-mp5a5-submachine-gun-104620.jpg\" alt=\"PANLOS 670014 MP5A5 Submachine Gun\" width=\"800\" height=\"800\" \/><figcaption id=\"caption-attachment-207668\" class=\"wp-caption-text\">S\u00fang ti\u1ec3u li\u00ean PANLOS 670014 MP5A5<\/figcaption><\/figure>\n<figure id=\"attachment_207669\" aria-describedby=\"caption-attachment-207669\" style=\"width: 800px\" class=\"wp-caption aligncenter\"><img loading=\"lazy\" decoding=\"async\" class=\"size-full wp-image-207669\" title=\"S\u00fang ti\u1ec3u li\u00ean PANLOS 670014 MP5A5\" src=\"https:\/\/pay.lpwstore.com\/wp-content\/uploads\/2021\/06\/panlos-670014-mp5a5-submachine-gun-104628.jpg\" alt=\"PANLOS 670014 MP5A5 Submachine Gun\" width=\"800\" height=\"800\" \/><figcaption id=\"caption-attachment-207669\" class=\"wp-caption-text\">S\u00fang ti\u1ec3u li\u00ean PANLOS 670014 MP5A5<\/figcaption><\/figure>","protected":false},"excerpt":{"rendered":"<ul>\n<li>Bao g\u1ed3m\u00a0<strong>1013+<\/strong>\u00a0chi\u1ebfc<\/li>\n<li>S\u00e1ch h\u01b0\u1edbng d\u1eabn s\u1eed d\u1ee5ng<\/li>\n<li>Kh\u1ed1i ABS ch\u1ea5t l\u01b0\u1ee3ng cao<\/li>\n<\/ul>","protected":false},"featured_media":18416,"comment_status":"open","ping_status":"closed","template":"","meta":{"_acf_changed":false},"product_cat":[372],"product_tag":[],"class_list":["product","first","outofstock","shipping-taxable","purchasable","product-type-simple"],"acf":[],"_links":{"self":[{"href":"https:\/\/mouldking.store\/vi\/wp-json\/wp\/v2\/product\/18415","targetHints":{"allow":["GET"]}}],"collection":[{"href":"https:\/\/mouldking.store\/vi\/wp-json\/wp\/v2\/product"}],"about":[{"href":"https:\/\/mouldking.store\/vi\/wp-json\/wp\/v2\/types\/product"}],"replies":[{"embeddable":true,"href":"https:\/\/mouldking.store\/vi\/wp-json\/wp\/v2\/comments?post=18415"}],"wp:featuredmedia":[{"embeddable":true,"href":"https:\/\/mouldking.store\/vi\/wp-json\/wp\/v2\/media\/18416"}],"wp:attachment":[{"href":"https:\/\/mouldking.store\/vi\/wp-json\/wp\/v2\/media?parent=18415"}],"wp:term":[{"taxonomy":"product_cat","embeddable":true,"href":"https:\/\/mouldking.store\/vi\/wp-json\/wp\/v2\/product_cat?post=18415"},{"taxonomy":"product_tag","embeddable":true,"href":"https:\/\/mouldking.store\/vi\/wp-json\/wp\/v2\/product_tag?post=18415"}],"curies":[{"name":"wp","href":"https:\/\/api.w.org\/{rel}","templated":true}]}}