{"id":18481,"date":"2021-09-28T04:00:56","date_gmt":"2021-09-28T04:00:56","guid":{"rendered":"https:\/\/mouldking.store\/product\/panlos-655002-bouquet-lilium-clove-bretschneidera-sinensis-pittosporum-8116384"},"modified":"2021-12-23T09:50:43","modified_gmt":"2021-12-23T09:50:43","slug":"panlos-655002-bouquet-lilium-clove-bretschneidera-sinensis-pittosporum","status":"publish","type":"product","link":"https:\/\/mouldking.store\/vi\/shop\/panlos-655002-bouquet-lilium-clove-bretschneidera-sinensis-pittosporum\/","title":{"rendered":"PANLOS 655002 B\u00f3 hoa Lilium \u0110inh h\u01b0\u01a1ng Bretschneidera Sinensis Pittosporum"},"content":{"rendered":"<p>PANLOS 655002 Bouquet Lilium Clove Bretschneidera Sinensis Pittosporum thu\u1ed9c b\u1ed9 kh\u1ed1i x\u00e2y d\u1ef1ng Creative series, c\u1ea3 b\u1ed9 ch\u1ee9a 1237 h\u1ea1t kh\u1ed1i x\u00e2y d\u1ef1ng. L\u1ea7n \u0111\u1ea7u ti\u00ean \u0111\u01b0\u1ee3c ph\u00e1t h\u00e0nh v\u00e0o n\u0103m 2021.<\/p>\n<figure id=\"attachment_207890\" aria-describedby=\"caption-attachment-207890\" style=\"width: 800px\" class=\"wp-caption aligncenter\"><a href=\"https:\/\/pay.lpwstore.com\/wp-content\/uploads\/2021\/06\/panlos-655002-bouquet-lilium-clove-bretschneidera-sinensis-pittosporum-220830.jpg\" target=\"_blank\" rel=\"noopener\"><img fetchpriority=\"high\" decoding=\"async\" class=\"wp-image-207890 size-full\" title=\"PANLOS 655002 B\u00f3 hoa Lilium \u0110inh h\u01b0\u01a1ng Bretschneidera Sinensis Pittosporum\" src=\"https:\/\/pay.lpwstore.com\/wp-content\/uploads\/2021\/06\/panlos-655002-bouquet-lilium-clove-bretschneidera-sinensis-pittosporum-220830.jpg\" alt=\"PANLOS 655002 Bouquet Lilium Clove Bretschneidera Sinensis Pittosporum\" width=\"800\" height=\"800\" \/><\/a><figcaption id=\"caption-attachment-207890\" class=\"wp-caption-text\">PANLOS 655002 B\u00f3 hoa Lilium \u0110inh h\u01b0\u01a1ng Bretschneidera Sinensis Pittosporum<\/figcaption><\/figure>\n<figure id=\"attachment_207891\" aria-describedby=\"caption-attachment-207891\" style=\"width: 800px\" class=\"wp-caption aligncenter\"><img decoding=\"async\" class=\"size-full wp-image-207891\" title=\"PANLOS 655002 B\u00f3 hoa Lilium \u0110inh h\u01b0\u01a1ng Bretschneidera Sinensis Pittosporum\" src=\"https:\/\/pay.lpwstore.com\/wp-content\/uploads\/2021\/06\/panlos-655002-bouquet-lilium-clove-bretschneidera-sinensis-pittosporum-220831.jpg\" alt=\"PANLOS 655002 Bouquet Lilium Clove Bretschneidera Sinensis Pittosporum\" width=\"800\" height=\"800\" \/><figcaption id=\"caption-attachment-207891\" class=\"wp-caption-text\">PANLOS 655002 B\u00f3 hoa Lilium \u0110inh h\u01b0\u01a1ng Bretschneidera Sinensis Pittosporum<\/figcaption><\/figure>\n<figure id=\"attachment_207892\" aria-describedby=\"caption-attachment-207892\" style=\"width: 800px\" class=\"wp-caption aligncenter\"><img decoding=\"async\" class=\"size-full wp-image-207892\" title=\"PANLOS 655002 B\u00f3 hoa Lilium \u0110inh h\u01b0\u01a1ng Bretschneidera Sinensis Pittosporum\" src=\"https:\/\/pay.lpwstore.com\/wp-content\/uploads\/2021\/06\/panlos-655002-bouquet-lilium-clove-bretschneidera-sinensis-pittosporum-220833.jpg\" alt=\"PANLOS 655002 Bouquet Lilium Clove Bretschneidera Sinensis Pittosporum\" width=\"800\" height=\"800\" \/><figcaption id=\"caption-attachment-207892\" class=\"wp-caption-text\">PANLOS 655002 B\u00f3 hoa Lilium \u0110inh h\u01b0\u01a1ng Bretschneidera Sinensis Pittosporum<\/figcaption><\/figure>\n<figure id=\"attachment_207893\" aria-describedby=\"caption-attachment-207893\" style=\"width: 800px\" class=\"wp-caption aligncenter\"><img loading=\"lazy\" decoding=\"async\" class=\"size-full wp-image-207893\" title=\"PANLOS 655002 B\u00f3 hoa Lilium \u0110inh h\u01b0\u01a1ng Bretschneidera Sinensis Pittosporum\" src=\"https:\/\/pay.lpwstore.com\/wp-content\/uploads\/2021\/06\/panlos-655002-bouquet-lilium-clove-bretschneidera-sinensis-pittosporum-220835.jpg\" alt=\"PANLOS 655002 Bouquet Lilium Clove Bretschneidera Sinensis Pittosporum\" width=\"800\" height=\"800\" \/><figcaption id=\"caption-attachment-207893\" class=\"wp-caption-text\">PANLOS 655002 B\u00f3 hoa Lilium \u0110inh h\u01b0\u01a1ng Bretschneidera Sinensis Pittosporum<\/figcaption><\/figure>\n<figure id=\"attachment_207894\" aria-describedby=\"caption-attachment-207894\" style=\"width: 800px\" class=\"wp-caption aligncenter\"><img loading=\"lazy\" decoding=\"async\" class=\"size-full wp-image-207894\" title=\"PANLOS 655002 B\u00f3 hoa Lilium \u0110inh h\u01b0\u01a1ng Bretschneidera Sinensis Pittosporum\" src=\"https:\/\/pay.lpwstore.com\/wp-content\/uploads\/2021\/06\/panlos-655002-bouquet-lilium-clove-bretschneidera-sinensis-pittosporum-220836.jpg\" alt=\"PANLOS 655002 Bouquet Lilium Clove Bretschneidera Sinensis Pittosporum\" width=\"800\" height=\"800\" \/><figcaption id=\"caption-attachment-207894\" class=\"wp-caption-text\">PANLOS 655002 B\u00f3 hoa Lilium \u0110inh h\u01b0\u01a1ng Bretschneidera Sinensis Pittosporum<\/figcaption><\/figure>","protected":false},"excerpt":{"rendered":"<ul>\n<li>Bao g\u1ed3m\u00a0<strong>1237+<\/strong>\u00a0chi\u1ebfc<\/li>\n<li>S\u00e1ch h\u01b0\u1edbng d\u1eabn s\u1eed d\u1ee5ng<\/li>\n<li>Kh\u1ed1i ABS ch\u1ea5t l\u01b0\u1ee3ng cao<\/li>\n<li>Kh\u00f4ng c\u00f3 h\u1ed9p ban \u0111\u1ea7u, kh\u00f4ng c\u00f3 B\u00ccNH<\/li>\n<\/ul>","protected":false},"featured_media":18482,"comment_status":"open","ping_status":"closed","template":"","meta":{"_acf_changed":false},"product_cat":[371],"product_tag":[],"class_list":["product","first","instock","shipping-taxable","purchasable","product-type-simple"],"acf":[],"_links":{"self":[{"href":"https:\/\/mouldking.store\/vi\/wp-json\/wp\/v2\/product\/18481","targetHints":{"allow":["GET"]}}],"collection":[{"href":"https:\/\/mouldking.store\/vi\/wp-json\/wp\/v2\/product"}],"about":[{"href":"https:\/\/mouldking.store\/vi\/wp-json\/wp\/v2\/types\/product"}],"replies":[{"embeddable":true,"href":"https:\/\/mouldking.store\/vi\/wp-json\/wp\/v2\/comments?post=18481"}],"wp:featuredmedia":[{"embeddable":true,"href":"https:\/\/mouldking.store\/vi\/wp-json\/wp\/v2\/media\/18482"}],"wp:attachment":[{"href":"https:\/\/mouldking.store\/vi\/wp-json\/wp\/v2\/media?parent=18481"}],"wp:term":[{"taxonomy":"product_cat","embeddable":true,"href":"https:\/\/mouldking.store\/vi\/wp-json\/wp\/v2\/product_cat?post=18481"},{"taxonomy":"product_tag","embeddable":true,"href":"https:\/\/mouldking.store\/vi\/wp-json\/wp\/v2\/product_tag?post=18481"}],"curies":[{"name":"wp","href":"https:\/\/api.w.org\/{rel}","templated":true}]}}