{"id":18493,"date":"2021-09-28T04:01:03","date_gmt":"2021-09-28T04:01:03","guid":{"rendered":"https:\/\/mouldking.store\/product\/pangu-pg-15004-the-gatling-heavy-machine-gun-5105302"},"modified":"2023-02-04T22:52:52","modified_gmt":"2023-02-04T15:52:52","slug":"pangu-pg-15004-the-gatling-heavy-machine-gun","status":"publish","type":"product","link":"https:\/\/mouldking.store\/vi\/shop\/pangu-pg-15004-the-gatling-heavy-machine-gun\/","title":{"rendered":"PANGU PG-15004 S\u00fang m\u00e1y h\u1ea1ng n\u1eb7ng Gatling"},"content":{"rendered":"<p>PANGU PG-15004 S\u00fang m\u00e1y h\u1ea1ng n\u1eb7ng Gatling thu\u1ed9c b\u1ed9 kh\u1ed1i x\u00e2y d\u1ef1ng s\u00ea-ri Qu\u00e2n s\u1ef1, c\u1ea3 b\u1ed9 ch\u1ee9a 1935 h\u1ea1t kh\u1ed1i x\u00e2y d\u1ef1ng. L\u1ea7n \u0111\u1ea7u ti\u00ean \u0111\u01b0\u1ee3c ph\u00e1t h\u00e0nh v\u00e0o n\u0103m 2021.<\/p>\n<figure id=\"attachment_207902\" aria-describedby=\"caption-attachment-207902\" style=\"width: 800px\" class=\"wp-caption aligncenter\"><a href=\"https:\/\/pay.lpwstore.com\/wp-content\/uploads\/2021\/06\/pangu-pg-15004-the-gatling-heavy-machine-gun-230405.jpg\" target=\"_blank\" rel=\"noopener\"><img fetchpriority=\"high\" decoding=\"async\" class=\"wp-image-207902 size-full\" title=\"PANGU PG-15004 S\u00fang m\u00e1y h\u1ea1ng n\u1eb7ng Gatling\" src=\"https:\/\/pay.lpwstore.com\/wp-content\/uploads\/2021\/06\/pangu-pg-15004-the-gatling-heavy-machine-gun-230405.jpg\" alt=\"PANGU PG-15004 The Gatling Heavy Machine Gun\" width=\"800\" height=\"800\" \/><\/a><figcaption id=\"caption-attachment-207902\" class=\"wp-caption-text\">PANGU PG-15004 S\u00fang m\u00e1y h\u1ea1ng n\u1eb7ng Gatling<\/figcaption><\/figure>\n<figure id=\"attachment_207903\" aria-describedby=\"caption-attachment-207903\" style=\"width: 800px\" class=\"wp-caption aligncenter\"><img decoding=\"async\" class=\"size-full wp-image-207903\" title=\"PANGU PG-15004 S\u00fang m\u00e1y h\u1ea1ng n\u1eb7ng Gatling\" src=\"https:\/\/pay.lpwstore.com\/wp-content\/uploads\/2021\/06\/pangu-pg-15004-the-gatling-heavy-machine-gun-230409.jpg\" alt=\"PANGU PG-15004 The Gatling Heavy Machine Gun\" width=\"800\" height=\"800\" \/><figcaption id=\"caption-attachment-207903\" class=\"wp-caption-text\">PANGU PG-15004 S\u00fang m\u00e1y h\u1ea1ng n\u1eb7ng Gatling<\/figcaption><\/figure>\n<figure id=\"attachment_207904\" aria-describedby=\"caption-attachment-207904\" style=\"width: 800px\" class=\"wp-caption aligncenter\"><img decoding=\"async\" class=\"size-full wp-image-207904\" title=\"PANGU PG-15004 S\u00fang m\u00e1y h\u1ea1ng n\u1eb7ng Gatling\" src=\"https:\/\/pay.lpwstore.com\/wp-content\/uploads\/2021\/06\/pangu-pg-15004-the-gatling-heavy-machine-gun-230413.jpg\" alt=\"PANGU PG-15004 The Gatling Heavy Machine Gun\" width=\"800\" height=\"800\" \/><figcaption id=\"caption-attachment-207904\" class=\"wp-caption-text\">PANGU PG-15004 S\u00fang m\u00e1y h\u1ea1ng n\u1eb7ng Gatling<\/figcaption><\/figure>\n<figure id=\"attachment_207905\" aria-describedby=\"caption-attachment-207905\" style=\"width: 800px\" class=\"wp-caption aligncenter\"><img loading=\"lazy\" decoding=\"async\" class=\"size-full wp-image-207905\" title=\"PANGU PG-15004 S\u00fang m\u00e1y h\u1ea1ng n\u1eb7ng Gatling\" src=\"https:\/\/pay.lpwstore.com\/wp-content\/uploads\/2021\/06\/pangu-pg-15004-the-gatling-heavy-machine-gun-230417.jpg\" alt=\"PANGU PG-15004 The Gatling Heavy Machine Gun\" width=\"800\" height=\"800\" \/><figcaption id=\"caption-attachment-207905\" class=\"wp-caption-text\">PANGU PG-15004 S\u00fang m\u00e1y h\u1ea1ng n\u1eb7ng Gatling<\/figcaption><\/figure>","protected":false},"excerpt":{"rendered":"<ul>\n<li>Bao g\u1ed3m\u00a0<strong>1935 <\/strong>\u00a0chi\u1ebfc<\/li>\n<li>S\u00e1ch h\u01b0\u1edbng d\u1eabn s\u1eed d\u1ee5ng<\/li>\n<li>Kh\u1ed1i ABS ch\u1ea5t l\u01b0\u1ee3ng cao<\/li>\n<\/ul>","protected":false},"featured_media":18494,"comment_status":"open","ping_status":"closed","template":"","meta":{"_acf_changed":false},"product_cat":[],"product_tag":[],"class_list":["product","first","instock","shipping-taxable","purchasable","product-type-simple"],"acf":[],"_links":{"self":[{"href":"https:\/\/mouldking.store\/vi\/wp-json\/wp\/v2\/product\/18493","targetHints":{"allow":["GET"]}}],"collection":[{"href":"https:\/\/mouldking.store\/vi\/wp-json\/wp\/v2\/product"}],"about":[{"href":"https:\/\/mouldking.store\/vi\/wp-json\/wp\/v2\/types\/product"}],"replies":[{"embeddable":true,"href":"https:\/\/mouldking.store\/vi\/wp-json\/wp\/v2\/comments?post=18493"}],"wp:featuredmedia":[{"embeddable":true,"href":"https:\/\/mouldking.store\/vi\/wp-json\/wp\/v2\/media\/18494"}],"wp:attachment":[{"href":"https:\/\/mouldking.store\/vi\/wp-json\/wp\/v2\/media?parent=18493"}],"wp:term":[{"taxonomy":"product_cat","embeddable":true,"href":"https:\/\/mouldking.store\/vi\/wp-json\/wp\/v2\/product_cat?post=18493"},{"taxonomy":"product_tag","embeddable":true,"href":"https:\/\/mouldking.store\/vi\/wp-json\/wp\/v2\/product_tag?post=18493"}],"curies":[{"name":"wp","href":"https:\/\/api.w.org\/{rel}","templated":true}]}}