{"id":18513,"date":"2021-09-28T04:01:22","date_gmt":"2021-09-28T04:01:22","guid":{"rendered":"https:\/\/mouldking.store\/product\/sx-3019-adventure-camp-tree-house-7668722"},"modified":"2021-12-23T09:50:43","modified_gmt":"2021-12-23T09:50:43","slug":"sx-3019-adventure-camp-tree-house","status":"publish","type":"product","link":"https:\/\/mouldking.store\/vi\/shop\/sx-3019-adventure-camp-tree-house\/","title":{"rendered":"SX 3019 Adventure Camp Nh\u00e0 tr\u00ean c\u00e2y"},"content":{"rendered":"<p>SX 3019 Adventure Camp Tree House thu\u1ed9c b\u1ed9 x\u1ebfp h\u00ecnh kh\u1ed1i c\u1ee7a b\u1ed9 truy\u1ec7n tranh d\u00e0nh cho b\u00e9 g\u00e1i. To\u00e0n b\u1ed9 ch\u1ee9a 768 h\u1ea1t kh\u1ed1i x\u00e2y d\u1ef1ng. L\u1ea7n \u0111\u1ea7u ti\u00ean \u0111\u01b0\u1ee3c ph\u00e1t h\u00e0nh v\u00e0o n\u0103m 2021.<\/p>\n<figure id=\"attachment_207961\" aria-describedby=\"caption-attachment-207961\" style=\"width: 800px\" class=\"wp-caption aligncenter\"><a href=\"https:\/\/pay.lpwstore.com\/wp-content\/uploads\/2021\/06\/sx-3019-adventure-camp-tree-house-215300.jpg\" target=\"_blank\" rel=\"noopener\"><img fetchpriority=\"high\" decoding=\"async\" class=\"wp-image-207961 size-full\" title=\"SX 3019 Adventure Camp Nh\u00e0 tr\u00ean c\u00e2y\" src=\"https:\/\/pay.lpwstore.com\/wp-content\/uploads\/2021\/06\/sx-3019-adventure-camp-tree-house-215300.jpg\" alt=\"SX 3019 Adventure Camp Tree House\" width=\"800\" height=\"800\" \/><\/a><figcaption id=\"caption-attachment-207961\" class=\"wp-caption-text\">SX 3019 Adventure Camp Nh\u00e0 tr\u00ean c\u00e2y<\/figcaption><\/figure>\n<figure id=\"attachment_207962\" aria-describedby=\"caption-attachment-207962\" style=\"width: 800px\" class=\"wp-caption aligncenter\"><img decoding=\"async\" class=\"size-full wp-image-207962\" title=\"SX 3019 Adventure Camp Nh\u00e0 tr\u00ean c\u00e2y\" src=\"https:\/\/pay.lpwstore.com\/wp-content\/uploads\/2021\/06\/sx-3019-adventure-camp-tree-house-215306.jpg\" alt=\"SX 3019 Adventure Camp Tree House\" width=\"800\" height=\"800\" \/><figcaption id=\"caption-attachment-207962\" class=\"wp-caption-text\">SX 3019 Adventure Camp Nh\u00e0 tr\u00ean c\u00e2y<\/figcaption><\/figure>\n<figure id=\"attachment_207963\" aria-describedby=\"caption-attachment-207963\" style=\"width: 800px\" class=\"wp-caption aligncenter\"><img decoding=\"async\" class=\"size-full wp-image-207963\" title=\"SX 3019 Adventure Camp Nh\u00e0 tr\u00ean c\u00e2y\" src=\"https:\/\/pay.lpwstore.com\/wp-content\/uploads\/2021\/06\/sx-3019-adventure-camp-tree-house-215312.jpg\" alt=\"SX 3019 Adventure Camp Tree House\" width=\"800\" height=\"800\" \/><figcaption id=\"caption-attachment-207963\" class=\"wp-caption-text\">SX 3019 Adventure Camp Nh\u00e0 tr\u00ean c\u00e2y<\/figcaption><\/figure>\n<figure id=\"attachment_207964\" aria-describedby=\"caption-attachment-207964\" style=\"width: 800px\" class=\"wp-caption aligncenter\"><img loading=\"lazy\" decoding=\"async\" class=\"size-full wp-image-207964\" title=\"SX 3019 Adventure Camp Nh\u00e0 tr\u00ean c\u00e2y\" src=\"https:\/\/pay.lpwstore.com\/wp-content\/uploads\/2021\/06\/sx-3019-adventure-camp-tree-house-215319.jpg\" alt=\"SX 3019 Adventure Camp Tree House\" width=\"800\" height=\"800\" \/><figcaption id=\"caption-attachment-207964\" class=\"wp-caption-text\">SX 3019 Adventure Camp Nh\u00e0 tr\u00ean c\u00e2y<\/figcaption><\/figure>","protected":false},"excerpt":{"rendered":"<ul>\n<li>Bao g\u1ed3m\u00a0<strong>768+<\/strong>\u00a0chi\u1ebfc<\/li>\n<li>S\u00e1ch h\u01b0\u1edbng d\u1eabn s\u1eed d\u1ee5ng<\/li>\n<li>Kh\u1ed1i ABS ch\u1ea5t l\u01b0\u1ee3ng cao<\/li>\n<li>Kh\u00f4ng c\u00f3 h\u1ed9p ban \u0111\u1ea7u<\/li>\n<\/ul>","protected":false},"featured_media":18514,"comment_status":"open","ping_status":"closed","template":"","meta":{"_acf_changed":false},"product_cat":[],"product_tag":[],"class_list":["product","first","instock","shipping-taxable","purchasable","product-type-simple"],"acf":[],"_links":{"self":[{"href":"https:\/\/mouldking.store\/vi\/wp-json\/wp\/v2\/product\/18513","targetHints":{"allow":["GET"]}}],"collection":[{"href":"https:\/\/mouldking.store\/vi\/wp-json\/wp\/v2\/product"}],"about":[{"href":"https:\/\/mouldking.store\/vi\/wp-json\/wp\/v2\/types\/product"}],"replies":[{"embeddable":true,"href":"https:\/\/mouldking.store\/vi\/wp-json\/wp\/v2\/comments?post=18513"}],"wp:featuredmedia":[{"embeddable":true,"href":"https:\/\/mouldking.store\/vi\/wp-json\/wp\/v2\/media\/18514"}],"wp:attachment":[{"href":"https:\/\/mouldking.store\/vi\/wp-json\/wp\/v2\/media?parent=18513"}],"wp:term":[{"taxonomy":"product_cat","embeddable":true,"href":"https:\/\/mouldking.store\/vi\/wp-json\/wp\/v2\/product_cat?post=18513"},{"taxonomy":"product_tag","embeddable":true,"href":"https:\/\/mouldking.store\/vi\/wp-json\/wp\/v2\/product_tag?post=18513"}],"curies":[{"name":"wp","href":"https:\/\/api.w.org\/{rel}","templated":true}]}}