{"id":18518,"date":"2021-09-28T04:01:27","date_gmt":"2021-09-28T04:01:27","guid":{"rendered":"https:\/\/mouldking.store\/product\/sx-3027-andreas-pool-party-1553921"},"modified":"2021-12-23T09:50:43","modified_gmt":"2021-12-23T09:50:43","slug":"sx-3027-andreas-pool-party","status":"publish","type":"product","link":"https:\/\/mouldking.store\/vi\/shop\/sx-3027-andreas-pool-party\/","title":{"rendered":"SX 3027 Ti\u1ec7c b\u1ec3 b\u01a1i c\u1ee7a Andrea"},"content":{"rendered":"<p>SX 3027 Andrea&#039;s Pool Party thu\u1ed9c b\u1ed9 x\u1ebfp h\u00ecnh kh\u1ed1i c\u1ee7a b\u1ed9 truy\u1ec7n tranh d\u00e0nh cho b\u00e9 g\u00e1i. To\u00e0n b\u1ed9 ch\u1ee9a 552 h\u1ea1t kh\u1ed1i x\u00e2y d\u1ef1ng. L\u1ea7n \u0111\u1ea7u ti\u00ean \u0111\u01b0\u1ee3c ph\u00e1t h\u00e0nh v\u00e0o n\u0103m 2021.<\/p>\n<figure id=\"attachment_207966\" aria-describedby=\"caption-attachment-207966\" style=\"width: 800px\" class=\"wp-caption aligncenter\"><a href=\"https:\/\/pay.lpwstore.com\/wp-content\/uploads\/2021\/06\/sx-3027-andreas-pool-party-215857.jpg\" target=\"_blank\" rel=\"noopener\"><img fetchpriority=\"high\" decoding=\"async\" class=\"wp-image-207966 size-full\" title=\"SX 3027 Ti\u1ec7c b\u1ec3 b\u01a1i c\u1ee7a Andrea\" src=\"https:\/\/pay.lpwstore.com\/wp-content\/uploads\/2021\/06\/sx-3027-andreas-pool-party-215857.jpg\" alt=\"SX 3027 Andrea's Pool Party\" width=\"800\" height=\"800\" \/><\/a><figcaption id=\"caption-attachment-207966\" class=\"wp-caption-text\">SX 3027 Ti\u1ec7c b\u1ec3 b\u01a1i c\u1ee7a Andrea<\/figcaption><\/figure>\n<figure id=\"attachment_207967\" aria-describedby=\"caption-attachment-207967\" style=\"width: 800px\" class=\"wp-caption aligncenter\"><img decoding=\"async\" class=\"size-full wp-image-207967\" title=\"SX 3027 Ti\u1ec7c b\u1ec3 b\u01a1i c\u1ee7a Andrea\" src=\"https:\/\/pay.lpwstore.com\/wp-content\/uploads\/2021\/06\/sx-3027-andreas-pool-party-215905.jpg\" alt=\"SX 3027 Andrea's Pool Party\" width=\"800\" height=\"800\" \/><figcaption id=\"caption-attachment-207967\" class=\"wp-caption-text\">SX 3027 Ti\u1ec7c b\u1ec3 b\u01a1i c\u1ee7a Andrea<\/figcaption><\/figure>\n<figure id=\"attachment_207968\" aria-describedby=\"caption-attachment-207968\" style=\"width: 800px\" class=\"wp-caption aligncenter\"><img decoding=\"async\" class=\"size-full wp-image-207968\" title=\"SX 3027 Ti\u1ec7c b\u1ec3 b\u01a1i c\u1ee7a Andrea\" src=\"https:\/\/pay.lpwstore.com\/wp-content\/uploads\/2021\/06\/sx-3027-andreas-pool-party-215920.jpg\" alt=\"SX 3027 Andrea's Pool Party\" width=\"800\" height=\"800\" \/><figcaption id=\"caption-attachment-207968\" class=\"wp-caption-text\">SX 3027 Ti\u1ec7c b\u1ec3 b\u01a1i c\u1ee7a Andrea<\/figcaption><\/figure>\n<figure id=\"attachment_207969\" aria-describedby=\"caption-attachment-207969\" style=\"width: 800px\" class=\"wp-caption aligncenter\"><img loading=\"lazy\" decoding=\"async\" class=\"size-full wp-image-207969\" title=\"SX 3027 Ti\u1ec7c b\u1ec3 b\u01a1i c\u1ee7a Andrea\" src=\"https:\/\/pay.lpwstore.com\/wp-content\/uploads\/2021\/06\/sx-3027-andreas-pool-party-215929.jpg\" alt=\"SX 3027 Andrea's Pool Party\" width=\"800\" height=\"800\" \/><figcaption id=\"caption-attachment-207969\" class=\"wp-caption-text\">SX 3027 Ti\u1ec7c b\u1ec3 b\u01a1i c\u1ee7a Andrea<\/figcaption><\/figure>","protected":false},"excerpt":{"rendered":"<ul>\n<li>Bao g\u1ed3m\u00a0<strong>552+<\/strong>\u00a0chi\u1ebfc<\/li>\n<li>S\u00e1ch h\u01b0\u1edbng d\u1eabn s\u1eed d\u1ee5ng<\/li>\n<li>Kh\u1ed1i ABS ch\u1ea5t l\u01b0\u1ee3ng cao<\/li>\n<li>Kh\u00f4ng c\u00f3 h\u1ed9p ban \u0111\u1ea7u<\/li>\n<\/ul>","protected":false},"featured_media":18519,"comment_status":"open","ping_status":"closed","template":"","meta":{"_acf_changed":false},"product_cat":[],"product_tag":[],"class_list":["product","first","instock","shipping-taxable","purchasable","product-type-simple"],"acf":[],"_links":{"self":[{"href":"https:\/\/mouldking.store\/vi\/wp-json\/wp\/v2\/product\/18518","targetHints":{"allow":["GET"]}}],"collection":[{"href":"https:\/\/mouldking.store\/vi\/wp-json\/wp\/v2\/product"}],"about":[{"href":"https:\/\/mouldking.store\/vi\/wp-json\/wp\/v2\/types\/product"}],"replies":[{"embeddable":true,"href":"https:\/\/mouldking.store\/vi\/wp-json\/wp\/v2\/comments?post=18518"}],"wp:featuredmedia":[{"embeddable":true,"href":"https:\/\/mouldking.store\/vi\/wp-json\/wp\/v2\/media\/18519"}],"wp:attachment":[{"href":"https:\/\/mouldking.store\/vi\/wp-json\/wp\/v2\/media?parent=18518"}],"wp:term":[{"taxonomy":"product_cat","embeddable":true,"href":"https:\/\/mouldking.store\/vi\/wp-json\/wp\/v2\/product_cat?post=18518"},{"taxonomy":"product_tag","embeddable":true,"href":"https:\/\/mouldking.store\/vi\/wp-json\/wp\/v2\/product_tag?post=18518"}],"curies":[{"name":"wp","href":"https:\/\/api.w.org\/{rel}","templated":true}]}}