{"id":18639,"date":"2021-09-28T04:03:02","date_gmt":"2021-09-28T04:03:02","guid":{"rendered":"https:\/\/mouldking.store\/product\/builo-yc-22007-shine-yu-skid-steer-loader-5481436"},"modified":"2021-12-23T09:50:40","modified_gmt":"2021-12-23T09:50:40","slug":"builo-yc-22007-shine-yu-skid-steer-loader","status":"publish","type":"product","link":"https:\/\/mouldking.store\/vi\/shop\/builo-yc-22007-shine-yu-skid-steer-loader\/","title":{"rendered":"BUILO YC-22007 Shine YU: M\u00e1y b\u1ed1c x\u1ebfp tr\u01b0\u1ee3t"},"content":{"rendered":"<p>BUILO YC-22007 Shine YU: Skid Steer Loader thu\u1ed9c b\u1ed9 kh\u1ed1i x\u00e2y d\u1ef1ng s\u00ea-ri nh\u00f3m c\u01a1 h\u1ecdc, to\u00e0n b\u1ed9 ch\u1ee9a 1800 h\u1ea1t kh\u1ed1i x\u00e2y d\u1ef1ng. L\u1ea7n \u0111\u1ea7u ti\u00ean \u0111\u01b0\u1ee3c ph\u00e1t h\u00e0nh v\u00e0o n\u0103m 2021.<\/p>\n<figure id=\"attachment_209126\" aria-describedby=\"caption-attachment-209126\" style=\"width: 800px\" class=\"wp-caption aligncenter\"><img fetchpriority=\"high\" decoding=\"async\" class=\"size-full wp-image-209126\" title=\"BUILO YC-22007 Shine YU: M\u00e1y b\u1ed1c x\u1ebfp tr\u01b0\u1ee3t\" src=\"https:\/\/pay.lpwstore.com\/wp-content\/uploads\/2021\/06\/builo-yc-22007-shine-yu-skid-steer-loader-220606.jpg\" alt=\"BUILO YC-22007 Shine YU: Skid Steer Loader\" width=\"800\" height=\"800\" \/><figcaption id=\"caption-attachment-209126\" class=\"wp-caption-text\">BUILO YC-22007 Shine YU: M\u00e1y b\u1ed1c x\u1ebfp tr\u01b0\u1ee3t<\/figcaption><\/figure>\n<figure id=\"attachment_209127\" aria-describedby=\"caption-attachment-209127\" style=\"width: 1280px\" class=\"wp-caption aligncenter\"><img decoding=\"async\" class=\"size-full wp-image-209127\" title=\"BUILO YC-22007 Shine YU: M\u00e1y b\u1ed1c x\u1ebfp tr\u01b0\u1ee3t\" src=\"https:\/\/pay.lpwstore.com\/wp-content\/uploads\/2021\/06\/builo-yc-22007-shine-yu-skid-steer-loader-220608.jpg\" alt=\"BUILO YC-22007 Shine YU: Skid Steer Loader\" width=\"1280\" height=\"1280\" \/><figcaption id=\"caption-attachment-209127\" class=\"wp-caption-text\">BUILO YC-22007 Shine YU: M\u00e1y b\u1ed1c x\u1ebfp tr\u01b0\u1ee3t<\/figcaption><\/figure>\n<figure id=\"attachment_209128\" aria-describedby=\"caption-attachment-209128\" style=\"width: 1280px\" class=\"wp-caption aligncenter\"><img decoding=\"async\" class=\"size-full wp-image-209128\" title=\"BUILO YC-22007 Shine YU: M\u00e1y b\u1ed1c x\u1ebfp tr\u01b0\u1ee3t\" src=\"https:\/\/pay.lpwstore.com\/wp-content\/uploads\/2021\/06\/builo-yc-22007-shine-yu-skid-steer-loader-220612.jpg\" alt=\"BUILO YC-22007 Shine YU: Skid Steer Loader\" width=\"1280\" height=\"1280\" \/><figcaption id=\"caption-attachment-209128\" class=\"wp-caption-text\">BUILO YC-22007 Shine YU: M\u00e1y b\u1ed1c x\u1ebfp tr\u01b0\u1ee3t<\/figcaption><\/figure>\n<figure id=\"attachment_209129\" aria-describedby=\"caption-attachment-209129\" style=\"width: 1280px\" class=\"wp-caption aligncenter\"><img loading=\"lazy\" decoding=\"async\" class=\"size-full wp-image-209129\" title=\"BUILO YC-22007 Shine YU: M\u00e1y b\u1ed1c x\u1ebfp tr\u01b0\u1ee3t\" src=\"https:\/\/pay.lpwstore.com\/wp-content\/uploads\/2021\/06\/builo-yc-22007-shine-yu-skid-steer-loader-220613.jpg\" alt=\"BUILO YC-22007 Shine YU: Skid Steer Loader\" width=\"1280\" height=\"1280\" \/><figcaption id=\"caption-attachment-209129\" class=\"wp-caption-text\">BUILO YC-22007 Shine YU: M\u00e1y b\u1ed1c x\u1ebfp tr\u01b0\u1ee3t<\/figcaption><\/figure>\n<figure id=\"attachment_209130\" aria-describedby=\"caption-attachment-209130\" style=\"width: 1280px\" class=\"wp-caption aligncenter\"><img loading=\"lazy\" decoding=\"async\" class=\"size-full wp-image-209130\" title=\"BUILO YC-22007 Shine YU: M\u00e1y b\u1ed1c x\u1ebfp tr\u01b0\u1ee3t\" src=\"https:\/\/pay.lpwstore.com\/wp-content\/uploads\/2021\/06\/builo-yc-22007-shine-yu-skid-steer-loader-220615.jpg\" alt=\"BUILO YC-22007 Shine YU: Skid Steer Loader\" width=\"1280\" height=\"1280\" \/><figcaption id=\"caption-attachment-209130\" class=\"wp-caption-text\">BUILO YC-22007 Shine YU: M\u00e1y b\u1ed1c x\u1ebfp tr\u01b0\u1ee3t<\/figcaption><\/figure>\n<figure id=\"attachment_209131\" aria-describedby=\"caption-attachment-209131\" style=\"width: 1280px\" class=\"wp-caption aligncenter\"><img loading=\"lazy\" decoding=\"async\" class=\"size-full wp-image-209131\" title=\"BUILO YC-22007 Shine YU: M\u00e1y b\u1ed1c x\u1ebfp tr\u01b0\u1ee3t\" src=\"https:\/\/pay.lpwstore.com\/wp-content\/uploads\/2021\/06\/builo-yc-22007-shine-yu-skid-steer-loader-220617.jpg\" alt=\"BUILO YC-22007 Shine YU: Skid Steer Loader\" width=\"1280\" height=\"1280\" \/><figcaption id=\"caption-attachment-209131\" class=\"wp-caption-text\">BUILO YC-22007 Shine YU: M\u00e1y b\u1ed1c x\u1ebfp tr\u01b0\u1ee3t<\/figcaption><\/figure>\n<figure id=\"attachment_209132\" aria-describedby=\"caption-attachment-209132\" style=\"width: 1280px\" class=\"wp-caption aligncenter\"><img loading=\"lazy\" decoding=\"async\" class=\"size-full wp-image-209132\" title=\"BUILO YC-22007 Shine YU: M\u00e1y b\u1ed1c x\u1ebfp tr\u01b0\u1ee3t\" src=\"https:\/\/pay.lpwstore.com\/wp-content\/uploads\/2021\/06\/builo-yc-22007-shine-yu-skid-steer-loader-220619.jpg\" alt=\"BUILO YC-22007 Shine YU: Skid Steer Loader\" width=\"1280\" height=\"1280\" \/><figcaption id=\"caption-attachment-209132\" class=\"wp-caption-text\">BUILO YC-22007 Shine YU: M\u00e1y b\u1ed1c x\u1ebfp tr\u01b0\u1ee3t<\/figcaption><\/figure>\n<figure id=\"attachment_209133\" aria-describedby=\"caption-attachment-209133\" style=\"width: 800px\" class=\"wp-caption aligncenter\"><img loading=\"lazy\" decoding=\"async\" class=\"size-full wp-image-209133\" title=\"BUILO YC-22007 Shine YU: M\u00e1y b\u1ed1c x\u1ebfp tr\u01b0\u1ee3t\" src=\"https:\/\/pay.lpwstore.com\/wp-content\/uploads\/2021\/06\/builo-yc-22007-shine-yu-skid-steer-loader-220621.jpg\" alt=\"BUILO YC-22007 Shine YU: Skid Steer Loader\" width=\"800\" height=\"800\" \/><figcaption id=\"caption-attachment-209133\" class=\"wp-caption-text\">BUILO YC-22007 Shine YU: M\u00e1y b\u1ed1c x\u1ebfp tr\u01b0\u1ee3t<\/figcaption><\/figure>","protected":false},"excerpt":{"rendered":"<ul>\n<li>Bao g\u1ed3m\u00a0<strong>1800+<\/strong>\u00a0chi\u1ebfc<\/li>\n<li>S\u00e1ch h\u01b0\u1edbng d\u1eabn s\u1eed d\u1ee5ng<\/li>\n<li>Kh\u1ed1i ABS ch\u1ea5t l\u01b0\u1ee3ng cao<\/li>\n<li>Kh\u00f4ng c\u00f3 h\u1ed9p ban \u0111\u1ea7u<\/li>\n<li>v\u1edbi \u0111\u1ed9ng c\u01a1<\/li>\n<\/ul>","protected":false},"featured_media":18640,"comment_status":"open","ping_status":"closed","template":"","meta":{"_acf_changed":false},"product_cat":[],"product_tag":[],"class_list":["product","first","instock","shipping-taxable","purchasable","product-type-simple"],"acf":[],"_links":{"self":[{"href":"https:\/\/mouldking.store\/vi\/wp-json\/wp\/v2\/product\/18639","targetHints":{"allow":["GET"]}}],"collection":[{"href":"https:\/\/mouldking.store\/vi\/wp-json\/wp\/v2\/product"}],"about":[{"href":"https:\/\/mouldking.store\/vi\/wp-json\/wp\/v2\/types\/product"}],"replies":[{"embeddable":true,"href":"https:\/\/mouldking.store\/vi\/wp-json\/wp\/v2\/comments?post=18639"}],"wp:featuredmedia":[{"embeddable":true,"href":"https:\/\/mouldking.store\/vi\/wp-json\/wp\/v2\/media\/18640"}],"wp:attachment":[{"href":"https:\/\/mouldking.store\/vi\/wp-json\/wp\/v2\/media?parent=18639"}],"wp:term":[{"taxonomy":"product_cat","embeddable":true,"href":"https:\/\/mouldking.store\/vi\/wp-json\/wp\/v2\/product_cat?post=18639"},{"taxonomy":"product_tag","embeddable":true,"href":"https:\/\/mouldking.store\/vi\/wp-json\/wp\/v2\/product_tag?post=18639"}],"curies":[{"name":"wp","href":"https:\/\/api.w.org\/{rel}","templated":true}]}}