{"id":18704,"date":"2021-09-28T04:03:47","date_gmt":"2021-09-28T04:03:47","guid":{"rendered":"https:\/\/mouldking.store\/product\/sembo-108688-ultraman-heroes-extremely-evil-beria-2566700"},"modified":"2021-12-23T09:50:40","modified_gmt":"2021-12-23T09:50:40","slug":"sembo-108688-ultraman-heroes-extremely-evil-beria","status":"publish","type":"product","link":"https:\/\/mouldking.store\/vi\/shop\/sembo-108688-ultraman-heroes-extremely-evil-beria\/","title":{"rendered":"SEMBO 108688 Anh h\u00f9ng Ultraman C\u1ef1c \u00e1c Beria"},"content":{"rendered":"<p>SEMBO 108688 Ultraman Heroes Extreme Evil Beria thu\u1ed9c b\u1ed9 kh\u1ed1i x\u00e2y d\u1ef1ng c\u1ee7a lo\u1ea1t tr\u00f2 ch\u01a1i \u0111i\u1ec7n \u1ea3nh v\u00e0 truy\u1ec1n h\u00ecnh. To\u00e0n b\u1ed9 ch\u1ee9a 542 h\u1ea1t kh\u1ed1i x\u00e2y d\u1ef1ng. L\u1ea7n \u0111\u1ea7u ti\u00ean \u0111\u01b0\u1ee3c ph\u00e1t h\u00e0nh v\u00e0o n\u0103m 2021.<\/p>\n<figure id=\"attachment_209211\" aria-describedby=\"caption-attachment-209211\" style=\"width: 800px\" class=\"wp-caption aligncenter\"><a href=\"https:\/\/pay.lpwstore.com\/wp-content\/uploads\/2021\/06\/sembo-108688-ultraman-heroes-extremely-evil-beria-224206.jpg\" target=\"_blank\" rel=\"noopener\"><img fetchpriority=\"high\" decoding=\"async\" class=\"wp-image-209211 size-full\" title=\"SEMBO 108688 Anh h\u00f9ng Ultraman C\u1ef1c \u00e1c Beria\" src=\"https:\/\/pay.lpwstore.com\/wp-content\/uploads\/2021\/06\/sembo-108688-ultraman-heroes-extremely-evil-beria-224206.jpg\" alt=\"SEMBO 108688 Ultraman Heroes Extremely Evil Beria\" width=\"800\" height=\"800\" \/><\/a><figcaption id=\"caption-attachment-209211\" class=\"wp-caption-text\">SEMBO 108688 Anh h\u00f9ng Ultraman C\u1ef1c \u00e1c Beria<\/figcaption><\/figure>\n<figure id=\"attachment_209212\" aria-describedby=\"caption-attachment-209212\" style=\"width: 800px\" class=\"wp-caption aligncenter\"><img decoding=\"async\" class=\"size-full wp-image-209212\" title=\"SEMBO 108688 Anh h\u00f9ng Ultraman C\u1ef1c \u00e1c Beria\" src=\"https:\/\/pay.lpwstore.com\/wp-content\/uploads\/2021\/06\/sembo-108688-ultraman-heroes-extremely-evil-beria-224207.jpg\" alt=\"SEMBO 108688 Ultraman Heroes Extremely Evil Beria\" width=\"800\" height=\"800\" \/><figcaption id=\"caption-attachment-209212\" class=\"wp-caption-text\">SEMBO 108688 Anh h\u00f9ng Ultraman C\u1ef1c \u00e1c Beria<\/figcaption><\/figure>\n<figure id=\"attachment_209213\" aria-describedby=\"caption-attachment-209213\" style=\"width: 800px\" class=\"wp-caption aligncenter\"><img decoding=\"async\" class=\"size-full wp-image-209213\" title=\"SEMBO 108688 Anh h\u00f9ng Ultraman C\u1ef1c \u00e1c Beria\" src=\"https:\/\/pay.lpwstore.com\/wp-content\/uploads\/2021\/06\/sembo-108688-ultraman-heroes-extremely-evil-beria-224209.jpg\" alt=\"SEMBO 108688 Ultraman Heroes Extremely Evil Beria\" width=\"800\" height=\"800\" \/><figcaption id=\"caption-attachment-209213\" class=\"wp-caption-text\">SEMBO 108688 Anh h\u00f9ng Ultraman C\u1ef1c \u00e1c Beria<\/figcaption><\/figure>\n<figure id=\"attachment_209214\" aria-describedby=\"caption-attachment-209214\" style=\"width: 800px\" class=\"wp-caption aligncenter\"><img loading=\"lazy\" decoding=\"async\" class=\"size-full wp-image-209214\" title=\"SEMBO 108688 Anh h\u00f9ng Ultraman C\u1ef1c \u00e1c Beria\" src=\"https:\/\/pay.lpwstore.com\/wp-content\/uploads\/2021\/06\/sembo-108688-ultraman-heroes-extremely-evil-beria-224210.jpg\" alt=\"SEMBO 108688 Ultraman Heroes Extremely Evil Beria\" width=\"800\" height=\"800\" \/><figcaption id=\"caption-attachment-209214\" class=\"wp-caption-text\">SEMBO 108688 Anh h\u00f9ng Ultraman C\u1ef1c \u00e1c Beria<\/figcaption><\/figure>\n<figure id=\"attachment_209215\" aria-describedby=\"caption-attachment-209215\" style=\"width: 800px\" class=\"wp-caption aligncenter\"><img loading=\"lazy\" decoding=\"async\" class=\"size-full wp-image-209215\" title=\"SEMBO 108688 Anh h\u00f9ng Ultraman C\u1ef1c \u00e1c Beria\" src=\"https:\/\/pay.lpwstore.com\/wp-content\/uploads\/2021\/06\/sembo-108688-ultraman-heroes-extremely-evil-beria-224212.jpg\" alt=\"SEMBO 108688 Ultraman Heroes Extremely Evil Beria\" width=\"800\" height=\"800\" \/><figcaption id=\"caption-attachment-209215\" class=\"wp-caption-text\">SEMBO 108688 Anh h\u00f9ng Ultraman C\u1ef1c \u00e1c Beria<\/figcaption><\/figure>","protected":false},"excerpt":{"rendered":"<ul>\n<li>Bao g\u1ed3m <strong>542 <\/strong> chi\u1ebfc<\/li>\n<li>S\u00e1ch h\u01b0\u1edbng d\u1eabn s\u1eed d\u1ee5ng<\/li>\n<li>Kh\u1ed1i ABS ch\u1ea5t l\u01b0\u1ee3ng cao<\/li>\n<li>Kh\u00f4ng c\u00f3 h\u1ed9p ban \u0111\u1ea7u<\/li>\n<\/ul>","protected":false},"featured_media":18705,"comment_status":"open","ping_status":"closed","template":"","meta":{"_acf_changed":false},"product_cat":[],"product_tag":[],"class_list":["product","first","instock","shipping-taxable","purchasable","product-type-simple"],"acf":[],"_links":{"self":[{"href":"https:\/\/mouldking.store\/vi\/wp-json\/wp\/v2\/product\/18704","targetHints":{"allow":["GET"]}}],"collection":[{"href":"https:\/\/mouldking.store\/vi\/wp-json\/wp\/v2\/product"}],"about":[{"href":"https:\/\/mouldking.store\/vi\/wp-json\/wp\/v2\/types\/product"}],"replies":[{"embeddable":true,"href":"https:\/\/mouldking.store\/vi\/wp-json\/wp\/v2\/comments?post=18704"}],"wp:featuredmedia":[{"embeddable":true,"href":"https:\/\/mouldking.store\/vi\/wp-json\/wp\/v2\/media\/18705"}],"wp:attachment":[{"href":"https:\/\/mouldking.store\/vi\/wp-json\/wp\/v2\/media?parent=18704"}],"wp:term":[{"taxonomy":"product_cat","embeddable":true,"href":"https:\/\/mouldking.store\/vi\/wp-json\/wp\/v2\/product_cat?post=18704"},{"taxonomy":"product_tag","embeddable":true,"href":"https:\/\/mouldking.store\/vi\/wp-json\/wp\/v2\/product_tag?post=18704"}],"curies":[{"name":"wp","href":"https:\/\/api.w.org\/{rel}","templated":true}]}}