{"id":18736,"date":"2021-09-28T04:04:14","date_gmt":"2021-09-28T04:04:14","guid":{"rendered":"https:\/\/mouldking.store\/product\/cada-c61049-red-devils-ferrari-488-1483225"},"modified":"2022-11-21T14:48:13","modified_gmt":"2022-11-21T07:48:13","slug":"cada-c61049-red-devils-ferrari-488","status":"publish","type":"product","link":"https:\/\/mouldking.store\/vi\/shop\/cada-c61049-red-devils-ferrari-488\/","title":{"rendered":"CADA C61049 Red Devils Ferrari 488 V\u1edbi 1229 M\u1ea3nh"},"content":{"rendered":"<p>Th\u00f4ng tin s\u1ea3n ph\u1ea9m:<\/p>\n<ol>\n<li>Th\u01b0\u01a1ng hi\u1ec7u: CADA<\/li>\n<li>Gi\u1edbi t\u00ednh: Unisex<\/li>\n<li>Name: Red Devils Ferrari 488<\/li>\n<li>\u0110\u1ed9 tu\u1ed5i: &gt; 6 tu\u1ed5i<\/li>\n<li>Model Number: C61049<\/li>\n<li>Ph\u00e2n lo\u1ea1i: T\u1eadp h\u1ee3p<\/li>\n<li>H\u00ecnh d\u1ea1ng kh\u1ed1i nh\u1ef1a: G\u1ea1ch t\u1ef1 kh\u00f3a<\/li>\n<li>Ch\u1ea5t li\u1ec7u: Nh\u1ef1a<\/li>\n<li>Lo\u1ea1i nh\u1ef1a: ABS<\/li>\n<li>Bricks Blocks:1229 PCS<\/li>\n<li>Size: 37.6\u00d710.1cm<\/li>\n<li>Ch\u1ee9a h\u01b0\u1edbng d\u1eabn l\u1eafp r\u00e1p chi ti\u1ebft.<\/li>\n<\/ol>\n<p>\u0110\u1ec3 \u00fd:<br \/>\n1. Kh\u00f4ng c\u00f3 h\u1ed9p ban \u0111\u1ea7u, nh\u01b0ng ch\u00fang t\u00f4i \u0111\u1ea3m b\u1ea3o s\u1ea3n ph\u1ea9m c\u1ee7a ch\u00fang t\u00f4i c\u00f3 ch\u1ea5t l\u01b0\u1ee3ng \u0111\u1ea3m b\u1ea3o v\u00e0 bao b\u00ec \u0111\u1eb9p.<br \/>\n2. V\u00ec t\u1ea5t c\u1ea3 c\u00e1c b\u1ed9 ph\u1eadn ch\u00fang t\u00f4i \u0111\u00e3 ki\u1ec3m tra tr\u01b0\u1edbc khi v\u1eadn chuy\u1ec3n, v\u00ec v\u1eady n\u1ebfu b\u1ea1n th\u1ea5y m\u1ed9t s\u1ed1 b\u1ed9 ph\u1eadn b\u1ecb thi\u1ebfu ho\u1eb7c h\u01b0 h\u1ecfng, \u0111\u1eebng lo l\u1eafng v\u00e0 ch\u1ec9 c\u1ea7n vui l\u00f2ng li\u00ean h\u1ec7 v\u1edbi ch\u00fang t\u00f4i v\u00e0 ch\u00fang t\u00f4i c\u00f3 th\u1ec3 g\u1eedi l\u1ea1i mi\u1ec5n ph\u00ed cho b\u1ea1n ngay l\u1eadp t\u1ee9c.<\/p>\n<figure id=\"attachment_35529\" aria-describedby=\"caption-attachment-35529\" style=\"width: 768px\" class=\"wp-caption aligncenter\"><img fetchpriority=\"high\" decoding=\"async\" class=\"wp-image-35529 size-full\" src=\"https:\/\/mouldking.store\/wp-content\/uploads\/2021\/09\/CADA-C61049-6.jpg\" alt=\"CADA C61049 Red Devils Ferrari 488 With 1229 Pieces\" width=\"768\" height=\"768\" title=\"-\" srcset=\"https:\/\/mouldking.store\/wp-content\/uploads\/2021\/09\/CADA-C61049-6.jpg 768w, https:\/\/mouldking.store\/wp-content\/uploads\/2021\/09\/CADA-C61049-6-300x300.jpg 300w, https:\/\/mouldking.store\/wp-content\/uploads\/2021\/09\/CADA-C61049-6-600x600.jpg 600w, https:\/\/mouldking.store\/wp-content\/uploads\/2021\/09\/CADA-C61049-6-150x150.jpg 150w, https:\/\/mouldking.store\/wp-content\/uploads\/2021\/09\/CADA-C61049-6-60x60.jpg 60w, https:\/\/mouldking.store\/wp-content\/uploads\/2021\/09\/CADA-C61049-6-90x90.jpg 90w\" sizes=\"(max-width: 768px) 100vw, 768px\" \/><figcaption id=\"caption-attachment-35529\" class=\"wp-caption-text\">CADA C61049 Red Devils Ferrari 488 V\u1edbi 1229 M\u1ea3nh<\/figcaption><\/figure>\n<figure id=\"attachment_35530\" aria-describedby=\"caption-attachment-35530\" style=\"width: 768px\" class=\"wp-caption aligncenter\"><img decoding=\"async\" class=\"wp-image-35530 size-full\" src=\"https:\/\/mouldking.store\/wp-content\/uploads\/2021\/09\/CADA-C61049-5.jpg\" alt=\"CADA C61049 Red Devils Ferrari 488 With 1229 Pieces\" width=\"768\" height=\"768\" title=\"-\" srcset=\"https:\/\/mouldking.store\/wp-content\/uploads\/2021\/09\/CADA-C61049-5.jpg 768w, https:\/\/mouldking.store\/wp-content\/uploads\/2021\/09\/CADA-C61049-5-300x300.jpg 300w, https:\/\/mouldking.store\/wp-content\/uploads\/2021\/09\/CADA-C61049-5-600x600.jpg 600w, https:\/\/mouldking.store\/wp-content\/uploads\/2021\/09\/CADA-C61049-5-150x150.jpg 150w, https:\/\/mouldking.store\/wp-content\/uploads\/2021\/09\/CADA-C61049-5-60x60.jpg 60w, https:\/\/mouldking.store\/wp-content\/uploads\/2021\/09\/CADA-C61049-5-90x90.jpg 90w\" sizes=\"(max-width: 768px) 100vw, 768px\" \/><figcaption id=\"caption-attachment-35530\" class=\"wp-caption-text\">CADA C61049 Red Devils Ferrari 488 V\u1edbi 1229 M\u1ea3nh<\/figcaption><\/figure>\n<figure id=\"attachment_35531\" aria-describedby=\"caption-attachment-35531\" style=\"width: 600px\" class=\"wp-caption aligncenter\"><img decoding=\"async\" class=\"wp-image-35531 size-full\" src=\"https:\/\/mouldking.store\/wp-content\/uploads\/2021\/09\/CADA-C61049-4.jpg\" alt=\"CADA C61049 Red Devils Ferrari 488 With 1229 Pieces\" width=\"600\" height=\"956\" title=\"-\" srcset=\"https:\/\/mouldking.store\/wp-content\/uploads\/2021\/09\/CADA-C61049-4.jpg 600w, https:\/\/mouldking.store\/wp-content\/uploads\/2021\/09\/CADA-C61049-4-188x300.jpg 188w, https:\/\/mouldking.store\/wp-content\/uploads\/2021\/09\/CADA-C61049-4-300x478.jpg 300w, https:\/\/mouldking.store\/wp-content\/uploads\/2021\/09\/CADA-C61049-4-94x150.jpg 94w, https:\/\/mouldking.store\/wp-content\/uploads\/2021\/09\/CADA-C61049-4-38x60.jpg 38w, https:\/\/mouldking.store\/wp-content\/uploads\/2021\/09\/CADA-C61049-4-56x90.jpg 56w\" sizes=\"(max-width: 600px) 100vw, 600px\" \/><figcaption id=\"caption-attachment-35531\" class=\"wp-caption-text\">CADA C61049 Red Devils Ferrari 488 V\u1edbi 1229 M\u1ea3nh<\/figcaption><\/figure>\n<figure id=\"attachment_35532\" aria-describedby=\"caption-attachment-35532\" style=\"width: 485px\" class=\"wp-caption aligncenter\"><img loading=\"lazy\" decoding=\"async\" class=\"wp-image-35532 size-full\" src=\"https:\/\/mouldking.store\/wp-content\/uploads\/2021\/09\/CADA-C61049-3.jpg\" alt=\"CADA C61049 Red Devils Ferrari 488 With 1229 Pieces\" width=\"485\" height=\"1024\" title=\"-\" srcset=\"https:\/\/mouldking.store\/wp-content\/uploads\/2021\/09\/CADA-C61049-3.jpg 485w, https:\/\/mouldking.store\/wp-content\/uploads\/2021\/09\/CADA-C61049-3-142x300.jpg 142w, https:\/\/mouldking.store\/wp-content\/uploads\/2021\/09\/CADA-C61049-3-300x633.jpg 300w, https:\/\/mouldking.store\/wp-content\/uploads\/2021\/09\/CADA-C61049-3-71x150.jpg 71w, https:\/\/mouldking.store\/wp-content\/uploads\/2021\/09\/CADA-C61049-3-28x60.jpg 28w, https:\/\/mouldking.store\/wp-content\/uploads\/2021\/09\/CADA-C61049-3-43x90.jpg 43w\" sizes=\"(max-width: 485px) 100vw, 485px\" \/><figcaption id=\"caption-attachment-35532\" class=\"wp-caption-text\">CADA C61049 Red Devils Ferrari 488 V\u1edbi 1229 M\u1ea3nh<\/figcaption><\/figure>\n<figure id=\"attachment_35533\" aria-describedby=\"caption-attachment-35533\" style=\"width: 706px\" class=\"wp-caption aligncenter\"><img loading=\"lazy\" decoding=\"async\" class=\"wp-image-35533 size-full\" src=\"https:\/\/mouldking.store\/wp-content\/uploads\/2021\/09\/CADA-C61049-2.jpg\" alt=\"CADA C61049 Red Devils Ferrari 488 With 1229 Pieces\" width=\"706\" height=\"1024\" title=\"-\" srcset=\"https:\/\/mouldking.store\/wp-content\/uploads\/2021\/09\/CADA-C61049-2.jpg 706w, https:\/\/mouldking.store\/wp-content\/uploads\/2021\/09\/CADA-C61049-2-207x300.jpg 207w, https:\/\/mouldking.store\/wp-content\/uploads\/2021\/09\/CADA-C61049-2-300x435.jpg 300w, https:\/\/mouldking.store\/wp-content\/uploads\/2021\/09\/CADA-C61049-2-600x870.jpg 600w, https:\/\/mouldking.store\/wp-content\/uploads\/2021\/09\/CADA-C61049-2-103x150.jpg 103w, https:\/\/mouldking.store\/wp-content\/uploads\/2021\/09\/CADA-C61049-2-41x60.jpg 41w, https:\/\/mouldking.store\/wp-content\/uploads\/2021\/09\/CADA-C61049-2-62x90.jpg 62w\" sizes=\"(max-width: 706px) 100vw, 706px\" \/><figcaption id=\"caption-attachment-35533\" class=\"wp-caption-text\">CADA C61049 Red Devils Ferrari 488 V\u1edbi 1229 M\u1ea3nh<\/figcaption><\/figure>\n<figure id=\"attachment_35534\" aria-describedby=\"caption-attachment-35534\" style=\"width: 768px\" class=\"wp-caption aligncenter\"><img loading=\"lazy\" decoding=\"async\" class=\"wp-image-35534 size-full\" src=\"https:\/\/mouldking.store\/wp-content\/uploads\/2021\/09\/CADA-C61049-1.jpg\" alt=\"CADA C61049 Red Devils Ferrari 488 With 1229 Pieces\" width=\"768\" height=\"537\" title=\"-\" srcset=\"https:\/\/mouldking.store\/wp-content\/uploads\/2021\/09\/CADA-C61049-1.jpg 768w, https:\/\/mouldking.store\/wp-content\/uploads\/2021\/09\/CADA-C61049-1-300x210.jpg 300w, https:\/\/mouldking.store\/wp-content\/uploads\/2021\/09\/CADA-C61049-1-600x420.jpg 600w, https:\/\/mouldking.store\/wp-content\/uploads\/2021\/09\/CADA-C61049-1-150x105.jpg 150w, https:\/\/mouldking.store\/wp-content\/uploads\/2021\/09\/CADA-C61049-1-86x60.jpg 86w, https:\/\/mouldking.store\/wp-content\/uploads\/2021\/09\/CADA-C61049-1-129x90.jpg 129w\" sizes=\"(max-width: 768px) 100vw, 768px\" \/><figcaption id=\"caption-attachment-35534\" class=\"wp-caption-text\">CADA C61049 Red Devils Ferrari 488 V\u1edbi 1229 M\u1ea3nh<\/figcaption><\/figure>","protected":false},"excerpt":{"rendered":"<ul>\n<li>Bao g\u1ed3m\u00a0<strong>1126+<\/strong>\u00a0chi\u1ebfc<\/li>\n<li>S\u00e1ch h\u01b0\u1edbng d\u1eabn s\u1eed d\u1ee5ng<\/li>\n<li>Kh\u1ed1i ABS ch\u1ea5t l\u01b0\u1ee3ng cao<\/li>\n<li>Kh\u00f4ng c\u00f3 h\u1ed9p ban \u0111\u1ea7u<\/li>\n<\/ul>","protected":false},"featured_media":18737,"comment_status":"open","ping_status":"closed","template":"","meta":{"_acf_changed":false},"product_cat":[1360,1357],"product_tag":[7645,1916,1374,7649,7644,7647,7648,1585,7646],"class_list":["product","first","instock","shipping-taxable","purchasable","product-type-variable"],"acf":[],"_links":{"self":[{"href":"https:\/\/mouldking.store\/vi\/wp-json\/wp\/v2\/product\/18736","targetHints":{"allow":["GET"]}}],"collection":[{"href":"https:\/\/mouldking.store\/vi\/wp-json\/wp\/v2\/product"}],"about":[{"href":"https:\/\/mouldking.store\/vi\/wp-json\/wp\/v2\/types\/product"}],"replies":[{"embeddable":true,"href":"https:\/\/mouldking.store\/vi\/wp-json\/wp\/v2\/comments?post=18736"}],"wp:featuredmedia":[{"embeddable":true,"href":"https:\/\/mouldking.store\/vi\/wp-json\/wp\/v2\/media\/18737"}],"wp:attachment":[{"href":"https:\/\/mouldking.store\/vi\/wp-json\/wp\/v2\/media?parent=18736"}],"wp:term":[{"taxonomy":"product_cat","embeddable":true,"href":"https:\/\/mouldking.store\/vi\/wp-json\/wp\/v2\/product_cat?post=18736"},{"taxonomy":"product_tag","embeddable":true,"href":"https:\/\/mouldking.store\/vi\/wp-json\/wp\/v2\/product_tag?post=18736"}],"curies":[{"name":"wp","href":"https:\/\/api.w.org\/{rel}","templated":true}]}}