{"id":18759,"date":"2021-09-28T04:04:31","date_gmt":"2021-09-28T04:04:31","guid":{"rendered":"https:\/\/mouldking.store\/product\/18k-70012-m-echanical-3-in-1-cross-dressing-rc-racing-car-6788408"},"modified":"2021-12-23T09:50:40","modified_gmt":"2021-12-23T09:50:40","slug":"18k-70012-m-echanical-3-in-1-cross-dressing-rc-racing-car","status":"publish","type":"product","link":"https:\/\/mouldking.store\/vi\/shop\/18k-70012-m-echanical-3-in-1-cross-dressing-rc-racing-car\/","title":{"rendered":"18K 70012 M-Echanical 3 trong 1 Cross Dressing Xe \u0111ua RC"},"content":{"rendered":"<p>18K 70012 M-Echanical 3 in 1 Cross Dressing RC Racing Car thu\u1ed9c b\u1ed9 kh\u1ed1i x\u00e2y d\u1ef1ng s\u00ea-ri nh\u00f3m c\u01a1 kh\u00ed, c\u1ea3 b\u1ed9 ch\u1ee9a 398 h\u1ea1t kh\u1ed1i x\u00e2y d\u1ef1ng. L\u1ea7n \u0111\u1ea7u ti\u00ean \u0111\u01b0\u1ee3c ph\u00e1t h\u00e0nh v\u00e0o n\u0103m 2021.<\/p>\n<figure id=\"attachment_209314\" aria-describedby=\"caption-attachment-209314\" style=\"width: 750px\" class=\"wp-caption aligncenter\"><img fetchpriority=\"high\" decoding=\"async\" class=\"size-full wp-image-209314\" title=\"18K 70012 M-Echanical 3 trong 1 Cross Dressing Xe \u0111ua RC\" src=\"https:\/\/pay.lpwstore.com\/wp-content\/uploads\/2021\/07\/18k-70012-m-echanical-3-in-1-cross-dressing-rc-racing-car-225600.jpg\" alt=\"18K 70012 M-Echanical 3 in 1 Cross Dressing RC Racing Car\" width=\"750\" height=\"750\" \/><figcaption id=\"caption-attachment-209314\" class=\"wp-caption-text\">18K 70012 M-Echanical 3 trong 1 Cross Dressing Xe \u0111ua RC<\/figcaption><\/figure>\n<figure id=\"attachment_209315\" aria-describedby=\"caption-attachment-209315\" style=\"width: 750px\" class=\"wp-caption aligncenter\"><img decoding=\"async\" class=\"size-full wp-image-209315\" title=\"18K 70012 M-Echanical 3 trong 1 Cross Dressing Xe \u0111ua RC\" src=\"https:\/\/pay.lpwstore.com\/wp-content\/uploads\/2021\/07\/18k-70012-m-echanical-3-in-1-cross-dressing-rc-racing-car-225602.jpg\" alt=\"18K 70012 M-Echanical 3 in 1 Cross Dressing RC Racing Car\" width=\"750\" height=\"750\" \/><figcaption id=\"caption-attachment-209315\" class=\"wp-caption-text\">18K 70012 M-Echanical 3 trong 1 Cross Dressing Xe \u0111ua RC<\/figcaption><\/figure>\n<figure id=\"attachment_209316\" aria-describedby=\"caption-attachment-209316\" style=\"width: 750px\" class=\"wp-caption aligncenter\"><img decoding=\"async\" class=\"size-full wp-image-209316\" title=\"18K 70012 M-Echanical 3 trong 1 Cross Dressing Xe \u0111ua RC\" src=\"https:\/\/pay.lpwstore.com\/wp-content\/uploads\/2021\/07\/18k-70012-m-echanical-3-in-1-cross-dressing-rc-racing-car-225604.jpg\" alt=\"18K 70012 M-Echanical 3 in 1 Cross Dressing RC Racing Car\" width=\"750\" height=\"750\" \/><figcaption id=\"caption-attachment-209316\" class=\"wp-caption-text\">18K 70012 M-Echanical 3 trong 1 Cross Dressing Xe \u0111ua RC<\/figcaption><\/figure>\n<p>&nbsp;<\/p>\n<figure id=\"attachment_209317\" aria-describedby=\"caption-attachment-209317\" style=\"width: 800px\" class=\"wp-caption aligncenter\"><img loading=\"lazy\" decoding=\"async\" class=\"size-full wp-image-209317\" title=\"18K 70012 M-Echanical 3 trong 1 Cross Dressing Xe \u0111ua RC\" src=\"https:\/\/pay.lpwstore.com\/wp-content\/uploads\/2021\/07\/18k-70012-m-echanical-3-in-1-cross-dressing-rc-racing-car-225605.jpg\" alt=\"18K 70012 M-Echanical 3 in 1 Cross Dressing RC Racing Car\" width=\"800\" height=\"800\" \/><figcaption id=\"caption-attachment-209317\" class=\"wp-caption-text\">18K 70012 M-Echanical 3 trong 1 Cross Dressing Xe \u0111ua RC<\/figcaption><\/figure>\n<figure id=\"attachment_209318\" aria-describedby=\"caption-attachment-209318\" style=\"width: 800px\" class=\"wp-caption aligncenter\"><img loading=\"lazy\" decoding=\"async\" class=\"size-full wp-image-209318\" title=\"18K 70012 M-Echanical 3 trong 1 Cross Dressing Xe \u0111ua RC\" src=\"https:\/\/pay.lpwstore.com\/wp-content\/uploads\/2021\/07\/18k-70012-m-echanical-3-in-1-cross-dressing-rc-racing-car-225606.jpg\" alt=\"18K 70012 M-Echanical 3 in 1 Cross Dressing RC Racing Car\" width=\"800\" height=\"800\" \/><figcaption id=\"caption-attachment-209318\" class=\"wp-caption-text\">18K 70012 M-Echanical 3 trong 1 Cross Dressing Xe \u0111ua RC<\/figcaption><\/figure>","protected":false},"excerpt":{"rendered":"<ul>\n<li>Bao g\u1ed3m\u00a0<strong>398+<\/strong>\u00a0chi\u1ebfc<\/li>\n<li>S\u00e1ch h\u01b0\u1edbng d\u1eabn s\u1eed d\u1ee5ng<\/li>\n<li>Kh\u1ed1i ABS ch\u1ea5t l\u01b0\u1ee3ng cao<\/li>\n<li>Kh\u00f4ng c\u00f3 h\u1ed9p ban \u0111\u1ea7u<\/li>\n<\/ul>","protected":false},"featured_media":18760,"comment_status":"open","ping_status":"closed","template":"","meta":{"_acf_changed":false},"product_cat":[364],"product_tag":[],"class_list":["product","first","instock","shipping-taxable","purchasable","product-type-simple"],"acf":[],"_links":{"self":[{"href":"https:\/\/mouldking.store\/vi\/wp-json\/wp\/v2\/product\/18759","targetHints":{"allow":["GET"]}}],"collection":[{"href":"https:\/\/mouldking.store\/vi\/wp-json\/wp\/v2\/product"}],"about":[{"href":"https:\/\/mouldking.store\/vi\/wp-json\/wp\/v2\/types\/product"}],"replies":[{"embeddable":true,"href":"https:\/\/mouldking.store\/vi\/wp-json\/wp\/v2\/comments?post=18759"}],"wp:featuredmedia":[{"embeddable":true,"href":"https:\/\/mouldking.store\/vi\/wp-json\/wp\/v2\/media\/18760"}],"wp:attachment":[{"href":"https:\/\/mouldking.store\/vi\/wp-json\/wp\/v2\/media?parent=18759"}],"wp:term":[{"taxonomy":"product_cat","embeddable":true,"href":"https:\/\/mouldking.store\/vi\/wp-json\/wp\/v2\/product_cat?post=18759"},{"taxonomy":"product_tag","embeddable":true,"href":"https:\/\/mouldking.store\/vi\/wp-json\/wp\/v2\/product_tag?post=18759"}],"curies":[{"name":"wp","href":"https:\/\/api.w.org\/{rel}","templated":true}]}}