{"id":18782,"date":"2021-09-28T04:04:43","date_gmt":"2021-09-28T04:04:43","guid":{"rendered":"https:\/\/mouldking.store\/product\/moyu-88009-6x6-suv-off-road-car-2660855"},"modified":"2021-12-23T09:50:39","modified_gmt":"2021-12-23T09:50:39","slug":"moyu-88009-6x6-suv-off-road-car","status":"publish","type":"product","link":"https:\/\/mouldking.store\/vi\/shop\/moyu-88009-6x6-suv-off-road-car\/","title":{"rendered":"Xe \u0111\u1ecba h\u00ecnh SUV MOYU 88009 6X6"},"content":{"rendered":"<p>Xe \u0111\u1ecba h\u00ecnh SUV MOYU 88009 6X6 thu\u1ed9c b\u1ed9 kh\u1ed1i x\u00e2y d\u1ef1ng s\u00ea-ri k\u1ef9 thu\u1eadt, c\u1ea3 b\u1ed9 ch\u1ee9a 2957 h\u1ea1t kh\u1ed1i x\u00e2y d\u1ef1ng. L\u1ea7n \u0111\u1ea7u ti\u00ean \u0111\u01b0\u1ee3c ph\u00e1t h\u00e0nh v\u00e0o n\u0103m 2021.<\/p>\n<figure id=\"attachment_209395\" aria-describedby=\"caption-attachment-209395\" style=\"width: 800px\" class=\"wp-caption aligncenter\"><img fetchpriority=\"high\" decoding=\"async\" class=\"size-full wp-image-209395\" title=\"Xe \u0111\u1ecba h\u00ecnh SUV MOYU 88009 6X6\" src=\"https:\/\/pay.lpwstore.com\/wp-content\/uploads\/2021\/07\/moyu-88009-6x6-suv-off-road-car-064406.jpg\" alt=\"MOYU 88009 6X6 SUV Off-Road Car\" width=\"800\" height=\"800\" \/><figcaption id=\"caption-attachment-209395\" class=\"wp-caption-text\">Xe \u0111\u1ecba h\u00ecnh SUV MOYU 88009 6X6<\/figcaption><\/figure>\n<figure id=\"attachment_209396\" aria-describedby=\"caption-attachment-209396\" style=\"width: 800px\" class=\"wp-caption aligncenter\"><img decoding=\"async\" class=\"size-full wp-image-209396\" title=\"Xe \u0111\u1ecba h\u00ecnh SUV MOYU 88009 6X6\" src=\"https:\/\/pay.lpwstore.com\/wp-content\/uploads\/2021\/07\/moyu-88009-6x6-suv-off-road-car-064413.jpg\" alt=\"MOYU 88009 6X6 SUV Off-Road Car\" width=\"800\" height=\"800\" \/><figcaption id=\"caption-attachment-209396\" class=\"wp-caption-text\">Xe \u0111\u1ecba h\u00ecnh SUV MOYU 88009 6X6<\/figcaption><\/figure>\n<figure id=\"attachment_209397\" aria-describedby=\"caption-attachment-209397\" style=\"width: 800px\" class=\"wp-caption aligncenter\"><img decoding=\"async\" class=\"size-full wp-image-209397\" title=\"Xe \u0111\u1ecba h\u00ecnh SUV MOYU 88009 6X6\" src=\"https:\/\/pay.lpwstore.com\/wp-content\/uploads\/2021\/07\/moyu-88009-6x6-suv-off-road-car-064425.jpg\" alt=\"MOYU 88009 6X6 SUV Off-Road Car\" width=\"800\" height=\"800\" \/><figcaption id=\"caption-attachment-209397\" class=\"wp-caption-text\">Xe \u0111\u1ecba h\u00ecnh SUV MOYU 88009 6X6<\/figcaption><\/figure>\n<figure id=\"attachment_209398\" aria-describedby=\"caption-attachment-209398\" style=\"width: 800px\" class=\"wp-caption aligncenter\"><img loading=\"lazy\" decoding=\"async\" class=\"size-full wp-image-209398\" title=\"Xe \u0111\u1ecba h\u00ecnh SUV MOYU 88009 6X6\" src=\"https:\/\/pay.lpwstore.com\/wp-content\/uploads\/2021\/07\/moyu-88009-6x6-suv-off-road-car-064430.jpg\" alt=\"MOYU 88009 6X6 SUV Off-Road Car\" width=\"800\" height=\"800\" \/><figcaption id=\"caption-attachment-209398\" class=\"wp-caption-text\">Xe \u0111\u1ecba h\u00ecnh SUV MOYU 88009 6X6<\/figcaption><\/figure>\n<figure id=\"attachment_209399\" aria-describedby=\"caption-attachment-209399\" style=\"width: 800px\" class=\"wp-caption aligncenter\"><img loading=\"lazy\" decoding=\"async\" class=\"size-full wp-image-209399\" title=\"Xe \u0111\u1ecba h\u00ecnh SUV MOYU 88009 6X6\" src=\"https:\/\/pay.lpwstore.com\/wp-content\/uploads\/2021\/07\/moyu-88009-6x6-suv-off-road-car-064435.jpg\" alt=\"MOYU 88009 6X6 SUV Off-Road Car\" width=\"800\" height=\"800\" \/><figcaption id=\"caption-attachment-209399\" class=\"wp-caption-text\">Xe \u0111\u1ecba h\u00ecnh SUV MOYU 88009 6X6<\/figcaption><\/figure>","protected":false},"excerpt":{"rendered":"<ul>\n<li>Bao g\u1ed3m <strong>2957+<\/strong> chi\u1ebfc<\/li>\n<li>S\u00e1ch h\u01b0\u1edbng d\u1eabn s\u1eed d\u1ee5ng<\/li>\n<li>Kh\u1ed1i ABS ch\u1ea5t l\u01b0\u1ee3ng cao<\/li>\n<\/ul>","protected":false},"featured_media":18783,"comment_status":"open","ping_status":"closed","template":"","meta":{"_acf_changed":false},"product_cat":[364],"product_tag":[],"class_list":["product","first","instock","shipping-taxable","purchasable","product-type-simple"],"acf":[],"_links":{"self":[{"href":"https:\/\/mouldking.store\/vi\/wp-json\/wp\/v2\/product\/18782","targetHints":{"allow":["GET"]}}],"collection":[{"href":"https:\/\/mouldking.store\/vi\/wp-json\/wp\/v2\/product"}],"about":[{"href":"https:\/\/mouldking.store\/vi\/wp-json\/wp\/v2\/types\/product"}],"replies":[{"embeddable":true,"href":"https:\/\/mouldking.store\/vi\/wp-json\/wp\/v2\/comments?post=18782"}],"wp:featuredmedia":[{"embeddable":true,"href":"https:\/\/mouldking.store\/vi\/wp-json\/wp\/v2\/media\/18783"}],"wp:attachment":[{"href":"https:\/\/mouldking.store\/vi\/wp-json\/wp\/v2\/media?parent=18782"}],"wp:term":[{"taxonomy":"product_cat","embeddable":true,"href":"https:\/\/mouldking.store\/vi\/wp-json\/wp\/v2\/product_cat?post=18782"},{"taxonomy":"product_tag","embeddable":true,"href":"https:\/\/mouldking.store\/vi\/wp-json\/wp\/v2\/product_tag?post=18782"}],"curies":[{"name":"wp","href":"https:\/\/api.w.org\/{rel}","templated":true}]}}