{"id":18803,"date":"2021-10-09T04:16:52","date_gmt":"2021-10-09T04:16:52","guid":{"rendered":"https:\/\/mouldking.store\/?post_type=product&#038;p=18803"},"modified":"2025-12-25T09:28:01","modified_gmt":"2025-12-25T02:28:01","slug":"moc-18916-the-empire-over-jedha-city","status":"publish","type":"product","link":"https:\/\/mouldking.store\/vi\/shop\/moc-18916-the-empire-over-jedha-city\/","title":{"rendered":"MOC 18916 \u0110\u1ebf ch\u1ebf th\u00e0nh ph\u1ed1 Jedha"},"content":{"rendered":"<p>tuy\u1ec7t v\u1eddi n\u00e0y <strong>MOC 18916 \u0110\u1ebf ch\u1ebf th\u00e0nh ph\u1ed1 Jedha<\/strong> \u0111\u01b0\u1ee3c l\u00e0m t\u1eeb LEPINWORLD l\u00e0 m\u1ed9t MOC th\u1ef1c s\u1ef1 tuy\u1ec7t v\u1eddi.<\/p>\n<h4><strong>TH\u00d4NG S\u1ed0 K\u1ef8 THU\u1eacT M\u1eb6T H\u00c0NG<\/strong><\/h4>\n<ul>\n<li>M\u1ed9t MOC 18916 tuy\u1ec7t v\u1eddi The Empire over Jedha City <span style=\"font-size: 14.4px\">t\u1eeb Rebrick<\/span><\/li>\n<li><strong>5098 c\u00e1i<\/strong> l\u00e0m t\u1eeb g\u1ea1ch nh\u1ef1a ABS 100% cao c\u1ea5p, an to\u00e0n cho b\u00e9, th\u1eddi gian ch\u01a1i l\u00e2u, 100% t\u01b0\u01a1ng th\u00edch v\u1edbi c\u00e1c th\u01b0\u01a1ng hi\u1ec7u g\u1ea1ch kh\u00e1c nh\u01b0 Le .go<\/li>\n<li><span style=\"font-size: 14.4px\">D\u1ec5 x\u00e2y d\u1ef1ng v\u1edbi h\u01b0\u1edbng d\u1eabn pdf v\u1edbi h\u01b0\u1edbng d\u1eabn t\u1eebng vi\u00ean g\u1ea1ch v\u00e0 h\u00ecnh \u1ea3nh ch\u1ea5t l\u01b0\u1ee3ng cao \u2013 t\u1ec7p pdf \u0111\u00e3 g\u1eedi qua email.<\/span><\/li>\n<li>K\u00edch th\u01b0\u1edbc \u0111\u1ea7y \u0111\u1ee7 c\u1ee7a gi\u00e1 \u0111\u1ee1 c\u00f3 th\u1ec3 \u0111\u01b0\u1ee3c xem trong h\u00ecnh \u1ea3nh b\u00ean d\u01b0\u1edbi.<\/li>\n<\/ul>\n<h4><strong>H\u01af\u1edaNG D\u1eaaN X\u00c2Y NH\u00c0 M\u1ed8C<\/strong><\/h4>\n<p>H\u01b0\u1edbng d\u1eabn v\u1ec1 T\u1ea4T C\u1ea2 M\u1ed8C SET c\u1ee7a ch\u00fang t\u00f4i s\u1ebd \u0111\u01b0\u1ee3c g\u1eedi sau khi b\u1ea1n nh\u1eadn \u0111\u01b0\u1ee3c \u0111\u01a1n \u0111\u1eb7t h\u00e0ng qua email ho\u1eb7c Livechat Facebook. Xin vui l\u00f2ng li\u00ean h\u1ec7 v\u1edbi ch\u00fang t\u00f4i cho n\u00f3.<\/p>\n<h4><strong>NG\u00c0Y V\u1eacN CHUY\u1ec2N<\/strong><\/h4>\n<p>B\u1ed9 MOC c\u1ea7n 10-12 ng\u00e0y \u0111\u1ec3 chu\u1ea9n b\u1ecb v\u00e0; <span style=\"color: red\"><strong>s\u1ebd \u0111\u01b0\u1ee3c xu\u1ea5t x\u01b0\u1edfng trong v\u00f2ng 15 ng\u00e0y<\/strong><\/span><\/p>\n<h4><strong>NH\u1eeeNG PH\u1ea6N C\u00d2N THI\u1ebeU<\/strong><\/h4>\n<p>T\u1ea5t c\u1ea3 c\u00e1c b\u1ed9 ph\u1eadn \u0111\u1ec1u \u0111\u01b0\u1ee3c ki\u1ec3m tra ch\u1ea5t l\u01b0\u1ee3ng tr\u01b0\u1edbc khi v\u1eadn chuy\u1ec3n, v\u00ec v\u1eady n\u1ebfu b\u1ea1n th\u1ea5y m\u1ed9t s\u1ed1 b\u1ed9 ph\u1eadn b\u1ecb thi\u1ebfu ho\u1eb7c h\u01b0 h\u1ecfng, \u0111\u1eebng lo l\u1eafng. Vui l\u00f2ng li\u00ean h\u1ec7 v\u1edbi ch\u00fang t\u00f4i v\u00e0 ch\u00fang t\u00f4i s\u1ebd g\u1eedi ch\u00fang cho b\u1ea1n m\u00e0 kh\u00f4ng m\u1ea5t b\u1ea5t k\u1ef3 kho\u1ea3n ph\u00ed n\u00e0o, ho\u1eb7c ch\u00fang t\u00f4i s\u1ebd ho\u00e0n l\u1ea1i m\u1ed9t kho\u1ea3n ti\u1ec1n nh\u1ecf \u0111\u1ec3 b\u1ea1n mua \u1edf nh\u1eefng n\u01a1i kh\u00e1c.<\/p>","protected":false},"excerpt":{"rendered":"<p>\u2022 V\u1edbi 5098 chi\u1ebfc \u2022 G\u1ea1ch ch\u1ea5t l\u01b0\u1ee3ng cao nh\u1ea5t (T\u1ed1t h\u01a1n Lepin)<\/p>","protected":false},"featured_media":18829,"comment_status":"open","ping_status":"closed","template":"","meta":{"_acf_changed":false},"product_cat":[15],"product_tag":[],"class_list":["product","first","instock","featured","shipping-taxable","purchasable","product-type-simple"],"acf":[],"_links":{"self":[{"href":"https:\/\/mouldking.store\/vi\/wp-json\/wp\/v2\/product\/18803","targetHints":{"allow":["GET"]}}],"collection":[{"href":"https:\/\/mouldking.store\/vi\/wp-json\/wp\/v2\/product"}],"about":[{"href":"https:\/\/mouldking.store\/vi\/wp-json\/wp\/v2\/types\/product"}],"replies":[{"embeddable":true,"href":"https:\/\/mouldking.store\/vi\/wp-json\/wp\/v2\/comments?post=18803"}],"wp:featuredmedia":[{"embeddable":true,"href":"https:\/\/mouldking.store\/vi\/wp-json\/wp\/v2\/media\/18829"}],"wp:attachment":[{"href":"https:\/\/mouldking.store\/vi\/wp-json\/wp\/v2\/media?parent=18803"}],"wp:term":[{"taxonomy":"product_cat","embeddable":true,"href":"https:\/\/mouldking.store\/vi\/wp-json\/wp\/v2\/product_cat?post=18803"},{"taxonomy":"product_tag","embeddable":true,"href":"https:\/\/mouldking.store\/vi\/wp-json\/wp\/v2\/product_tag?post=18803"}],"curies":[{"name":"wp","href":"https:\/\/api.w.org\/{rel}","templated":true}]}}