{"id":18805,"date":"2021-10-09T04:16:52","date_gmt":"2021-10-08T21:16:52","guid":{"rendered":"https:\/\/mouldking.store\/?post_type=product&#038;p=18805"},"modified":"2025-12-25T09:28:01","modified_gmt":"2025-12-25T02:28:01","slug":"moc-10219-millennium-falcon-vertical-display-stand","status":"publish","type":"product","link":"https:\/\/mouldking.store\/vi\/shop\/moc-10219-millennium-falcon-vertical-display-stand\/","title":{"rendered":"MOC 10219 \u0110\u1ebf tr\u01b0ng b\u00e0y d\u1ea1ng \u0111\u1ee9ng Millennium Falcon"},"content":{"rendered":"<p>0<\/p>","protected":false},"excerpt":{"rendered":"<p>\u2022 With 407 Pcs \u2022 Highest Quality bricks<\/p>\n<p>This fantastic display made from LEPINWORLD is a great way of showing your\u00a0 Millennium Falcon brick set: 75192, Lepin&#8217;s Millennium Falcon 05132, and MOC 10179<\/p>\n<h4>TH\u00d4NG S\u1ed0 K\u1ef8 THU\u1eacT M\u1eb6T H\u00c0NG<\/h4>\n<ul>\u2022 407 pieces made from high-quality 100% ABS plastic bricks, safe for children, long time to play, 100% compatible with other brick brand like Le .go<\/ul>\n<ul>\u2022 Easy-to-follow instruction diagrams with brick by brick guide \u2013 sent pdf file via email.<\/ul>\n<ul>\u2022 The stand has light-gray and will be matched with the back ground when displaying your LEGO Millennium Falcon.<\/ul>\n<ul>\u2022 Our vertical display stand is 100% compatible with many different variations of Millennium Falcons including: UCS Millennium Falcon 75192, Lepin&#8217;s Millennium Falcon 05132, and MOC 10179.<\/ul>\n<ul>\u2022 K\u00edch th\u01b0\u1edbc \u0111\u1ea7y \u0111\u1ee7 c\u1ee7a gi\u00e1 \u0111\u1ee1 c\u00f3 th\u1ec3 \u0111\u01b0\u1ee3c xem trong h\u00ecnh b\u00ean d\u01b0\u1edbi.<\/ul>\n<p><img decoding=\"async\" src=\"https:\/\/us03-imgcdn.ymcart.com\/44618\/2019\/04\/27\/3\/e\/3ed5d8150b7e8e0e.jpg\" alt=\"\" \/><\/p>\n<h4>H\u01af\u1edaNG D\u1eaaN X\u00c2Y NH\u00c0 M\u1ed8C<\/h4>\n<p>H\u01b0\u1edbng d\u1eabn v\u1ec1 T\u1ea4T C\u1ea2 M\u1ed8C SET c\u1ee7a ch\u00fang t\u00f4i s\u1ebd \u0111\u01b0\u1ee3c g\u1eedi sau khi b\u1ea1n nh\u1eadn \u0111\u01b0\u1ee3c \u0111\u01a1n \u0111\u1eb7t h\u00e0ng qua email ho\u1eb7c Livechat Facebook. Xin vui l\u00f2ng li\u00ean h\u1ec7 v\u1edbi ch\u00fang t\u00f4i cho n\u00f3.<\/p>\n<h4>NG\u00c0Y V\u1eacN CHUY\u1ec2N<\/h4>\n<p>B\u1ed9 MOC c\u1ea7n 10-12 ng\u00e0y \u0111\u1ec3 chu\u1ea9n b\u1ecb v\u00e0; <span style=\"color: red\"><strong>s\u1ebd \u0111\u01b0\u1ee3c xu\u1ea5t x\u01b0\u1edfng trong v\u00f2ng 15 ng\u00e0y<\/strong><\/span><\/p>\n<h4>NH\u1eeeNG PH\u1ea6N C\u00d2N THI\u1ebeU<\/h4>\n<p>T\u1ea5t c\u1ea3 c\u00e1c b\u1ed9 ph\u1eadn \u0111\u1ec1u \u0111\u01b0\u1ee3c ki\u1ec3m tra ch\u1ea5t l\u01b0\u1ee3ng tr\u01b0\u1edbc khi v\u1eadn chuy\u1ec3n, v\u00ec v\u1eady n\u1ebfu b\u1ea1n th\u1ea5y m\u1ed9t s\u1ed1 b\u1ed9 ph\u1eadn b\u1ecb thi\u1ebfu ho\u1eb7c h\u01b0 h\u1ecfng, \u0111\u1eebng lo l\u1eafng. Vui l\u00f2ng li\u00ean h\u1ec7 v\u1edbi ch\u00fang t\u00f4i v\u00e0 ch\u00fang t\u00f4i s\u1ebd g\u1eedi ch\u00fang cho b\u1ea1n m\u00e0 kh\u00f4ng m\u1ea5t b\u1ea5t k\u1ef3 kho\u1ea3n ph\u00ed n\u00e0o, ho\u1eb7c ch\u00fang t\u00f4i s\u1ebd ho\u00e0n l\u1ea1i m\u1ed9t kho\u1ea3n ti\u1ec1n nh\u1ecf \u0111\u1ec3 b\u1ea1n mua \u1edf nh\u1eefng n\u01a1i kh\u00e1c.<\/p>","protected":false},"featured_media":18839,"comment_status":"open","ping_status":"closed","template":"","meta":{"_acf_changed":false},"product_cat":[415],"product_tag":[],"class_list":["product","first","instock","featured","shipping-taxable","purchasable","product-type-simple"],"acf":[],"_links":{"self":[{"href":"https:\/\/mouldking.store\/vi\/wp-json\/wp\/v2\/product\/18805","targetHints":{"allow":["GET"]}}],"collection":[{"href":"https:\/\/mouldking.store\/vi\/wp-json\/wp\/v2\/product"}],"about":[{"href":"https:\/\/mouldking.store\/vi\/wp-json\/wp\/v2\/types\/product"}],"replies":[{"embeddable":true,"href":"https:\/\/mouldking.store\/vi\/wp-json\/wp\/v2\/comments?post=18805"}],"wp:featuredmedia":[{"embeddable":true,"href":"https:\/\/mouldking.store\/vi\/wp-json\/wp\/v2\/media\/18839"}],"wp:attachment":[{"href":"https:\/\/mouldking.store\/vi\/wp-json\/wp\/v2\/media?parent=18805"}],"wp:term":[{"taxonomy":"product_cat","embeddable":true,"href":"https:\/\/mouldking.store\/vi\/wp-json\/wp\/v2\/product_cat?post=18805"},{"taxonomy":"product_tag","embeddable":true,"href":"https:\/\/mouldking.store\/vi\/wp-json\/wp\/v2\/product_tag?post=18805"}],"curies":[{"name":"wp","href":"https:\/\/api.w.org\/{rel}","templated":true}]}}