{"id":19150,"date":"2021-10-09T04:26:43","date_gmt":"2021-10-08T21:26:43","guid":{"rendered":"https:\/\/mouldking.store\/shop\/moc-30884-hogwart-castle-epic-extension-by-moc-factory\/"},"modified":"2025-12-25T09:27:36","modified_gmt":"2025-12-25T02:27:36","slug":"moc-30884-hogwart-castle-epic-extension-by-moc-factory","status":"publish","type":"product","link":"https:\/\/mouldking.store\/vi\/shop\/moc-30884-hogwart-castle-epic-extension-by-moc-factory\/","title":{"rendered":"MOC 30884 Ph\u1ea7n m\u1edf r\u1ed9ng S\u1eed thi L\u00e2u \u0111\u00e0i Hogwart c\u1ee7a MOC FACTORY"},"content":{"rendered":"<p><strong>MOC 30884 Ph\u1ea7n m\u1edf r\u1ed9ng S\u1eed thi L\u00e2u \u0111\u00e0i Hogwart<\/strong> d\u1ef1a tr\u00ean L\u00e2u \u0111\u00e0i Hogwart trong Phim Harry Potter N\u00f3 ch\u1ec9 ch\u1ee9a t\u00f2a nh\u00e0 m\u1edf r\u1ed9ng, kh\u00f4ng bao g\u1ed3m 71043 16060 L\u00e2u \u0111\u00e0i Hogwart<\/p>\n<p><img decoding=\"async\" class=\"alignnone size-full wp-image-177510\" src=\"https:\/\/pay.lpwstore.com\/wp-content\/uploads\/2019\/11\/article-2109071-11FC87B3000005DC-927_964x641.jpg\" alt=\" width=\" height=\"641\" title=\"-\"><\/p>\n<figure id=\"attachment_189024\" aria-describedby=\"caption-attachment-189024\" style=\"width: 1020px\" class=\"wp-caption alignnone\"><img fetchpriority=\"high\" decoding=\"async\" class=\"wp-image-189024 size-large\" src=\"https:\/\/pay.lpwstore.com\/wp-content\/uploads\/2019\/11\/48995349096_8f2ce4a6ff_o-Copy-1024x1024.jpg\" alt=\"-\" width=\"1020\" height=\"1020\" title=\"-\"><figcaption id=\"caption-attachment-189024\" class=\"wp-caption-text\">MOC FACTORY S7315 Ph\u1ea7n m\u1edf r\u1ed9ng S\u1eed thi L\u00e2u \u0111\u00e0i Hogwart MOC-30884<\/figcaption><\/figure>\n<blockquote>\n<h4>S\u1ed1 M\u1ed8C: 30884<\/h4>\n<h4>T\u00ean: Hogwart&#039;s Castle (71043) Epic Extension Designer b\u1edfi: Playwell Bricks<\/h4>\n<h4>N\u0103m thi\u1ebft k\u1ebf: 2019<\/h4>\n<h4>S\u1ed1 b\u1ed9 ph\u1eadn: 19288<\/h4>\n<h4>Th\u1ec3 lo\u1ea1i: Phim\/Harry Potter<\/h4>\n<h4>S\u1eeda \u0111\u1ed5i c\u1ee7a: 71043\/ Lepin 16060 L\u00e2u \u0111\u00e0i Hogwarts<\/h4>\n<\/blockquote>\n<h4>M\u1ed9t b\u1ed9 Brick tuy\u1ec7t v\u1eddi MOC 30884 Ph\u1ea7n m\u1edf r\u1ed9ng S\u1eed thi L\u00e2u \u0111\u00e0i Hogwart<\/h4>\n<h4>\u2022 +19000 mi\u1ebfng gh\u00e9p l\u00e0m t\u1eeb g\u1ea1ch nh\u1ef1a ABS 100% cao c\u1ea5p, an to\u00e0n cho b\u00e9, th\u1eddi gian ch\u01a1i l\u00e2u, 100% t\u01b0\u01a1ng th\u00edch v\u1edbi c\u00e1c h\u00e3ng g\u1ea1ch kh\u00e1c<\/h4>\n<h4>\u2022 T\u01b0\u01a1ng th\u00edch ch\u00ednh x\u00e1c v\u1edbi 71043 16060 Hogwarts Castle<\/h4>\n<p><span style=\"font-size: 14.4px\">\u2022 D\u1ec5 x\u00e2y d\u1ef1ng v\u1edbi h\u01b0\u1edbng d\u1eabn th\u1ee7 c\u00f4ng MOC 30884 Hogwart Castle Epic Extension <\/span><span style=\"font-size: 14.4px\">v\u1edbi g\u1ea1ch b\u1eb1ng g\u1ea1ch h\u01b0\u1edbng d\u1eabn v\u00e0 h\u00ecnh \u1ea3nh ch\u1ea5t l\u01b0\u1ee3ng cao (+3000 trang h\u01b0\u1edbng d\u1eabn)<\/span> <span style=\"font-size: 14.4px\">\u2022 K\u00edch th\u01b0\u1edbc \u0111\u1ea7y \u0111\u1ee7 c\u1ee7a MOC 30884 Hogwart Castle Epic Extension:<\/span> Chi\u1ec1u r\u1ed9ng 130,6 cm (51,4 inch) Chi\u1ec1u d\u00e0i 93,7 cm (36,9 inch) Chi\u1ec1u cao 62,8 cm (24,7 inch)<\/p>\n<div class=\"mceTemp\"><\/div>\n<figure id=\"attachment_189025\" aria-describedby=\"caption-attachment-189025\" style=\"width: 790px\" class=\"wp-caption alignnone\"><img decoding=\"async\" class=\"size-full wp-image-189025\" src=\"https:\/\/pay.lpwstore.com\/wp-content\/uploads\/2019\/11\/MOC-FACTORY-S7315-Hogwart\u2019s-Castle-Epic-Extension-MOC-30884-15.png\" alt=\"-\" width=\"790\" height=\"574\" title=\"-\"><figcaption id=\"caption-attachment-189025\" class=\"wp-caption-text\">MOC FACTORY S7315 Ph\u1ea7n m\u1edf r\u1ed9ng S\u1eed thi L\u00e2u \u0111\u00e0i Hogwart MOC-30884<\/figcaption><\/figure>\n<h4><strong>GIAO H\u00c0NG V\u00c0 TR\u1ea2 L\u1ea0I<\/strong><\/h4>\n<ul>\n<li>Ch\u00fang t\u00f4i \u0111\u1ea3m b\u1ea3o cho MOC 30884 Hogwart Castle Epic Extension: \u2013 Ho\u00e0n tr\u1ea3 \u0111\u1ea7y \u0111\u1ee7 ti\u1ec1n n\u1ebfu kh\u00f4ng nh\u1eadn \u0111\u01b0\u1ee3c \u0111\u01a1n \u0111\u1eb7t h\u00e0ng c\u1ee7a b\u1ea1n \u2013 Cung c\u1ea5p mi\u1ec5n ph\u00ed c\u00e1c ph\u1ee5 ki\u1ec7n ho\u1eb7c s\u00e1ch h\u01b0\u1edbng d\u1eabn b\u1ecb thi\u1ebfu \u2013 Kh\u00e1ch h\u00e0ng s\u1ebd kh\u00f4ng ph\u1ea3i tr\u1ea3 th\u00eam b\u1ea5t k\u1ef3 kho\u1ea3n thu\u1ebf v\u00e0 ph\u00ed h\u1ea3i quan n\u00e0o. (N\u1ebfu b\u1ea1n ph\u1ea3i tr\u1ea3 ti\u1ec1n, ch\u00fang t\u00f4i s\u1ebd ho\u00e0n l\u1ea1i ti\u1ec1n cho b\u1ea1n)<\/li>\n<li>V\u1eadn chuy\u1ec3n qu\u1ed1c t\u1ebf kh\u00e1 ph\u1ee9c t\u1ea1p, ch\u00fang t\u00f4i c\u1ed1 g\u1eafng h\u1ebft s\u1ee9c \u0111\u1ec3 x\u1eed l\u00fd t\u1ea5t c\u1ea3 c\u00e1c v\u1ea5n \u0111\u1ec1 c\u1ee7a b\u1ea1n. Tuy nhi\u00ean, n\u1ebfu \u0111\u01a1n \u0111\u1eb7t h\u00e0ng c\u1ee7a b\u1ea1n g\u1eb7p m\u1ed9t s\u1ed1 r\u1eafc r\u1ed1i, vui l\u00f2ng li\u00ean h\u1ec7 v\u1edbi ch\u00fang t\u00f4i qua email<\/li>\n<li>H\u1ee6Y \u0110\u01a0N H\u00c0NG: N\u1ebfu c\u1ea7n h\u1ee7y \u0111\u01a1n h\u00e0ng, b\u1ea1n c\u1ea7n li\u00ean h\u1ec7 v\u1edbi ch\u00fang t\u00f4i qua email contact@pay.lpwstore.com c\u00e0ng s\u1edbm c\u00e0ng t\u1ed1t. Ch\u00fang t\u00f4i kh\u00f4ng th\u1ec3 d\u1eebng \u0111\u1eb7t h\u00e0ng cho \u0111\u1ebfn 48 gi\u1edd<\/li>\n<\/ul>\n<h4><strong>NH\u1eeeNG PH\u1ea6N C\u00d2N THI\u1ebeU<\/strong><\/h4>\n<p>T\u1ea5t c\u1ea3 c\u00e1c b\u1ed9 ph\u1eadn c\u1ee7a MOC 30884 Hogwart Castle Epic Extension \u0111\u1ec1u \u0111\u01b0\u1ee3c ki\u1ec3m tra ch\u1ea5t l\u01b0\u1ee3ng tr\u01b0\u1edbc khi v\u1eadn chuy\u1ec3n, v\u00ec v\u1eady n\u1ebfu b\u1ea1n ph\u00e1t hi\u1ec7n m\u1ed9t s\u1ed1 b\u1ed9 ph\u1eadn b\u1ecb thi\u1ebfu ho\u1eb7c h\u01b0 h\u1ecfng, \u0111\u1eebng lo l\u1eafng. Vui l\u00f2ng li\u00ean h\u1ec7 v\u1edbi ch\u00fang t\u00f4i v\u00e0 ch\u00fang t\u00f4i s\u1ebd g\u1eedi ch\u00fang cho b\u1ea1n m\u00e0 kh\u00f4ng m\u1ea5t b\u1ea5t k\u1ef3 kho\u1ea3n ph\u00ed n\u00e0o, ho\u1eb7c ch\u00fang t\u00f4i s\u1ebd ho\u00e0n l\u1ea1i m\u1ed9t kho\u1ea3n ti\u1ec1n nh\u1ecf \u0111\u1ec3 b\u1ea1n mua \u1edf nh\u1eefng n\u01a1i kh\u00e1c.<\/p>\n<figure id=\"attachment_192307\" aria-describedby=\"caption-attachment-192307\" style=\"width: 1020px\" class=\"wp-caption alignnone\"><img decoding=\"async\" class=\"wp-image-192307 size-large\" src=\"https:\/\/pay.lpwstore.com\/wp-content\/uploads\/2019\/11\/MOC-30884-Hogwart-Castle-Epic-Extension-by-Playwell-Bricks-1-1024x819.png\" alt=\"-\" width=\"1020\" height=\"816\" title=\"-\"><figcaption id=\"caption-attachment-192307\" class=\"wp-caption-text\">MOC 30884 Ph\u1ea7n m\u1edf r\u1ed9ng S\u1eed thi L\u00e2u \u0111\u00e0i Hogwart \u2013 PH\u1ea6N 1<\/figcaption><\/figure>\n<figure id=\"attachment_192308\" aria-describedby=\"caption-attachment-192308\" style=\"width: 1020px\" class=\"wp-caption alignnone\"><img loading=\"lazy\" decoding=\"async\" class=\"wp-image-192308 size-large\" src=\"https:\/\/pay.lpwstore.com\/wp-content\/uploads\/2019\/11\/MOC-30884-Hogwart-Castle-Epic-Extension-by-Playwell-Bricks-2-1024x864.png\" alt=\"-\" width=\"1020\" height=\"861\" title=\"-\"><figcaption id=\"caption-attachment-192308\" class=\"wp-caption-text\">MOC 30884 Ph\u1ea7n m\u1edf r\u1ed9ng S\u1eed thi L\u00e2u \u0111\u00e0i Hogwart \u2013 PH\u1ea6N 1<\/figcaption><\/figure>\n<figure id=\"attachment_192309\" aria-describedby=\"caption-attachment-192309\" style=\"width: 1020px\" class=\"wp-caption alignnone\"><img loading=\"lazy\" decoding=\"async\" class=\"wp-image-192309 size-large\" src=\"https:\/\/pay.lpwstore.com\/wp-content\/uploads\/2019\/11\/MOC-30884-Hogwart-Castle-Epic-Extension-by-Playwell-Bricks-3-1024x820.png\" alt=\"-\" width=\"1020\" height=\"817\" title=\"-\"><figcaption id=\"caption-attachment-192309\" class=\"wp-caption-text\">MOC 30884 Ph\u1ea7n m\u1edf r\u1ed9ng S\u1eed thi L\u00e2u \u0111\u00e0i Hogwart \u2013 PH\u1ea6N 2<\/figcaption><\/figure>\n<figure id=\"attachment_192310\" aria-describedby=\"caption-attachment-192310\" style=\"width: 1020px\" class=\"wp-caption alignnone\"><img loading=\"lazy\" decoding=\"async\" class=\"wp-image-192310 size-large\" src=\"https:\/\/pay.lpwstore.com\/wp-content\/uploads\/2019\/11\/MOC-30884-Hogwart-Castle-Epic-Extension-by-Playwell-Bricks-4-1024x852.png\" alt=\"-\" width=\"1020\" height=\"849\" title=\"-\"><figcaption id=\"caption-attachment-192310\" class=\"wp-caption-text\">MOC 30884 Ph\u1ea7n m\u1edf r\u1ed9ng S\u1eed thi L\u00e2u \u0111\u00e0i Hogwart \u2013 PH\u1ea6N 2<\/figcaption><\/figure>\n<figure id=\"attachment_192311\" aria-describedby=\"caption-attachment-192311\" style=\"width: 1020px\" class=\"wp-caption alignnone\"><img loading=\"lazy\" decoding=\"async\" class=\"wp-image-192311 size-large\" src=\"https:\/\/pay.lpwstore.com\/wp-content\/uploads\/2019\/11\/MOC-30884-Hogwart-Castle-Epic-Extension-by-Playwell-Bricks-5-1024x774.png\" alt=\"-\" width=\"1020\" height=\"771\" title=\"-\"><figcaption id=\"caption-attachment-192311\" class=\"wp-caption-text\">MOC 30884 Ph\u1ea7n m\u1edf r\u1ed9ng S\u1eed thi L\u00e2u \u0111\u00e0i Hogwart \u2013 PH\u1ea6N 2<\/figcaption><\/figure>\n<figure id=\"attachment_192312\" aria-describedby=\"caption-attachment-192312\" style=\"width: 1020px\" class=\"wp-caption alignnone\"><img loading=\"lazy\" decoding=\"async\" class=\"wp-image-192312 size-large\" src=\"https:\/\/pay.lpwstore.com\/wp-content\/uploads\/2019\/11\/Screenshot_4-1024x852.png\" alt=\"-\" width=\"1020\" height=\"849\" title=\"-\"><figcaption id=\"caption-attachment-192312\" class=\"wp-caption-text\">MOC 30884 Ph\u1ea7n m\u1edf r\u1ed9ng S\u1eed thi L\u00e2u \u0111\u00e0i Hogwart \u2013 PH\u1ea6N 2<\/figcaption><\/figure>\n<figure id=\"attachment_192313\" aria-describedby=\"caption-attachment-192313\" style=\"width: 1020px\" class=\"wp-caption alignnone\"><img loading=\"lazy\" decoding=\"async\" class=\"wp-image-192313 size-large\" src=\"https:\/\/pay.lpwstore.com\/wp-content\/uploads\/2019\/11\/Screenshot_5-1024x774.png\" alt=\"-\" width=\"1020\" height=\"771\" title=\"-\"><figcaption id=\"caption-attachment-192313\" class=\"wp-caption-text\">MOC 30884 Ph\u1ea7n m\u1edf r\u1ed9ng S\u1eed thi L\u00e2u \u0111\u00e0i Hogwart \u2013 PH\u1ea6N 2<\/figcaption><\/figure>\n<figure id=\"attachment_189026\" aria-describedby=\"caption-attachment-189026\" style=\"width: 1020px\" class=\"wp-caption alignnone\"><img loading=\"lazy\" decoding=\"async\" class=\"size-large wp-image-189026\" src=\"https:\/\/pay.lpwstore.com\/wp-content\/uploads\/2019\/11\/MOC-FACTORY-S7315-Hogwart\u2019s-Castle-Epic-Extension-MOC-30884-2-1024x1024.jpg\" alt=\"-\" width=\"1020\" height=\"1020\" title=\"-\"><figcaption id=\"caption-attachment-189026\" class=\"wp-caption-text\">MOC FACTORY S7315 Ph\u1ea7n m\u1edf r\u1ed9ng S\u1eed thi L\u00e2u \u0111\u00e0i Hogwart MOC-30884<\/figcaption><\/figure>\n<figure id=\"attachment_189027\" aria-describedby=\"caption-attachment-189027\" style=\"width: 1020px\" class=\"wp-caption alignnone\"><img loading=\"lazy\" decoding=\"async\" class=\"size-large wp-image-189027\" src=\"https:\/\/pay.lpwstore.com\/wp-content\/uploads\/2019\/11\/MOC-FACTORY-S7315-Hogwart\u2019s-Castle-Epic-Extension-MOC-30884-3-1024x1024.jpg\" alt=\"-\" width=\"1020\" height=\"1020\" title=\"-\"><figcaption id=\"caption-attachment-189027\" class=\"wp-caption-text\">MOC FACTORY S7315 Ph\u1ea7n m\u1edf r\u1ed9ng S\u1eed thi L\u00e2u \u0111\u00e0i Hogwart MOC-30884<\/figcaption><\/figure>\n<figure id=\"attachment_189028\" aria-describedby=\"caption-attachment-189028\" style=\"width: 1020px\" class=\"wp-caption alignnone\"><img loading=\"lazy\" decoding=\"async\" class=\"size-large wp-image-189028\" src=\"https:\/\/pay.lpwstore.com\/wp-content\/uploads\/2019\/11\/MOC-FACTORY-S7315-Hogwart\u2019s-Castle-Epic-Extension-MOC-30884-4-1024x1024.jpg\" alt=\"-\" width=\"1020\" height=\"1020\" title=\"-\"><figcaption id=\"caption-attachment-189028\" class=\"wp-caption-text\">MOC FACTORY S7315 Ph\u1ea7n m\u1edf r\u1ed9ng S\u1eed thi L\u00e2u \u0111\u00e0i Hogwart MOC-30884<\/figcaption><\/figure>\n<figure id=\"attachment_189029\" aria-describedby=\"caption-attachment-189029\" style=\"width: 510px\" class=\"wp-caption alignnone\"><img loading=\"lazy\" decoding=\"async\" class=\"size-full wp-image-189029\" src=\"https:\/\/pay.lpwstore.com\/wp-content\/uploads\/2019\/11\/MOC-FACTORY-S7315-Hogwart\u2019s-Castle-Epic-Extension-MOC-30884-11.png\" alt=\"-\" width=\"510\" height=\"510\" title=\"-\"><figcaption id=\"caption-attachment-189029\" class=\"wp-caption-text\">MOC FACTORY S7315 Ph\u1ea7n m\u1edf r\u1ed9ng S\u1eed thi L\u00e2u \u0111\u00e0i Hogwart MOC-30884<\/figcaption><\/figure>\n<figure id=\"attachment_189030\" aria-describedby=\"caption-attachment-189030\" style=\"width: 790px\" class=\"wp-caption alignnone\"><img loading=\"lazy\" decoding=\"async\" class=\"size-full wp-image-189030\" src=\"https:\/\/pay.lpwstore.com\/wp-content\/uploads\/2019\/11\/MOC-FACTORY-S7315-Hogwart\u2019s-Castle-Epic-Extension-MOC-30884-14.png\" alt=\"-\" width=\"790\" height=\"882\" title=\"-\"><figcaption id=\"caption-attachment-189030\" class=\"wp-caption-text\">MOC FACTORY S7315 Ph\u1ea7n m\u1edf r\u1ed9ng S\u1eed thi L\u00e2u \u0111\u00e0i Hogwart MOC-30884<\/figcaption><\/figure>\n<figure id=\"attachment_189032\" aria-describedby=\"caption-attachment-189032\" style=\"width: 790px\" class=\"wp-caption alignnone\"><img loading=\"lazy\" decoding=\"async\" class=\"size-full wp-image-189032\" src=\"https:\/\/pay.lpwstore.com\/wp-content\/uploads\/2019\/11\/MOC-FACTORY-S7315-Hogwart\u2019s-Castle-Epic-Extension-MOC-30884-16.png\" alt=\"-\" width=\"790\" height=\"557\" title=\"-\"><figcaption id=\"caption-attachment-189032\" class=\"wp-caption-text\">MOC FACTORY S7315 Ph\u1ea7n m\u1edf r\u1ed9ng S\u1eed thi L\u00e2u \u0111\u00e0i Hogwart MOC-30884<\/figcaption><\/figure>\n<div id=\"gtx-trans\">\n<div class=\"gtx-trans-icon\"><\/div>\n<\/div>","protected":false},"excerpt":{"rendered":"<p style=\"text-align: left\"><strong style=\"color: #ed1c24;font-size: 14.4px\">TRONG KHO! NH\u01afNG S\u1ed0 L\u01af\u1ee2NG C\u00d3 H\u1ea0N.\u00a0<\/strong><\/p>\n<p style=\"text-align: left\"><strong style=\"color: #ed1c24;font-size: 14.4px\">MOC 30884 + 71043\/16060 = \u0110\u1ea6Y \u0110\u1ee6 L\u00e2u \u0111\u00e0i Hogwart<\/strong><\/p>\n<p>\u2022 V\u1edbi h\u01a1n 19306 chi\u1ebfc <strong>(Kh\u00f4ng bao g\u1ed3m b\u1ed9 g\u1ea1ch 71043 16060 L\u00e2u \u0111\u00e0i Hogwarts)<\/strong><\/p>\n<p>\u2022 G\u1ea1ch ch\u1ea5t l\u01b0\u1ee3ng cao ABS t\u1ed1t nh\u1ea5t MOC 30884 Hogwart Castle Epic Extension tuy\u1ec7t v\u1eddi n\u00e0y do MOC FACTORY s\u1ea3n xu\u1ea5t<\/p>\n<p>\u2022<strong> Ch\u00fang t\u00f4i c\u1ea7n <span style=\"color: #ed1c24\">10-20 ng\u00e0y<\/span> \u0111\u1ec3 thu th\u1eadp v\u00e0 chu\u1ea9n b\u1ecb cho \u0111\u01a1n \u0111\u1eb7t h\u00e0ng c\u1ee7a b\u1ea1n<\/strong><\/p>\n<p>\u2022 <strong>H\u01b0\u1edbng d\u1eabn qua PDF<\/strong><\/p>\n<div class=\"jfk-bubble gtx-bubble\" role=\"alertdialog\" aria-describedby=\"bubble-7\">\n<div class=\"jfk-bubble-arrow-id jfk-bubble-arrow jfk-bubble-arrowup\">\n<div class=\"jfk-bubble-arrowimplbefore\"><\/div>\n<div class=\"jfk-bubble-arrowimplafter\"><\/div>\n<\/div>\n<\/div>","protected":false},"featured_media":19143,"comment_status":"open","ping_status":"closed","template":"","meta":{"_acf_changed":false},"product_cat":[15],"product_tag":[],"class_list":["product","first","instock","featured","shipping-taxable","purchasable","product-type-simple"],"acf":[],"_links":{"self":[{"href":"https:\/\/mouldking.store\/vi\/wp-json\/wp\/v2\/product\/19150","targetHints":{"allow":["GET"]}}],"collection":[{"href":"https:\/\/mouldking.store\/vi\/wp-json\/wp\/v2\/product"}],"about":[{"href":"https:\/\/mouldking.store\/vi\/wp-json\/wp\/v2\/types\/product"}],"replies":[{"embeddable":true,"href":"https:\/\/mouldking.store\/vi\/wp-json\/wp\/v2\/comments?post=19150"}],"wp:featuredmedia":[{"embeddable":true,"href":"https:\/\/mouldking.store\/vi\/wp-json\/wp\/v2\/media\/19143"}],"wp:attachment":[{"href":"https:\/\/mouldking.store\/vi\/wp-json\/wp\/v2\/media?parent=19150"}],"wp:term":[{"taxonomy":"product_cat","embeddable":true,"href":"https:\/\/mouldking.store\/vi\/wp-json\/wp\/v2\/product_cat?post=19150"},{"taxonomy":"product_tag","embeddable":true,"href":"https:\/\/mouldking.store\/vi\/wp-json\/wp\/v2\/product_tag?post=19150"}],"curies":[{"name":"wp","href":"https:\/\/api.w.org\/{rel}","templated":true}]}}