{"id":19298,"date":"2021-10-09T04:29:56","date_gmt":"2021-10-08T21:29:56","guid":{"rendered":"https:\/\/mouldking.store\/shop\/moc-5083-mortesvs-ucs-nebulon-b-medical-frigate-by-mocfactory\/"},"modified":"2025-12-25T09:27:34","modified_gmt":"2025-12-25T02:27:34","slug":"moc-5083-mortesvs-ucs-nebulon-b-medical-frigate-by-mocfactory","status":"publish","type":"product","link":"https:\/\/mouldking.store\/vi\/shop\/moc-5083-mortesvs-ucs-nebulon-b-medical-frigate-by-mocfactory\/","title":{"rendered":"T\u00e0u khu tr\u1ee5c y t\u1ebf UCS Nebulon-B c\u1ee7a MOC 5083 Mortesv c\u1ee7a MOCFACTORY"},"content":{"rendered":"<div>\n<figure aria-describedby=\"caption-attachment-182743\"><strong>TH\u00d4NG TIN S\u1ea2N PH\u1ea8M<\/strong>MOC 5083 Mortesv&#039;s UCS Nebulon-B Medical Frigate c\u1ee7a MOCFACTORY d\u1ef1a tr\u00ean m\u1ed9t con t\u00e0u kh\u00f4ng gian n\u1ed5i ti\u1ebfng: Mortesv&#039;s UCS Nebulon-B Medical Frigate trong phim: Chi\u1ebfn tranh gi\u1eefa c\u00e1c v\u00ec sao, MOC 5083 Mortesv&#039;s UCS Nebulon-B Medical Frigate do cjd_223 thi\u1ebft k\u1ebf c\u00f3 th\u1ec3 t\u00e1i ch\u1ebf, v\u1edbi m\u1ed9t s\u1ed1 s\u1eeda \u0111\u1ed5i nh\u1ecf v\u00e0, KH\u00d4NG C\u00d3 G\u1ea0CH CHROME, KH\u00d4NG BAO G\u1ed2M H\u00ccNH NH\u1ece, KH\u00d4NG C\u00d3 STICKER. MOC 5083 Mortesv&#039;s UCS Nebulon-B Medical Frigate c\u1ee7a MOCFACTORY l\u00e0 m\u1ed9t b\u1ed9 Brick tuy\u1ec7t v\u1eddi<\/p>\n<figure id=\"attachment_193867\" aria-describedby=\"caption-attachment-193867\" style=\"width: 960px\" class=\"wp-caption aligncenter\"><img fetchpriority=\"high\" decoding=\"async\" class=\"size-full wp-image-193867\" title=\"T\u00e0u khu tr\u1ee5c y t\u1ebf UCS Nebulon-B c\u1ee7a MOC 5083 Mortesv c\u1ee7a MOCFACTORY\" src=\"https:\/\/pay.lpwstore.com\/wp-content\/uploads\/2020\/07\/moc-5083-mortesvs-ucs-nebulon-b-medical-frigate-by-mocfactory-173128.jpg\" alt=\"MOC 5083 Mortesv's UCS Nebulon-B Medical Frigate by MOCFACTORY\" width=\"960\" height=\"548\" \/><figcaption id=\"caption-attachment-193867\" class=\"wp-caption-text\">T\u00e0u khu tr\u1ee5c y t\u1ebf UCS Nebulon-B c\u1ee7a MOC 5083 Mortesv c\u1ee7a MOCFACTORY<\/figcaption><\/figure>\n<p>&nbsp;<\/p>\n<blockquote>\n<p>S\u1ed1 M\u1ed8C: 5083<br \/>\nT\u00ean T\u00e0u khu tr\u1ee5c y t\u1ebf UCS Nebulon-B c\u1ee7a MOC Mortesv<br \/>\nThi\u1ebft k\u1ebf b\u1edfi: cjd_223<br \/>\nN\u0103m thi\u1ebft k\u1ebf: 2016<br \/>\nH\u00e0ng t\u1ed3n kho 5724 b\u1ed9 ph\u1eadn<br \/>\nTh\u1ec3 lo\u1ea1i: Chi\u1ebfn tranh gi\u1eefa c\u00e1c v\u00ec sao<\/p>\n<\/blockquote>\n<ul>\n<li>+ 5724 mi\u1ebfng gh\u00e9p l\u00e0m t\u1eeb g\u1ea1ch nh\u1ef1a ABS 100% cao c\u1ea5p, an to\u00e0n cho b\u00e9, th\u1eddi gian ch\u01a1i l\u00e2u, 100% t\u01b0\u01a1ng th\u00edch v\u1edbi c\u00e1c h\u00e3ng g\u1ea1ch kh\u00e1c<\/li>\n<li><strong>KH\u00d4NG C\u00d3 PH\u1ea6N CHROME, KH\u00d4NG C\u00d3 CH\u1ee8C N\u0102NG NGU\u1ed2N, KH\u00d4NG C\u00d3 NH\u00c3N. M\u1ed9t s\u1ed1 h\u00ecnh \u1ea3nh v\u1ec1 MOC n\u00e0y ch\u1ec9 mang t\u00ednh ch\u1ea5t minh h\u1ecda<\/strong><\/li>\n<li><span style=\"font-size: 14.4px\">D\u1ec5 ch\u1ebf t\u1ea1o v\u1edbi h\u01b0\u1edbng d\u1eabn th\u1ee7 c\u00f4ng T\u00e0u khu tr\u1ee5c y t\u1ebf UCS Nebulon-B c\u1ee7a MOC 5083 Mortesv c\u1ee7a MOCFACTORY <\/span><span style=\"font-size: 14.4px;color: #555555\">v\u1edbi g\u1ea1ch b\u1eb1ng g\u1ea1ch h\u01b0\u1edbng d\u1eabn v\u00e0 h\u00ecnh \u1ea3nh ch\u1ea5t l\u01b0\u1ee3ng cao<\/span><\/li>\n<li><span style=\"font-size: 14.4px\">K\u00edch th\u01b0\u1edbc \u0111\u1ea7y \u0111\u1ee7 c\u1ee7a MOC 5083 Mortesv&#039;s UCS Nebulon-B Medical Frigate by MOCFACTORY<\/span><\/li>\n<\/ul>\n<figure id=\"attachment_182748\" aria-describedby=\"caption-attachment-182748\" style=\"width: 1680px\" class=\"wp-caption alignnone\"><img decoding=\"async\" class=\"wp-image-182748\" title=\"MOC 5083 Mortesv&#039;s T\u00e0u khu tr\u1ee5c y t\u1ebf UCS Nebulon-B c\u1ee7a MOCFACTORY\" src=\"https:\/\/pay.lpwstore.com\/wp-content\/uploads\/2020\/01\/moc-5083-mortesvs-ucs-nebulon-b-medical-frigate-by-mocfactory-5.jpg\" alt=\"-\" width=\"1680\" height=\"949\"><figcaption id=\"caption-attachment-182748\" class=\"wp-caption-text\">T\u00e0u khu tr\u1ee5c y t\u1ebf UCS Nebulon-B c\u1ee7a MOC 5083 Mortesv c\u1ee7a MOCFACTORY<\/figcaption><\/figure>\n<h4><strong>B\u1ea2O \u0110\u1ea2M<\/strong><\/h4>\n<p>Ch\u00fang t\u00f4i b\u1ea3o h\u00e0nh cho MOC 5083 Mortesv&#039;s UCS Nebulon-B Medical Frigate b\u1edfi MOCFACTORY<\/p>\n<ul>\n<li>Ho\u00e0n tr\u1ea3 \u0111\u1ea7y \u0111\u1ee7 n\u1ebfu kh\u00f4ng nh\u1eadn \u0111\u01b0\u1ee3c \u0111\u01a1n \u0111\u1eb7t h\u00e0ng c\u1ee7a b\u1ea1n<\/li>\n<li>Cung c\u1ea5p mi\u1ec5n ph\u00ed c\u00e1c ph\u1ea7n c\u00f2n thi\u1ebfu ho\u1eb7c s\u00e1ch h\u01b0\u1edbng d\u1eabn<\/li>\n<li>Kh\u00e1ch h\u00e0ng s\u1ebd kh\u00f4ng ph\u1ea3i tr\u1ea3 th\u00eam b\u1ea5t k\u1ef3 kho\u1ea3n thu\u1ebf v\u00e0 l\u1ec7 ph\u00ed h\u1ea3i quan n\u00e0o. (N\u1ebfu b\u1ea1n ph\u1ea3i tr\u1ea3 ti\u1ec1n, ch\u00fang t\u00f4i s\u1ebd ho\u00e0n l\u1ea1i ti\u1ec1n cho b\u1ea1n)<\/li>\n<li>V\u1eadn chuy\u1ec3n qu\u1ed1c t\u1ebf kh\u00e1 ph\u1ee9c t\u1ea1p, ch\u00fang t\u00f4i c\u1ed1 g\u1eafng h\u1ebft s\u1ee9c \u0111\u1ec3 x\u1eed l\u00fd t\u1ea5t c\u1ea3 c\u00e1c v\u1ea5n \u0111\u1ec1 c\u1ee7a b\u1ea1n. Tuy nhi\u00ean, n\u1ebfu \u0111\u01a1n \u0111\u1eb7t h\u00e0ng c\u1ee7a b\u1ea1n g\u1eb7p m\u1ed9t s\u1ed1 r\u1eafc r\u1ed1i, vui l\u00f2ng li\u00ean h\u1ec7 v\u1edbi ch\u00fang t\u00f4i qua email<\/li>\n<li><span data-text-color=\"alert\"><strong>H\u1ee7y \u0111\u01a1n h\u00e0ng:<\/strong><\/span> N\u1ebfu c\u1ea7n h\u1ee7y \u0111\u01a1n h\u00e0ng, b\u1ea1n c\u1ea7n li\u00ean h\u1ec7 v\u1edbi ch\u00fang t\u00f4i qua email contact@pay.lpwstore.com c\u00e0ng s\u1edbm c\u00e0ng t\u1ed1t. Ch\u00fang t\u00f4i kh\u00f4ng th\u1ec3 d\u1eebng \u0111\u1eb7t h\u00e0ng cho \u0111\u1ebfn 48 gi\u1edd<\/li>\n<\/ul>\n<h4><strong>\u0110ANG CHUY\u1ec2N H\u00c0NG<\/strong><\/h4>\n<p>T\u00e0u khu tr\u1ee5c y t\u1ebf UCS Nebulon-B c\u1ee7a MOC 5083 Mortesv c\u1ee7a MOCFACTORY s\u1ebd s\u1eb5n s\u00e0ng xu\u1ea5t x\u01b0\u1edfng sau 10-15 ng\u00e0y sau khi \u0111\u1eb7t h\u00e0ng. H\u00e3y \u0111\u1ee3i ch\u00fang t\u00f4i.<\/p>\n<h4><strong>NH\u1eeeNG PH\u1ea6N C\u00d2N THI\u1ebeU<\/strong><\/h4>\n<p>T\u1ea5t c\u1ea3 c\u00e1c b\u1ed9 ph\u1eadn c\u1ee7a MOC 5083 Mortesv&#039;s UCS Nebulon-B Medical Frigate c\u1ee7a MOCFACTORY \u0111\u1ec1u \u0111\u01b0\u1ee3c ki\u1ec3m tra ch\u1ea5t l\u01b0\u1ee3ng tr\u01b0\u1edbc khi v\u1eadn chuy\u1ec3n, v\u00ec v\u1eady n\u1ebfu b\u1ea1n th\u1ea5y m\u1ed9t s\u1ed1 b\u1ed9 ph\u1eadn b\u1ecb thi\u1ebfu ho\u1eb7c h\u01b0 h\u1ecfng, \u0111\u1eebng lo l\u1eafng. Vui l\u00f2ng li\u00ean h\u1ec7 v\u1edbi ch\u00fang t\u00f4i v\u00e0 ch\u00fang t\u00f4i s\u1ebd g\u1eedi ch\u00fang cho b\u1ea1n m\u00e0 kh\u00f4ng m\u1ea5t b\u1ea5t k\u1ef3 kho\u1ea3n ph\u00ed n\u00e0o, ho\u1eb7c ch\u00fang t\u00f4i s\u1ebd ho\u00e0n l\u1ea1i m\u1ed9t kho\u1ea3n ti\u1ec1n nh\u1ecf \u0111\u1ec3 b\u1ea1n mua \u1edf nh\u1eefng n\u01a1i kh\u00e1c.<\/figure>\n<figure id=\"attachment_182743\" class=\"wp-caption alignnone\" style=\"width: 1980px\" aria-describedby=\"caption-attachment-182743\"><\/figure>\n<\/div>\n<div>\n<figure id=\"attachment_182744\" class=\"wp-caption alignnone\" style=\"width: 800px\" aria-describedby=\"caption-attachment-182744\">\n<figure id=\"attachment_182744\" aria-describedby=\"caption-attachment-182744\" style=\"width: 800px\" class=\"wp-caption alignnone\"><img decoding=\"async\" class=\"wp-image-182744 size-full\" title=\"T\u00e0u khu tr\u1ee5c y t\u1ebf UCS Nebulon-B c\u1ee7a MOC 5083 Mortesv c\u1ee7a MOCFACTORY\" src=\"https:\/\/pay.lpwstore.com\/wp-content\/uploads\/2020\/01\/moc-5083-mortesvs-ucs-nebulon-b-medical-frigate-by-mocfactory-1.jpg\" alt=\"MOC 5083 Mortesv's UCS Nebulon-B Medical Frigate by MOCFACTORY\" width=\"800\" height=\"600\" \/><figcaption id=\"caption-attachment-182744\" class=\"wp-caption-text\">MOC 5083 Mortesv&#039;s UCS Nebulon-B Medical Frigate by MOCFACTORY \u2013 Kh\u00f4ng bao g\u1ed3m C\u0103n c\u1ee9 v\u00e0 t\u00e0u nh\u1ecf<\/figcaption><\/figure>\n<\/figure>\n<\/div>\n<div>\n<figure id=\"attachment_182745\" class=\"wp-caption alignnone\" style=\"width: 1980px\" aria-describedby=\"caption-attachment-182745\">\n<figure id=\"attachment_182745\" aria-describedby=\"caption-attachment-182745\" style=\"width: 1980px\" class=\"wp-caption alignnone\"><img loading=\"lazy\" decoding=\"async\" class=\"wp-image-182745 size-full\" title=\"T\u00e0u khu tr\u1ee5c y t\u1ebf UCS Nebulon-B c\u1ee7a MOC 5083 Mortesv c\u1ee7a MOCFACTORY\" src=\"https:\/\/pay.lpwstore.com\/wp-content\/uploads\/2020\/01\/moc-5083-mortesvs-ucs-nebulon-b-medical-frigate-by-mocfactory-2.jpg\" alt=\"MOC 5083 Mortesv's UCS Nebulon-B Medical Frigate by MOCFACTORY\" width=\"1980\" height=\"903\" \/><figcaption id=\"caption-attachment-182745\" class=\"wp-caption-text\">MOC 5083 Mortesv&#039;s UCS Nebulon-B Medical Frigate by MOCFACTORY \u2013 Kh\u00f4ng bao g\u1ed3m C\u0103n c\u1ee9 v\u00e0 t\u00e0u nh\u1ecf<\/figcaption><\/figure>\n<\/figure>\n<\/div>\n<div>\n<figure id=\"attachment_182746\" class=\"wp-caption alignnone\" style=\"width: 1980px\" aria-describedby=\"caption-attachment-182746\">\n<figure id=\"attachment_182746\" aria-describedby=\"caption-attachment-182746\" style=\"width: 1980px\" class=\"wp-caption alignnone\"><img loading=\"lazy\" decoding=\"async\" class=\"wp-image-182746 size-full\" title=\"T\u00e0u khu tr\u1ee5c y t\u1ebf UCS Nebulon-B c\u1ee7a MOC 5083 Mortesv c\u1ee7a MOCFACTORY\" src=\"https:\/\/pay.lpwstore.com\/wp-content\/uploads\/2020\/01\/moc-5083-mortesvs-ucs-nebulon-b-medical-frigate-by-mocfactory-3.jpg\" alt=\"MOC 5083 Mortesv's UCS Nebulon-B Medical Frigate by MOCFACTORY\" width=\"1980\" height=\"1365\" \/><figcaption id=\"caption-attachment-182746\" class=\"wp-caption-text\">MOC 5083 Mortesv&#039;s UCS Nebulon-B Medical Frigate by MOCFACTORY \u2013 Kh\u00f4ng bao g\u1ed3m C\u0103n c\u1ee9 v\u00e0 t\u00e0u nh\u1ecf<\/figcaption><\/figure>\n<\/figure>\n<\/div>\n<div>\n<figure id=\"attachment_182747\" class=\"wp-caption alignnone\" style=\"width: 1980px\" aria-describedby=\"caption-attachment-182747\">\n<figure id=\"attachment_182747\" aria-describedby=\"caption-attachment-182747\" style=\"width: 1980px\" class=\"wp-caption alignnone\"><img loading=\"lazy\" decoding=\"async\" class=\"wp-image-182747 size-full\" title=\"MOC 5083 Mortesv&#039;s T\u00e0u khu tr\u1ee5c y t\u1ebf UCS Nebulon-B c\u1ee7a MOCFACTORY\" src=\"https:\/\/pay.lpwstore.com\/wp-content\/uploads\/2020\/01\/moc-5083-mortesvs-ucs-nebulon-b-medical-frigate-by-mocfactory-4.jpg\" alt=\"-\" width=\"1980\" height=\"971\"><figcaption id=\"caption-attachment-182747\" class=\"wp-caption-text\">MOC 5083 Mortesv&#039;s UCS Nebulon-B Medical Frigate by MOCFACTORY \u2013 Kh\u00f4ng bao g\u1ed3m C\u0103n c\u1ee9 v\u00e0 t\u00e0u nh\u1ecf<\/figcaption><\/figure>\n<\/figure>\n<\/div>\n<div>\n<figure id=\"attachment_182749\" class=\"wp-caption alignnone\" style=\"width: 1980px\" aria-describedby=\"caption-attachment-182749\">\n<figure id=\"attachment_182749\" aria-describedby=\"caption-attachment-182749\" style=\"width: 1980px\" class=\"wp-caption alignnone\"><img loading=\"lazy\" decoding=\"async\" class=\"wp-image-182749 size-full\" title=\"MOC 5083 Mortesv&#039;s T\u00e0u khu tr\u1ee5c y t\u1ebf UCS Nebulon-B c\u1ee7a MOCFACTORY\" src=\"https:\/\/pay.lpwstore.com\/wp-content\/uploads\/2020\/01\/moc-5083-mortesvs-ucs-nebulon-b-medical-frigate-by-mocfactory-6.jpg\" alt=\"-\" width=\"1980\" height=\"949\"><figcaption id=\"caption-attachment-182749\" class=\"wp-caption-text\">MOC 5083 Mortesv&#039;s UCS Nebulon-B Medical Frigate by MOCFACTORY \u2013 Kh\u00f4ng bao g\u1ed3m C\u0103n c\u1ee9 v\u00e0 t\u00e0u nh\u1ecf<\/figcaption><\/figure>\n<\/figure>\n<\/div>\n<div>\n<figure id=\"attachment_182750\" class=\"wp-caption alignnone\" style=\"width: 900px\" aria-describedby=\"caption-attachment-182750\">\n<figure id=\"attachment_182750\" aria-describedby=\"caption-attachment-182750\" style=\"width: 900px\" class=\"wp-caption alignnone\"><img loading=\"lazy\" decoding=\"async\" class=\"wp-image-182750 size-full\" title=\"MOC 5083 Mortesv&#039;s T\u00e0u khu tr\u1ee5c y t\u1ebf UCS Nebulon-B c\u1ee7a MOCFACTORY\" src=\"https:\/\/pay.lpwstore.com\/wp-content\/uploads\/2020\/01\/moc-5083-mortesvs-ucs-nebulon-b-medical-frigate-by-mocfactory-7.jpg\" alt=\"-\" width=\"900\" height=\"600\"><figcaption id=\"caption-attachment-182750\" class=\"wp-caption-text\">MOC 5083 Mortesv&#039;s UCS Nebulon-B Medical Frigate by MOCFACTORY \u2013 Kh\u00f4ng bao g\u1ed3m C\u0103n c\u1ee9 v\u00e0 t\u00e0u nh\u1ecf<\/figcaption><\/figure>\n<\/figure>\n<\/div>\n<div>\n<figure id=\"attachment_182751\" class=\"wp-caption alignnone\" style=\"width: 1980px\" aria-describedby=\"caption-attachment-182751\">\n<figure id=\"attachment_182751\" aria-describedby=\"caption-attachment-182751\" style=\"width: 1980px\" class=\"wp-caption alignnone\"><img loading=\"lazy\" decoding=\"async\" class=\"wp-image-182751 size-full\" title=\"MOC 5083 Mortesv&#039;s T\u00e0u khu tr\u1ee5c y t\u1ebf UCS Nebulon-B c\u1ee7a MOCFACTORY\" src=\"https:\/\/pay.lpwstore.com\/wp-content\/uploads\/2020\/01\/moc-5083-mortesvs-ucs-nebulon-b-medical-frigate-by-mocfactory-8.jpg\" alt=\"-\" width=\"1980\" height=\"1320\"><figcaption id=\"caption-attachment-182751\" class=\"wp-caption-text\">MOC 5083 Mortesv&#039;s UCS Nebulon-B Medical Frigate by MOCFACTORY \u2013 Kh\u00f4ng bao g\u1ed3m C\u0103n c\u1ee9 v\u00e0 t\u00e0u nh\u1ecf<\/figcaption><\/figure>\n<\/figure>\n<figure id=\"attachment_182753\" class=\"wp-caption alignnone\" style=\"width: 800px\" aria-describedby=\"caption-attachment-182753\"><img loading=\"lazy\" decoding=\"async\" class=\"size-full wp-image-182753\" title=\"T\u00e0u khu tr\u1ee5c y t\u1ebf UCS Nebulon-B c\u1ee7a MOC 5083 Mortesv c\u1ee7a MOCFACTORY\" src=\"https:\/\/pay.lpwstore.com\/wp-content\/uploads\/2020\/01\/moc-5083-mortesvs-ucs-nebulon-b-medical-frigate-by-mocfactory.png\" alt=\"MOC 5083 Mortesv's UCS Nebulon-B Medical Frigate by MOCFACTORY\" width=\"800\" height=\"800\" \/><figcaption id=\"caption-attachment-182753\" class=\"wp-caption-text\">T\u00e0u khu tr\u1ee5c y t\u1ebf UCS Nebulon-B c\u1ee7a MOC 5083 Mortesv c\u1ee7a MOCFACTORY<\/figcaption><\/figure>\n<\/div>","protected":false},"excerpt":{"rendered":"<h2><strong>T\u00e0u khu tr\u1ee5c y t\u1ebf UCS Nebulon-B c\u1ee7a MOC 5083 Mortesv c\u1ee7a MOCFACTORY\u00a0<\/strong><\/h2>\n<ul>\n<li>Bao g\u1ed3m: <strong>5724+<\/strong> Pcs \u2013 Kh\u00f4ng bao g\u1ed3m C\u0103n c\u1ee9 v\u00e0 t\u00e0u nh\u1ecf + H\u01b0\u1edbng d\u1eabn PDF<\/li>\n<li>S\u1ea3n xu\u1ea5t b\u1edfi: M\u1ed8C FACTORY<\/li>\n<li>Thi\u1ebft k\u1ebf b\u1edfi: cjd_223<\/li>\n<li>10-15 ng\u00e0y \u0111\u1ec3 chu\u1ea9n b\u1ecb v\u1eadn chuy\u1ec3n<\/li>\n<\/ul>","protected":false},"featured_media":19292,"comment_status":"open","ping_status":"closed","template":"","meta":{"_acf_changed":false},"product_cat":[15],"product_tag":[],"class_list":["product","first","instock","shipping-taxable","purchasable","product-type-simple"],"acf":[],"_links":{"self":[{"href":"https:\/\/mouldking.store\/vi\/wp-json\/wp\/v2\/product\/19298","targetHints":{"allow":["GET"]}}],"collection":[{"href":"https:\/\/mouldking.store\/vi\/wp-json\/wp\/v2\/product"}],"about":[{"href":"https:\/\/mouldking.store\/vi\/wp-json\/wp\/v2\/types\/product"}],"replies":[{"embeddable":true,"href":"https:\/\/mouldking.store\/vi\/wp-json\/wp\/v2\/comments?post=19298"}],"wp:featuredmedia":[{"embeddable":true,"href":"https:\/\/mouldking.store\/vi\/wp-json\/wp\/v2\/media\/19292"}],"wp:attachment":[{"href":"https:\/\/mouldking.store\/vi\/wp-json\/wp\/v2\/media?parent=19298"}],"wp:term":[{"taxonomy":"product_cat","embeddable":true,"href":"https:\/\/mouldking.store\/vi\/wp-json\/wp\/v2\/product_cat?post=19298"},{"taxonomy":"product_tag","embeddable":true,"href":"https:\/\/mouldking.store\/vi\/wp-json\/wp\/v2\/product_tag?post=19298"}],"curies":[{"name":"wp","href":"https:\/\/api.w.org\/{rel}","templated":true}]}}