{"id":19325,"date":"2021-10-09T04:30:52","date_gmt":"2021-10-08T21:30:52","guid":{"rendered":"https:\/\/mouldking.store\/shop\/moc-20612-sr-71-blackbird-military-by-heatproofnut-moc-factory\/"},"modified":"2025-12-25T09:27:33","modified_gmt":"2025-12-25T02:27:33","slug":"moc-20612-sr-71-blackbird-military-by-heatproofnut-moc-factory","status":"publish","type":"product","link":"https:\/\/mouldking.store\/vi\/shop\/moc-20612-sr-71-blackbird-military-by-heatproofnut-moc-factory\/","title":{"rendered":"MOC-20612 SR-71 Blackbird Military c\u1ee7a HeatproofNut MOC FACTORY"},"content":{"rendered":"<p>MOC-20612 SR-71 Blackbird Military c\u1ee7a HeatproofNut MOC FACTORY l\u00e0 m\u1ed9t b\u1ed9 trong b\u1ed9 s\u01b0u t\u1eadp Military, \u0111\u01b0\u1ee3c thi\u1ebft k\u1ebf b\u1edfi HeatproofNut. MOC 20612 n\u00e0y \u0111i k\u00e8m v\u1edbi h\u01b0\u1edbng d\u1eabn 3D gi\u00fap d\u1ec5 d\u00e0ng x\u00e2y d\u1ef1ng v\u00e0 t\u00ecm c\u00e1c ph\u1ea7n c\u00f2n thi\u1ebfu. B\u1ed9 n\u00e0y g\u1ed3m 1968 mi\u1ebfng, ph\u00e1t h\u00e0nh l\u1ea7n \u0111\u1ea7u v\u00e0o n\u0103m 2021.<\/p>\n<figure id=\"attachment_208006\" aria-describedby=\"caption-attachment-208006\" style=\"width: 800px\" class=\"wp-caption aligncenter\"><a href=\"https:\/\/pay.lpwstore.com\/wp-content\/uploads\/2020\/02\/MOC-20612-SR-71-Blackbird-Military-by-HeatproofNut-MOC-FACTORY.jpg\" target=\"_blank\" rel=\"noopener\"><img fetchpriority=\"high\" decoding=\"async\" class=\"wp-image-208006 size-full\" title=\"MOC-20612 SR-71 Blackbird Military c\u1ee7a HeatproofNut MOC FACTORY\" src=\"https:\/\/pay.lpwstore.com\/wp-content\/uploads\/2020\/02\/MOC-20612-SR-71-Blackbird-Military-by-HeatproofNut-MOC-FACTORY.jpg\" alt=\"MOC-20612 SR-71 Blackbird Military by HeatproofNut MOC FACTORY\" width=\"800\" height=\"800\" \/><\/a><figcaption id=\"caption-attachment-208006\" class=\"wp-caption-text\">MOC-20612 SR-71 Blackbird Military c\u1ee7a HeatproofNut MOC FACTORY<\/figcaption><\/figure>\n<p>&nbsp;<\/p>\n<figure id=\"attachment_208002\" aria-describedby=\"caption-attachment-208002\" style=\"width: 1000px\" class=\"wp-caption aligncenter\"><img decoding=\"async\" class=\"wp-image-208002 size-full\" title=\"MOC 40001 M\u00e1y bay Lockheed SR-71 Blackbird\" src=\"https:\/\/pay.lpwstore.com\/wp-content\/uploads\/2021\/06\/moc-40001-lockheed-sr-71-blackbird-aircraft-214752.jpg\" alt=\"MOC 40001 Lockheed SR-71 Blackbird Aircraft\" width=\"1000\" height=\"1000\" \/><figcaption id=\"caption-attachment-208002\" class=\"wp-caption-text\">MOC 40001 M\u00e1y bay Lockheed SR-71 Blackbird<\/figcaption><\/figure>\n<figure id=\"attachment_208003\" aria-describedby=\"caption-attachment-208003\" style=\"width: 1000px\" class=\"wp-caption aligncenter\"><img decoding=\"async\" class=\"size-full wp-image-208003\" title=\"MOC 40001 M\u00e1y bay Lockheed SR-71 Blackbird\" src=\"https:\/\/pay.lpwstore.com\/wp-content\/uploads\/2021\/06\/moc-40001-lockheed-sr-71-blackbird-aircraft-214756.jpg\" alt=\"MOC 40001 Lockheed SR-71 Blackbird Aircraft\" width=\"1000\" height=\"1000\" \/><figcaption id=\"caption-attachment-208003\" class=\"wp-caption-text\">MOC 40001 M\u00e1y bay Lockheed SR-71 Blackbird<\/figcaption><\/figure>\n<figure id=\"attachment_208004\" aria-describedby=\"caption-attachment-208004\" style=\"width: 1000px\" class=\"wp-caption aligncenter\"><img loading=\"lazy\" decoding=\"async\" class=\"size-full wp-image-208004\" title=\"MOC 40001 M\u00e1y bay Lockheed SR-71 Blackbird\" src=\"https:\/\/pay.lpwstore.com\/wp-content\/uploads\/2021\/06\/moc-40001-lockheed-sr-71-blackbird-aircraft-214759.jpg\" alt=\"MOC 40001 Lockheed SR-71 Blackbird Aircraft\" width=\"1000\" height=\"1000\" \/><figcaption id=\"caption-attachment-208004\" class=\"wp-caption-text\">MOC 40001 M\u00e1y bay Lockheed SR-71 Blackbird<\/figcaption><\/figure>\n<figure id=\"attachment_208005\" aria-describedby=\"caption-attachment-208005\" style=\"width: 1000px\" class=\"wp-caption aligncenter\"><img loading=\"lazy\" decoding=\"async\" class=\"size-full wp-image-208005\" title=\"MOC 40001 M\u00e1y bay Lockheed SR-71 Blackbird\" src=\"https:\/\/pay.lpwstore.com\/wp-content\/uploads\/2021\/06\/moc-40001-lockheed-sr-71-blackbird-aircraft-214802.jpg\" alt=\"MOC 40001 Lockheed SR-71 Blackbird Aircraft\" width=\"1000\" height=\"1000\" \/><figcaption id=\"caption-attachment-208005\" class=\"wp-caption-text\">MOC 40001 M\u00e1y bay Lockheed SR-71 Blackbird<\/figcaption><\/figure>","protected":false},"excerpt":{"rendered":"<ul>\n<li>Bao g\u1ed3m <strong>1968+<\/strong> chi\u1ebfc<\/li>\n<li>h\u01b0\u1edbng d\u1eabn t\u1eadp tin 3D<\/li>\n<li>Kh\u1ed1i ABS ch\u1ea5t l\u01b0\u1ee3ng cao<\/li>\n<li>K\u00edch th\u01b0\u1edbc:101 x 43 x 19 cm<\/li>\n<\/ul>","protected":false},"featured_media":19320,"comment_status":"open","ping_status":"closed","template":"","meta":{"_acf_changed":false},"product_cat":[372],"product_tag":[],"class_list":["product","first","instock","shipping-taxable","purchasable","product-type-simple"],"acf":[],"_links":{"self":[{"href":"https:\/\/mouldking.store\/vi\/wp-json\/wp\/v2\/product\/19325","targetHints":{"allow":["GET"]}}],"collection":[{"href":"https:\/\/mouldking.store\/vi\/wp-json\/wp\/v2\/product"}],"about":[{"href":"https:\/\/mouldking.store\/vi\/wp-json\/wp\/v2\/types\/product"}],"replies":[{"embeddable":true,"href":"https:\/\/mouldking.store\/vi\/wp-json\/wp\/v2\/comments?post=19325"}],"wp:featuredmedia":[{"embeddable":true,"href":"https:\/\/mouldking.store\/vi\/wp-json\/wp\/v2\/media\/19320"}],"wp:attachment":[{"href":"https:\/\/mouldking.store\/vi\/wp-json\/wp\/v2\/media?parent=19325"}],"wp:term":[{"taxonomy":"product_cat","embeddable":true,"href":"https:\/\/mouldking.store\/vi\/wp-json\/wp\/v2\/product_cat?post=19325"},{"taxonomy":"product_tag","embeddable":true,"href":"https:\/\/mouldking.store\/vi\/wp-json\/wp\/v2\/product_tag?post=19325"}],"curies":[{"name":"wp","href":"https:\/\/api.w.org\/{rel}","templated":true}]}}