{"id":19443,"date":"2021-10-09T04:32:30","date_gmt":"2021-10-09T04:32:30","guid":{"rendered":"https:\/\/mouldking.store\/shop\/moc-42055-mk-288-bwe-giant-dig-machine-by-moc-factory\/"},"modified":"2025-12-25T09:27:27","modified_gmt":"2025-12-25T02:27:27","slug":"moc-42055-mk-288-bwe-giant-dig-machine-by-moc-factory","status":"publish","type":"product","link":"https:\/\/mouldking.store\/vi\/shop\/moc-42055-mk-288-bwe-giant-dig-machine-by-moc-factory\/","title":{"rendered":"M\u00e1y \u0111\u00e0o kh\u1ed5ng l\u1ed3 MOC 42055 MK 288 BWE c\u1ee7a MOC FACTORY"},"content":{"rendered":"<p>&nbsp;<\/p>\n<div class=\"\">\n<ul class=\"product-specs-list util-clearfix\">\n<li class=\"product-prop line-limit-length\"><span class=\"property-title\">Gi\u1edbi t\u00ednh:\u00a0<\/span><span class=\"property-desc line-limit-length\">c\u1ea3 nam v\u00e0 n\u1eef<\/span><\/li>\n<li class=\"product-prop line-limit-length\"><span class=\"property-title\">\u0110\u1ed9 tu\u1ed5i:\u00a0<\/span><span class=\"property-desc line-limit-length\">&gt; 8 tu\u1ed5i<\/span><\/li>\n<li class=\"product-prop line-limit-length\"><span class=\"property-title\">S\u1ed1 m\u00f4 h\u00ecnh:\u00a0<\/span><span class=\"property-desc line-limit-length\">MOC-42055<\/span><\/li>\n<li class=\"product-prop line-limit-length\"><span class=\"property-title\">Ki\u1ec3u:\u00a0<\/span><span class=\"property-desc line-limit-length\">KH\u1ed0I<\/span><\/li>\n<li class=\"product-prop line-limit-length\"><span class=\"property-title\">V\u1eadt li\u1ec7u:\u00a0<\/span><span class=\"property-desc line-limit-length\">Nh\u1ef1a<\/span><\/li>\n<li class=\"product-prop line-limit-length\"><span class=\"property-title\">Lo\u1ea1i nh\u1ef1a:\u00a0<\/span><span class=\"property-desc line-limit-length\">ABS<\/span><\/li>\n<li class=\"product-prop line-limit-length\"><span class=\"property-title\">H\u00ecnh d\u1ea1ng kh\u1ed1i nh\u1ef1a:\u00a0<\/span><span class=\"property-desc line-limit-length\">G\u1ea1ch t\u1ef1 kh\u00f3a<\/span><\/li>\n<\/ul>\n<\/div>","protected":false},"excerpt":{"rendered":"<ul>\n<li>Bao g\u1ed3m <strong>22,000<\/strong> pieces<\/li>\n<li>H\u01b0\u1edbng d\u1eabn PDF tr\u1ef1c tuy\u1ebfn<\/li>\n<\/ul>","protected":false},"featured_media":19439,"comment_status":"open","ping_status":"closed","template":"","meta":{"_acf_changed":false},"product_cat":[15],"product_tag":[],"class_list":["product","first","instock","shipping-taxable","purchasable","product-type-variable","has-default-attributes"],"acf":[],"_links":{"self":[{"href":"https:\/\/mouldking.store\/vi\/wp-json\/wp\/v2\/product\/19443","targetHints":{"allow":["GET"]}}],"collection":[{"href":"https:\/\/mouldking.store\/vi\/wp-json\/wp\/v2\/product"}],"about":[{"href":"https:\/\/mouldking.store\/vi\/wp-json\/wp\/v2\/types\/product"}],"replies":[{"embeddable":true,"href":"https:\/\/mouldking.store\/vi\/wp-json\/wp\/v2\/comments?post=19443"}],"wp:featuredmedia":[{"embeddable":true,"href":"https:\/\/mouldking.store\/vi\/wp-json\/wp\/v2\/media\/19439"}],"wp:attachment":[{"href":"https:\/\/mouldking.store\/vi\/wp-json\/wp\/v2\/media?parent=19443"}],"wp:term":[{"taxonomy":"product_cat","embeddable":true,"href":"https:\/\/mouldking.store\/vi\/wp-json\/wp\/v2\/product_cat?post=19443"},{"taxonomy":"product_tag","embeddable":true,"href":"https:\/\/mouldking.store\/vi\/wp-json\/wp\/v2\/product_tag?post=19443"}],"curies":[{"name":"wp","href":"https:\/\/api.w.org\/{rel}","templated":true}]}}