{"id":19536,"date":"2021-10-09T04:35:07","date_gmt":"2021-10-09T04:35:07","guid":{"rendered":"https:\/\/mouldking.store\/shop\/moc-21541-mass-effect-3-normandy-sr-2-by-elijahlittle-moc-factory\/"},"modified":"2025-12-25T09:27:24","modified_gmt":"2025-12-25T02:27:24","slug":"moc-21541-mass-effect-3-normandy-sr-2-by-elijahlittle-moc-factory","status":"publish","type":"product","link":"https:\/\/mouldking.store\/vi\/shop\/moc-21541-mass-effect-3-normandy-sr-2-by-elijahlittle-moc-factory\/","title":{"rendered":"MOC 21541 Mass Effect 3 Normandy SR 2 c\u1ee7a ElijahLittle MOC FACTORY"},"content":{"rendered":"<p><strong>CHI TI\u1ebeT S\u1ea2N PH\u1ea8M<\/strong><\/p>\n<p>MOC 21541 Mass Effect 3 Normandy SR 2 by ElijahLittle MOC FACTORY is based\u00a0 on Normandy SR 2 in Mass Effect 3 Game.\u00a0 It&#8217;s an awesome Brick set MOC 21541 Mass Effect 3 Normandy SR 2 by ElijahLittle and Originally designed by Sebastian Br\u00fcckner<\/p>\n<p>The Normandy SR-2 is a starship that appears in 2185, and serves as the &#8220;successor&#8221; to the SR-1. The Illusive Man had Cerberus build the SR-2 for the newly revived Commander Shepard&#8217;s team to aid them in their mission to stop the Collectors&#8217; galaxy-wide campaign of human abductions. The ship serves as the headquarters of the Lazarus Cell.<\/p>\n<p>The ship is very similar to the Systems Alliance&#8217;s SSV Normandy SR-1, having been based on the design layout of the original. The Normandy SR-2 has several key differences, the most significant being that she is almost twice the mass of the original. Cerberus also designed the ship with more crew-oriented comforts by including civilian-grade accommodations (like leather chairs and a kitchen).<\/p>\n<p>The ship still retains the SSV Normandy SR-1&#8217;s stealth characteristics. However, unlike the SR-1, the SR-2 cannot land on every planet\u2014due to her increased mass\u2014requiring shore parties to use a shuttle to get to a planet&#8217;s surface.<\/p>\n<figure id=\"attachment_188129\" aria-describedby=\"caption-attachment-188129\" style=\"width: 1020px\" class=\"wp-caption alignnone\"><img fetchpriority=\"high\" decoding=\"async\" class=\"size-large wp-image-188129\" src=\"https:\/\/pay.lpwstore.com\/wp-content\/uploads\/2020\/05\/MOC-21541-Mass-Effect-3-Normandy-SR-2-by-ElijahLittle-MOC-FACTORY-1-1024x640.jpg\" alt=\"-\" width=\"1020\" height=\"638\" title=\"-\"><figcaption id=\"caption-attachment-188129\" class=\"wp-caption-text\">MOC 21541 Mass Effect 3 Normandy SR 2 c\u1ee7a ElijahLittle MOC FACTORY<\/figcaption><\/figure>\n<ul>\n<li>+ 3320\u00a0 pieces made from high-quality 100% ABS plastic bricks, safe for children, long time to play, 100% compatible with other brick brands<\/li>\n<li><span style=\"font-size: 14.4px\">Easy-to-build with manual instruction of MOC 21541 Mass Effect 3 Normandy SR 2 by ElijahLittle MOC FACTORY <\/span><span style=\"font-size: 14.4px;color: #555555\">v\u1edbi g\u1ea1ch b\u1eb1ng g\u1ea1ch h\u01b0\u1edbng d\u1eabn v\u00e0 h\u00ecnh \u1ea3nh ch\u1ea5t l\u01b0\u1ee3ng cao<\/span><\/li>\n<li><span style=\"font-size: 14.4px\">Full dimensions of MOC 21541 Mass Effect 3 Normandy SR 2 by ElijahLittle MOC FACTORY:<\/span><\/li>\n<\/ul>\n<p>&nbsp;<\/p>\n<blockquote>\n<p>MOC Number: 21541<br \/>\nName: Mass Effect 3 Normandy SR-2<br \/>\nDesigned by: ElijahLittle<br \/>\nDesigned Year: 2017<br \/>\nNumber of parts: 3320 parts<br \/>\nTh\u1ec3 lo\u1ea1i: Kh\u00f4ng gian<\/p>\n<\/blockquote>\n<h4><strong>GIAO H\u00c0NG V\u00c0 TR\u1ea2 L\u1ea0I<\/strong><\/h4>\n<p>We guarantee for MOC 21541 Mass Effect 3 Normandy SR 2 by ElijahLittle MOC FACTORY<\/p>\n<ul>\n<li>Ho\u00e0n tr\u1ea3 \u0111\u1ea7y \u0111\u1ee7 n\u1ebfu kh\u00f4ng nh\u1eadn \u0111\u01b0\u1ee3c \u0111\u01a1n \u0111\u1eb7t h\u00e0ng c\u1ee7a b\u1ea1n<\/li>\n<li>Cung c\u1ea5p mi\u1ec5n ph\u00ed c\u00e1c ph\u1ea7n c\u00f2n thi\u1ebfu ho\u1eb7c s\u00e1ch h\u01b0\u1edbng d\u1eabn<\/li>\n<li>Kh\u00e1ch h\u00e0ng s\u1ebd kh\u00f4ng ph\u1ea3i tr\u1ea3 th\u00eam ti\u1ec1n thu\u1ebf v\u00e0 l\u1ec7 ph\u00ed h\u1ea3i quan. (N\u1ebfu b\u1ea1n ph\u1ea3i tr\u1ea3 ti\u1ec1n, ch\u00fang t\u00f4i s\u1ebd ho\u00e0n l\u1ea1i ti\u1ec1n cho b\u1ea1n)<\/li>\n<li>V\u1eadn chuy\u1ec3n qu\u1ed1c t\u1ebf kh\u00e1 ph\u1ee9c t\u1ea1p, ch\u00fang t\u00f4i c\u1ed1 g\u1eafng h\u1ebft s\u1ee9c \u0111\u1ec3 x\u1eed l\u00fd t\u1ea5t c\u1ea3 c\u00e1c v\u1ea5n \u0111\u1ec1 c\u1ee7a b\u1ea1n. Tuy nhi\u00ean, n\u1ebfu \u0111\u01a1n \u0111\u1eb7t h\u00e0ng c\u1ee7a b\u1ea1n g\u1eb7p m\u1ed9t s\u1ed1 r\u1eafc r\u1ed1i, vui l\u00f2ng li\u00ean h\u1ec7 v\u1edbi ch\u00fang t\u00f4i qua email<\/li>\n<li><span data-text-color=\"alert\"><strong>H\u1ee7y \u0111\u01a1n h\u00e0ng:<\/strong><\/span> N\u1ebfu c\u1ea7n h\u1ee7y \u0111\u01a1n h\u00e0ng, b\u1ea1n c\u1ea7n li\u00ean h\u1ec7 v\u1edbi ch\u00fang t\u00f4i qua email contact@pay.lpwstore.com c\u00e0ng s\u1edbm c\u00e0ng t\u1ed1t. Ch\u00fang t\u00f4i kh\u00f4ng th\u1ec3 d\u1eebng \u0111\u1eb7t h\u00e0ng cho \u0111\u1ebfn 48 gi\u1edd<\/li>\n<\/ul>\n<h4><strong>NH\u1eeeNG PH\u1ea6N C\u00d2N THI\u1ebeU<\/strong><\/h4>\n<p>All parts of MOC 21541 Mass Effect 3 Normandy SR 2 by ElijahLittle MOC FACTORY \u00a0are quality checked before shipping, so if you find some missing or damaged parts, don&#8217;t worry. Please contact us and we will send them to you without any fees, or we will offer a small refund for you to buy in other places.<\/p>\n<h4><strong>B\u01afU KI\u1ec6N<\/strong><\/h4>\n<p>MOC 21541 Mass Effect 3 Normandy SR 2 by ElijahLittle MOC FACTORY new in sealed Bag with Bubble Safty Packing (No original box, original box is too big and easy to be broken during shipping, and this will save cost for you. We promise to pack the blocks well.<\/p>\n<figure id=\"attachment_188131\" aria-describedby=\"caption-attachment-188131\" style=\"width: 1020px\" class=\"wp-caption alignnone\"><img decoding=\"async\" class=\"size-large wp-image-188131\" src=\"https:\/\/pay.lpwstore.com\/wp-content\/uploads\/2020\/05\/MOC-21541-Mass-Effect-3-Normandy-SR-2-by-ElijahLittle-MOC-FACTORY-2-1024x509.jpg\" alt=\"-\" width=\"1020\" height=\"507\" title=\"-\"><figcaption id=\"caption-attachment-188131\" class=\"wp-caption-text\">MOC 21541 Mass Effect 3 Normandy SR 2 c\u1ee7a ElijahLittle MOC FACTORY<\/figcaption><\/figure>\n<figure id=\"attachment_188132\" aria-describedby=\"caption-attachment-188132\" style=\"width: 1020px\" class=\"wp-caption alignnone\"><img decoding=\"async\" class=\"size-large wp-image-188132\" src=\"https:\/\/pay.lpwstore.com\/wp-content\/uploads\/2020\/05\/MOC-21541-Mass-Effect-3-Normandy-SR-2-by-ElijahLittle-MOC-FACTORY-3-1024x445.jpg\" alt=\"-\" width=\"1020\" height=\"443\" title=\"-\"><figcaption id=\"caption-attachment-188132\" class=\"wp-caption-text\">MOC 21541 Mass Effect 3 Normandy SR 2 c\u1ee7a ElijahLittle MOC FACTORY<\/figcaption><\/figure>\n<figure id=\"attachment_188133\" aria-describedby=\"caption-attachment-188133\" style=\"width: 1020px\" class=\"wp-caption alignnone\"><img loading=\"lazy\" decoding=\"async\" class=\"wp-image-188133 size-large\" src=\"https:\/\/pay.lpwstore.com\/wp-content\/uploads\/2020\/05\/MOC-21541-Mass-Effect-3-Normandy-SR-2-by-ElijahLittle-MOC-FACTORY-4-1024x331.jpg\" alt=\"-\" width=\"1020\" height=\"330\" title=\"-\"><figcaption id=\"caption-attachment-188133\" class=\"wp-caption-text\">MOC 21541 Mass Effect 3 Normandy SR 2 c\u1ee7a ElijahLittle MOC FACTORY<\/figcaption><\/figure>\n<figure id=\"attachment_188134\" aria-describedby=\"caption-attachment-188134\" style=\"width: 1020px\" class=\"wp-caption alignnone\"><img loading=\"lazy\" decoding=\"async\" class=\"size-large wp-image-188134\" src=\"https:\/\/pay.lpwstore.com\/wp-content\/uploads\/2020\/05\/MOC-21541-Mass-Effect-3-Normandy-SR-2-by-ElijahLittle-MOC-FACTORY-5-1024x380.jpg\" alt=\"-\" width=\"1020\" height=\"379\" title=\"-\"><figcaption id=\"caption-attachment-188134\" class=\"wp-caption-text\">MOC 21541 Mass Effect 3 Normandy SR 2 c\u1ee7a ElijahLittle MOC FACTORY<\/figcaption><\/figure>","protected":false},"excerpt":{"rendered":"<h3><strong>MOC 21541 Mass Effect 3 Normandy SR 2 c\u1ee7a ElijahLittle MOC FACTORY<\/strong><\/h3>\n<h3><span data-text-color=\"alert\"><strong>Available in July 2020\/Subcribe email and get notice when it released<\/strong><\/span><\/h3>\n<ul>\n<li>S\u1ed1 l\u01b0\u1ee3ng g\u1ea1ch: <strong>3320+ <\/strong>pcs + Full stickers<\/li>\n<li>D\u1ecbch v\u1ee5: Ph\u1ee5 t\u00f9ng thay th\u1ebf mi\u1ec5n ph\u00ed<\/li>\n<li>\u0110\u1ec3 \u00fd: <span style=\"text-decoration: underline\" data-text-color=\"alert\"><strong>Kh\u00f4ng c\u00f3 h\u1ed9p ban \u0111\u1ea7u<\/strong><\/span>, S\u1eed d\u1ee5ng t\u00fai bong b\u00f3ng ho\u1eb7c h\u1ed9p carton tr\u1ed1ng.<\/li>\n<\/ul>\n<div id=\"gtx-trans\">\n<div class=\"gtx-trans-icon\"><\/div>\n<\/div>","protected":false},"featured_media":19529,"comment_status":"open","ping_status":"closed","template":"","meta":{"_acf_changed":false},"product_cat":[15],"product_tag":[],"class_list":["product","first","outofstock","shipping-taxable","purchasable","product-type-simple"],"acf":[],"_links":{"self":[{"href":"https:\/\/mouldking.store\/vi\/wp-json\/wp\/v2\/product\/19536","targetHints":{"allow":["GET"]}}],"collection":[{"href":"https:\/\/mouldking.store\/vi\/wp-json\/wp\/v2\/product"}],"about":[{"href":"https:\/\/mouldking.store\/vi\/wp-json\/wp\/v2\/types\/product"}],"replies":[{"embeddable":true,"href":"https:\/\/mouldking.store\/vi\/wp-json\/wp\/v2\/comments?post=19536"}],"wp:featuredmedia":[{"embeddable":true,"href":"https:\/\/mouldking.store\/vi\/wp-json\/wp\/v2\/media\/19529"}],"wp:attachment":[{"href":"https:\/\/mouldking.store\/vi\/wp-json\/wp\/v2\/media?parent=19536"}],"wp:term":[{"taxonomy":"product_cat","embeddable":true,"href":"https:\/\/mouldking.store\/vi\/wp-json\/wp\/v2\/product_cat?post=19536"},{"taxonomy":"product_tag","embeddable":true,"href":"https:\/\/mouldking.store\/vi\/wp-json\/wp\/v2\/product_tag?post=19536"}],"curies":[{"name":"wp","href":"https:\/\/api.w.org\/{rel}","templated":true}]}}