{"id":19761,"date":"2021-10-09T04:37:20","date_gmt":"2021-10-09T04:37:20","guid":{"rendered":"https:\/\/mouldking.store\/shop\/moc-factory-moc-29848-tow-truck-mk-ii-super-vehicle-by-lucioswitch81\/"},"modified":"2025-12-25T09:27:12","modified_gmt":"2025-12-25T02:27:12","slug":"moc-factory-moc-29848-tow-truck-mk-ii-super-vehicle-by-lucioswitch81","status":"publish","type":"product","link":"https:\/\/mouldking.store\/vi\/shop\/moc-factory-moc-29848-tow-truck-mk-ii-super-vehicle-by-lucioswitch81\/","title":{"rendered":"MOC FACTORY MOC 29848 Si\u00eau xe Tow Truck MK II c\u1ee7a Lucioswitch81"},"content":{"rendered":"<p><strong>CHI TI\u1ebeT S\u1ea2N PH\u1ea8M<\/strong><\/p>\n<p>MOC FACTORY MOC 29848 Tow Truck MK II by Lucioswitch81 is based\u00a0 on MOC 29848 Tow Truck MK II by Lucioswitch81 in rebrickable .\u00a0 It&#8217;s an awesome Brick set MOC FACTORY MOC 29848 Tow Truck MK II by Lucioswitch81<\/p>\n<ul>\n<li>+ 10.100\u00a0 pieces made from high-quality 100% ABS plastic bricks, safe for children, long time to play, 100% compatible with other brick brands<\/li>\n<li><span style=\"font-size: 14.4px\">Easy-to-build with manual instruction of MOC FACTORY MOC 29848 Tow Truck MK II by Lucioswitch81 <\/span><span style=\"font-size: 14.4px;color: #555555\">v\u1edbi g\u1ea1ch b\u1eb1ng g\u1ea1ch h\u01b0\u1edbng d\u1eabn v\u00e0 h\u00ecnh \u1ea3nh ch\u1ea5t l\u01b0\u1ee3ng cao<\/span><\/li>\n<li><span style=\"font-size: 14.4px\">Full dimensions of MOC FACTORY MOC 29848 Tow Truck MK II by Lucioswitch81:\u00a0<\/span><\/li>\n<\/ul>\n<figure id=\"attachment_189261\" aria-describedby=\"caption-attachment-189261\" style=\"width: 1020px\" class=\"wp-caption alignnone\"><img fetchpriority=\"high\" decoding=\"async\" class=\"size-large wp-image-189261\" src=\"https:\/\/pay.lpwstore.com\/wp-content\/uploads\/2020\/05\/MOC-FACTORY-MOC-29848-Tow-Truck-MK-II-3-Copy-1024x745.png\" alt=\"-\" width=\"1020\" height=\"742\" title=\"-\"><figcaption id=\"caption-attachment-189261\" class=\"wp-caption-text\">MOC FACTORY MOC 29848 Tow Truck MK II<\/figcaption><\/figure>\n<p>Length: 88 cm 110studs<br \/>\nWidth: 24,8cm 31studs, 28cm 35studs with mirrors<br \/>\nHeight: 32,8cm 41studs<br \/>\nWeight: 12.5 kg<\/p>\n<h4><strong>GIAO H\u00c0NG V\u00c0 TR\u1ea2 L\u1ea0I<\/strong><\/h4>\n<p>We guarantee for MOC FACTORY MOC 29848 Tow Truck MK II by Lucioswitch81<\/p>\n<ul>\n<li>Ho\u00e0n tr\u1ea3 \u0111\u1ea7y \u0111\u1ee7 n\u1ebfu kh\u00f4ng nh\u1eadn \u0111\u01b0\u1ee3c \u0111\u01a1n \u0111\u1eb7t h\u00e0ng c\u1ee7a b\u1ea1n<\/li>\n<li>Cung c\u1ea5p mi\u1ec5n ph\u00ed c\u00e1c ph\u1ea7n c\u00f2n thi\u1ebfu ho\u1eb7c s\u00e1ch h\u01b0\u1edbng d\u1eabn<\/li>\n<li>Kh\u00e1ch h\u00e0ng s\u1ebd kh\u00f4ng ph\u1ea3i tr\u1ea3 th\u00eam ti\u1ec1n thu\u1ebf v\u00e0 l\u1ec7 ph\u00ed h\u1ea3i quan. (N\u1ebfu b\u1ea1n ph\u1ea3i tr\u1ea3 ti\u1ec1n, ch\u00fang t\u00f4i s\u1ebd ho\u00e0n l\u1ea1i ti\u1ec1n cho b\u1ea1n)<\/li>\n<li>V\u1eadn chuy\u1ec3n qu\u1ed1c t\u1ebf kh\u00e1 ph\u1ee9c t\u1ea1p, ch\u00fang t\u00f4i c\u1ed1 g\u1eafng h\u1ebft s\u1ee9c \u0111\u1ec3 x\u1eed l\u00fd t\u1ea5t c\u1ea3 c\u00e1c v\u1ea5n \u0111\u1ec1 c\u1ee7a b\u1ea1n. Tuy nhi\u00ean, n\u1ebfu \u0111\u01a1n \u0111\u1eb7t h\u00e0ng c\u1ee7a b\u1ea1n g\u1eb7p m\u1ed9t s\u1ed1 r\u1eafc r\u1ed1i, vui l\u00f2ng li\u00ean h\u1ec7 v\u1edbi ch\u00fang t\u00f4i qua email<\/li>\n<li><span data-text-color=\"alert\"><strong>H\u1ee7y \u0111\u01a1n h\u00e0ng:<\/strong><\/span> N\u1ebfu c\u1ea7n h\u1ee7y \u0111\u01a1n h\u00e0ng, b\u1ea1n c\u1ea7n li\u00ean h\u1ec7 v\u1edbi ch\u00fang t\u00f4i qua email contact@pay.lpwstore.com c\u00e0ng s\u1edbm c\u00e0ng t\u1ed1t. Ch\u00fang t\u00f4i kh\u00f4ng th\u1ec3 d\u1eebng \u0111\u1eb7t h\u00e0ng cho \u0111\u1ebfn 48 gi\u1edd<\/li>\n<\/ul>\n<h4><strong>NH\u1eeeNG PH\u1ea6N C\u00d2N THI\u1ebeU<\/strong><\/h4>\n<p>All parts of MOC FACTORY MOC 29848 Tow Truck MK II by Lucioswitch81 \u00a0are quality checked before shipping, so if you find some missing or damaged parts, don&#8217;t worry. Please contact us and we will send them to you without any fees, or we will offer a small refund for you to buy in other places.<\/p>\n<h4><strong>B\u01afU KI\u1ec6N<\/strong><\/h4>\n<p>MOC FACTORY MOC 29848 Tow Truck MK II by Lucioswitch81 new in sealed Bag with Bubble Safty Packing (No original box, original box is too big and easy to be broken during shipping, and this will save cost for you. We promise to pack the blocks well.<\/p>\n<figure id=\"attachment_189254\" aria-describedby=\"caption-attachment-189254\" style=\"width: 1020px\" class=\"wp-caption alignnone\"><img decoding=\"async\" class=\"size-large wp-image-189254\" src=\"https:\/\/pay.lpwstore.com\/wp-content\/uploads\/2020\/05\/40158-1024x769.jpg\" alt=\"-\" width=\"1020\" height=\"766\" title=\"-\"><figcaption id=\"caption-attachment-189254\" class=\"wp-caption-text\">MOC FACTORY MOC 29848 Tow Truck MK II by Lucioswitch81<\/figcaption><\/figure>\n<figure id=\"attachment_189255\" aria-describedby=\"caption-attachment-189255\" style=\"width: 1020px\" class=\"wp-caption alignnone\"><img decoding=\"async\" class=\"size-large wp-image-189255\" src=\"https:\/\/pay.lpwstore.com\/wp-content\/uploads\/2020\/05\/40158_BqkfYTK-1024x768.jpg\" alt=\"-\" width=\"1020\" height=\"765\" title=\"-\"><figcaption id=\"caption-attachment-189255\" class=\"wp-caption-text\">MOC FACTORY MOC 29848 Tow Truck MK II by Lucioswitch81<\/figcaption><\/figure>\n<figure id=\"attachment_189256\" aria-describedby=\"caption-attachment-189256\" style=\"width: 768px\" class=\"wp-caption alignnone\"><img loading=\"lazy\" decoding=\"async\" class=\"size-large wp-image-189256\" src=\"https:\/\/pay.lpwstore.com\/wp-content\/uploads\/2020\/05\/40158_kNPtlaF-768x1024.jpg\" alt=\"-\" width=\"768\" height=\"1024\" title=\"-\"><figcaption id=\"caption-attachment-189256\" class=\"wp-caption-text\">MOC FACTORY MOC 29848 Tow Truck MK II by Lucioswitch81<\/figcaption><\/figure>\n<figure id=\"attachment_189257\" aria-describedby=\"caption-attachment-189257\" style=\"width: 1020px\" class=\"wp-caption alignnone\"><img loading=\"lazy\" decoding=\"async\" class=\"size-large wp-image-189257\" src=\"https:\/\/pay.lpwstore.com\/wp-content\/uploads\/2020\/05\/40158_O5Rg0yU-1024x768.jpg\" alt=\"-\" width=\"1020\" height=\"765\" title=\"-\"><figcaption id=\"caption-attachment-189257\" class=\"wp-caption-text\">MOC FACTORY MOC 29848 Tow Truck MK II by Lucioswitch81<\/figcaption><\/figure>\n<figure id=\"attachment_189258\" aria-describedby=\"caption-attachment-189258\" style=\"width: 898px\" class=\"wp-caption alignnone\"><img loading=\"lazy\" decoding=\"async\" class=\"size-large wp-image-189258\" src=\"https:\/\/pay.lpwstore.com\/wp-content\/uploads\/2020\/05\/40158_rBfHrCL-898x1024.jpg\" alt=\"-\" width=\"898\" height=\"1024\" title=\"-\"><figcaption id=\"caption-attachment-189258\" class=\"wp-caption-text\">MOC FACTORY MOC 29848 Tow Truck MK II by Lucioswitch81<\/figcaption><\/figure>\n<p>MOC FACTORY MOC 29848 Tow Truck MK II by Lucioswitch81<\/p>\n<figure id=\"attachment_189238\" aria-describedby=\"caption-attachment-189238\" style=\"width: 1020px\" class=\"wp-caption alignnone\"><img loading=\"lazy\" decoding=\"async\" class=\"size-large wp-image-189238\" src=\"https:\/\/pay.lpwstore.com\/wp-content\/uploads\/2020\/05\/MOC-FACTORY-MOC-29848-Tow-Truck-MK-II-1-1024x576.jpg\" alt=\"-\" width=\"1020\" height=\"574\" title=\"-\"><figcaption id=\"caption-attachment-189238\" class=\"wp-caption-text\">MOC FACTORY MOC 29848 Tow Truck MK II by Lucioswitch81<\/figcaption><\/figure>\n<figure id=\"attachment_189240\" aria-describedby=\"caption-attachment-189240\" style=\"width: 1020px\" class=\"wp-caption alignnone\"><img loading=\"lazy\" decoding=\"async\" class=\"size-large wp-image-189240\" src=\"https:\/\/pay.lpwstore.com\/wp-content\/uploads\/2020\/05\/MOC-FACTORY-MOC-29848-Tow-Truck-MK-II-2-1024x576.jpg\" alt=\"-\" width=\"1020\" height=\"574\" title=\"-\"><figcaption id=\"caption-attachment-189240\" class=\"wp-caption-text\">MOC FACTORY MOC 29848 Tow Truck MK II by Lucioswitch81<\/figcaption><\/figure>\n<figure id=\"attachment_189241\" aria-describedby=\"caption-attachment-189241\" style=\"width: 1020px\" class=\"wp-caption alignnone\"><img loading=\"lazy\" decoding=\"async\" class=\"size-large wp-image-189241\" src=\"https:\/\/pay.lpwstore.com\/wp-content\/uploads\/2020\/05\/MOC-FACTORY-MOC-29848-Tow-Truck-MK-II-3-1024x576.jpg\" alt=\"-\" width=\"1020\" height=\"574\" title=\"-\"><figcaption id=\"caption-attachment-189241\" class=\"wp-caption-text\">MOC FACTORY MOC 29848 Tow Truck MK II by Lucioswitch81<\/figcaption><\/figure>\n<figure id=\"attachment_189242\" aria-describedby=\"caption-attachment-189242\" style=\"width: 1020px\" class=\"wp-caption alignnone\"><img loading=\"lazy\" decoding=\"async\" class=\"size-large wp-image-189242\" src=\"https:\/\/pay.lpwstore.com\/wp-content\/uploads\/2020\/05\/MOC-FACTORY-MOC-29848-Tow-Truck-MK-II-4-1024x576.jpg\" alt=\"-\" width=\"1020\" height=\"574\" title=\"-\"><figcaption id=\"caption-attachment-189242\" class=\"wp-caption-text\">MOC FACTORY MOC 29848 Tow Truck MK II by Lucioswitch81<\/figcaption><\/figure>\n<figure id=\"attachment_189243\" aria-describedby=\"caption-attachment-189243\" style=\"width: 1020px\" class=\"wp-caption alignnone\"><img loading=\"lazy\" decoding=\"async\" class=\"size-large wp-image-189243\" src=\"https:\/\/pay.lpwstore.com\/wp-content\/uploads\/2020\/05\/MOC-FACTORY-MOC-29848-Tow-Truck-MK-II-5-1024x576.jpg\" alt=\"-\" width=\"1020\" height=\"574\" title=\"-\"><figcaption id=\"caption-attachment-189243\" class=\"wp-caption-text\">MOC FACTORY MOC 29848 Tow Truck MK II by Lucioswitch81<\/figcaption><\/figure>\n<figure id=\"attachment_189244\" aria-describedby=\"caption-attachment-189244\" style=\"width: 1020px\" class=\"wp-caption alignnone\"><img loading=\"lazy\" decoding=\"async\" class=\"size-large wp-image-189244\" src=\"https:\/\/pay.lpwstore.com\/wp-content\/uploads\/2020\/05\/MOC-FACTORY-MOC-29848-Tow-Truck-MK-II-6-1024x576.jpg\" alt=\"-\" width=\"1020\" height=\"574\" title=\"-\"><figcaption id=\"caption-attachment-189244\" class=\"wp-caption-text\">MOC FACTORY MOC 29848 Tow Truck MK II by Lucioswitch81<\/figcaption><\/figure>\n<figure id=\"attachment_189245\" aria-describedby=\"caption-attachment-189245\" style=\"width: 830px\" class=\"wp-caption alignnone\"><img loading=\"lazy\" decoding=\"async\" class=\"size-large wp-image-189245\" src=\"https:\/\/pay.lpwstore.com\/wp-content\/uploads\/2020\/05\/MOC-FACTORY-MOC-29848-Tow-Truck-MK-II-7-830x1024.jpg\" alt=\"-\" width=\"830\" height=\"1024\" title=\"-\"><figcaption id=\"caption-attachment-189245\" class=\"wp-caption-text\">MOC FACTORY MOC 29848 Tow Truck MK II by Lucioswitch81<\/figcaption><\/figure>\n<figure id=\"attachment_189246\" aria-describedby=\"caption-attachment-189246\" style=\"width: 1020px\" class=\"wp-caption alignnone\"><img loading=\"lazy\" decoding=\"async\" class=\"size-large wp-image-189246\" src=\"https:\/\/pay.lpwstore.com\/wp-content\/uploads\/2020\/05\/MOC-FACTORY-MOC-29848-Tow-Truck-MK-II-8-1024x576.jpg\" alt=\"-\" width=\"1020\" height=\"574\" title=\"-\"><figcaption id=\"caption-attachment-189246\" class=\"wp-caption-text\">MOC FACTORY MOC 29848 Tow Truck MK II by Lucioswitch81<\/figcaption><\/figure>\n<figure id=\"attachment_189247\" aria-describedby=\"caption-attachment-189247\" style=\"width: 1020px\" class=\"wp-caption alignnone\"><img loading=\"lazy\" decoding=\"async\" class=\"size-large wp-image-189247\" src=\"https:\/\/pay.lpwstore.com\/wp-content\/uploads\/2020\/05\/MOC-FACTORY-MOC-29848-Tow-Truck-MK-II-9-1024x576.jpg\" alt=\"-\" width=\"1020\" height=\"574\" title=\"-\"><figcaption id=\"caption-attachment-189247\" class=\"wp-caption-text\">MOC FACTORY MOC 29848 Tow Truck MK II by Lucioswitch81<\/figcaption><\/figure>\n<figure id=\"attachment_189248\" aria-describedby=\"caption-attachment-189248\" style=\"width: 1020px\" class=\"wp-caption alignnone\"><img loading=\"lazy\" decoding=\"async\" class=\"size-large wp-image-189248\" src=\"https:\/\/pay.lpwstore.com\/wp-content\/uploads\/2020\/05\/MOC-FACTORY-MOC-29848-Tow-Truck-MK-II-10-1024x576.jpg\" alt=\"-\" width=\"1020\" height=\"574\" title=\"-\"><figcaption id=\"caption-attachment-189248\" class=\"wp-caption-text\">MOC FACTORY MOC 29848 Tow Truck MK II by Lucioswitch81<\/figcaption><\/figure>\n<figure id=\"attachment_189249\" aria-describedby=\"caption-attachment-189249\" style=\"width: 1020px\" class=\"wp-caption alignnone\"><img loading=\"lazy\" decoding=\"async\" class=\"size-large wp-image-189249\" src=\"https:\/\/pay.lpwstore.com\/wp-content\/uploads\/2020\/05\/MOC-FACTORY-MOC-29848-Tow-Truck-MK-II-11-1024x576.jpg\" alt=\"-\" width=\"1020\" height=\"574\" title=\"-\"><figcaption id=\"caption-attachment-189249\" class=\"wp-caption-text\">MOC FACTORY MOC 29848 Tow Truck MK II by Lucioswitch81<\/figcaption><\/figure>\n<figure id=\"attachment_189250\" aria-describedby=\"caption-attachment-189250\" style=\"width: 1020px\" class=\"wp-caption alignnone\"><img loading=\"lazy\" decoding=\"async\" class=\"size-large wp-image-189250\" src=\"https:\/\/pay.lpwstore.com\/wp-content\/uploads\/2020\/05\/MOC-FACTORY-MOC-29848-Tow-Truck-MK-II-12-1024x840.jpg\" alt=\"-\" width=\"1020\" height=\"837\" title=\"-\"><figcaption id=\"caption-attachment-189250\" class=\"wp-caption-text\">MOC FACTORY MOC 29848 Tow Truck MK II by Lucioswitch81<\/figcaption><\/figure>\n<figure id=\"attachment_189251\" aria-describedby=\"caption-attachment-189251\" style=\"width: 1020px\" class=\"wp-caption alignnone\"><img loading=\"lazy\" decoding=\"async\" class=\"size-large wp-image-189251\" src=\"https:\/\/pay.lpwstore.com\/wp-content\/uploads\/2020\/05\/MOC-FACTORY-MOC-29848-Tow-Truck-MK-II-13-1024x576.jpg\" alt=\"-\" width=\"1020\" height=\"574\" title=\"-\"><figcaption id=\"caption-attachment-189251\" class=\"wp-caption-text\">MOC FACTORY MOC 29848 Tow Truck MK II by Lucioswitch81<\/figcaption><\/figure>\n<figure id=\"attachment_189252\" aria-describedby=\"caption-attachment-189252\" style=\"width: 1020px\" class=\"wp-caption alignnone\"><img loading=\"lazy\" decoding=\"async\" class=\"size-large wp-image-189252\" src=\"https:\/\/pay.lpwstore.com\/wp-content\/uploads\/2020\/05\/MOC-FACTORY-MOC-29848-Tow-Truck-MK-II-14-1024x576.jpg\" alt=\"-\" width=\"1020\" height=\"574\" title=\"-\"><figcaption id=\"caption-attachment-189252\" class=\"wp-caption-text\">MOC FACTORY MOC 29848 Tow Truck MK II by Lucioswitch81<\/figcaption><\/figure>\n<figure id=\"attachment_189253\" aria-describedby=\"caption-attachment-189253\" style=\"width: 1020px\" class=\"wp-caption alignnone\"><img loading=\"lazy\" decoding=\"async\" class=\"size-large wp-image-189253\" src=\"https:\/\/pay.lpwstore.com\/wp-content\/uploads\/2020\/05\/MOC-FACTORY-MOC-29848-Tow-Truck-MK-II-15-1024x576.jpg\" alt=\"-\" width=\"1020\" height=\"574\" title=\"-\"><figcaption id=\"caption-attachment-189253\" class=\"wp-caption-text\">MOC FACTORY MOC 29848 Tow Truck MK II by Lucioswitch81<\/figcaption><\/figure>","protected":false},"excerpt":{"rendered":"<h3><strong>MOC FACTORY MOC 29848 Tow Truck MK II by Lucioswitch81<\/strong><\/h3>\n<h3><span data-text-color=\"alert\"><strong>V\u1edbi phi\u00ean b\u1ea3n \u0110\u1ed9ng c\u01a1<\/strong><\/span><\/h3>\n<ul>\n<li>S\u1ed1 l\u01b0\u1ee3ng g\u1ea1ch: <strong>10.100+ <\/strong>pcs and\n<ul>\n<li>PF elements:<\/li>\n<li>M motor: 8<\/li>\n<li>L Motor: 4<\/li>\n<li>XL Motor: 4<\/li>\n<li>Servo Motor: 3<\/li>\n<li>PF LED: 5<\/li>\n<li>Lipo Battery: 2<\/li>\n<li>Classic Battery Box: 1<\/li>\n<li>and some wire extensions.<\/li>\n<\/ul>\n<\/li>\n<li>Pneumatic Elements:\n<ul>\n<li>Small pumps: 1<\/li>\n<li>1&#215;5 Cylinder: 2<\/li>\n<li>Medium Cylinder new: 2<\/li>\n<li>Valve: 1<\/li>\n<\/ul>\n<\/li>\n<li>D\u1ecbch v\u1ee5: Ph\u1ee5 t\u00f9ng thay th\u1ebf mi\u1ec5n ph\u00ed<\/li>\n<li>\u0110\u1ec3 \u00fd: <span style=\"text-decoration: underline\" data-text-color=\"alert\"><strong>Kh\u00f4ng c\u00f3 h\u1ed9p ban \u0111\u1ea7u<\/strong><\/span>, S\u1eed d\u1ee5ng t\u00fai bong b\u00f3ng ho\u1eb7c h\u1ed9p carton tr\u1ed1ng.<\/li>\n<\/ul>\n<div id=\"gtx-trans\">\n<div class=\"gtx-trans-icon\"><\/div>\n<\/div>","protected":false},"featured_media":19739,"comment_status":"open","ping_status":"closed","template":"","meta":{"_acf_changed":false},"product_cat":[15],"product_tag":[],"class_list":["product","first","instock","shipping-taxable","purchasable","product-type-simple"],"acf":[],"_links":{"self":[{"href":"https:\/\/mouldking.store\/vi\/wp-json\/wp\/v2\/product\/19761","targetHints":{"allow":["GET"]}}],"collection":[{"href":"https:\/\/mouldking.store\/vi\/wp-json\/wp\/v2\/product"}],"about":[{"href":"https:\/\/mouldking.store\/vi\/wp-json\/wp\/v2\/types\/product"}],"replies":[{"embeddable":true,"href":"https:\/\/mouldking.store\/vi\/wp-json\/wp\/v2\/comments?post=19761"}],"wp:featuredmedia":[{"embeddable":true,"href":"https:\/\/mouldking.store\/vi\/wp-json\/wp\/v2\/media\/19739"}],"wp:attachment":[{"href":"https:\/\/mouldking.store\/vi\/wp-json\/wp\/v2\/media?parent=19761"}],"wp:term":[{"taxonomy":"product_cat","embeddable":true,"href":"https:\/\/mouldking.store\/vi\/wp-json\/wp\/v2\/product_cat?post=19761"},{"taxonomy":"product_tag","embeddable":true,"href":"https:\/\/mouldking.store\/vi\/wp-json\/wp\/v2\/product_tag?post=19761"}],"curies":[{"name":"wp","href":"https:\/\/api.w.org\/{rel}","templated":true}]}}