{"id":20017,"date":"2021-10-09T04:42:37","date_gmt":"2021-10-09T04:42:37","guid":{"rendered":"https:\/\/mouldking.store\/shop\/moc-4960-farm-tractor-by-ontek-moc-factory\/"},"modified":"2025-12-25T09:27:05","modified_gmt":"2025-12-25T02:27:05","slug":"moc-4960-farm-tractor-by-ontek-moc-factory","status":"publish","type":"product","link":"https:\/\/mouldking.store\/vi\/shop\/moc-4960-farm-tractor-by-ontek-moc-factory\/","title":{"rendered":"M\u00e1y k\u00e9o n\u00f4ng tr\u1ea1i MOC 4960 c\u1ee7a ontek MOC FACTORY"},"content":{"rendered":"","protected":false},"excerpt":{"rendered":"<ul>\n<li>Bao g\u1ed3m <strong>988+<\/strong> chi\u1ebfc<\/li>\n<li>H\u01b0\u1edbng d\u1eabn PDF tr\u1ef1c tuy\u1ebfn<\/li>\n<li>Kh\u1ed1i ch\u1ea5t l\u01b0\u1ee3ng ABS cao<\/li>\n<\/ul>","protected":false},"featured_media":20014,"comment_status":"open","ping_status":"closed","template":"","meta":{"_acf_changed":false},"product_cat":[15],"product_tag":[],"class_list":["product","first","instock","shipping-taxable","purchasable","product-type-simple"],"acf":[],"_links":{"self":[{"href":"https:\/\/mouldking.store\/vi\/wp-json\/wp\/v2\/product\/20017","targetHints":{"allow":["GET"]}}],"collection":[{"href":"https:\/\/mouldking.store\/vi\/wp-json\/wp\/v2\/product"}],"about":[{"href":"https:\/\/mouldking.store\/vi\/wp-json\/wp\/v2\/types\/product"}],"replies":[{"embeddable":true,"href":"https:\/\/mouldking.store\/vi\/wp-json\/wp\/v2\/comments?post=20017"}],"wp:featuredmedia":[{"embeddable":true,"href":"https:\/\/mouldking.store\/vi\/wp-json\/wp\/v2\/media\/20014"}],"wp:attachment":[{"href":"https:\/\/mouldking.store\/vi\/wp-json\/wp\/v2\/media?parent=20017"}],"wp:term":[{"taxonomy":"product_cat","embeddable":true,"href":"https:\/\/mouldking.store\/vi\/wp-json\/wp\/v2\/product_cat?post=20017"},{"taxonomy":"product_tag","embeddable":true,"href":"https:\/\/mouldking.store\/vi\/wp-json\/wp\/v2\/product_tag?post=20017"}],"curies":[{"name":"wp","href":"https:\/\/api.w.org\/{rel}","templated":true}]}}