{"id":20041,"date":"2021-10-09T04:42:43","date_gmt":"2021-10-09T04:42:43","guid":{"rendered":"https:\/\/mouldking.store\/shop\/mocfactory-82220-monkey-king-warrior-mech-compatible-with-moc-80012\/"},"modified":"2025-12-25T09:26:57","modified_gmt":"2025-12-25T02:26:57","slug":"mocfactory-82220-monkey-king-warrior-mech-compatible-with-moc-80012","status":"publish","type":"product","link":"https:\/\/mouldking.store\/vi\/shop\/mocfactory-82220-monkey-king-warrior-mech-compatible-with-moc-80012\/","title":{"rendered":"MOCFACTORY 82220 M\u00e1y m\u00f3c chi\u1ebfn binh vua kh\u1ec9 T\u01b0\u01a1ng th\u00edch v\u1edbi MOC 80012"},"content":{"rendered":"<p>Monkey King: Monkey King Warrior Mech (MonkeyKid: Monkey King Warrior Mech) thu\u1ed9c s\u00ea-ri tr\u00f2 ch\u01a1i \u0111i\u1ec7n t\u1eed v\u1ec1 b\u1ed9 kh\u1ed1i x\u00e2y d\u1ef1ng, tr\u1ecdn b\u1ed9 ch\u1ee9a 1140 h\u1ea1t kh\u1ed1i x\u00e2y d\u1ef1ng. MOC 82220 \u0111\u01b0\u1ee3c ra m\u1eaft l\u1ea7n \u0111\u1ea7u ti\u00ean v\u00e0o n\u0103m 2020.<\/p>\n<p>&nbsp;<\/p>","protected":false},"excerpt":{"rendered":"<ul>\n<li>Bao g\u1ed3m <strong>1140+<\/strong> chi\u1ebfc c\u00f3 nh\u00e2n v\u1eadt nh\u1ecf<\/li>\n<li>Cu\u1ed1n s\u00e1ch h\u01b0\u1edbng d\u1eabn<\/li>\n<li>Kh\u1ed1i ABS ch\u1ea5t l\u01b0\u1ee3ng cao<\/li>\n<\/ul>\n<p>&nbsp;<\/p>","protected":false},"featured_media":20037,"comment_status":"open","ping_status":"closed","template":"","meta":{"_acf_changed":false},"product_cat":[15],"product_tag":[],"class_list":["product","first","instock","featured","shipping-taxable","purchasable","product-type-simple"],"acf":[],"_links":{"self":[{"href":"https:\/\/mouldking.store\/vi\/wp-json\/wp\/v2\/product\/20041","targetHints":{"allow":["GET"]}}],"collection":[{"href":"https:\/\/mouldking.store\/vi\/wp-json\/wp\/v2\/product"}],"about":[{"href":"https:\/\/mouldking.store\/vi\/wp-json\/wp\/v2\/types\/product"}],"replies":[{"embeddable":true,"href":"https:\/\/mouldking.store\/vi\/wp-json\/wp\/v2\/comments?post=20041"}],"wp:featuredmedia":[{"embeddable":true,"href":"https:\/\/mouldking.store\/vi\/wp-json\/wp\/v2\/media\/20037"}],"wp:attachment":[{"href":"https:\/\/mouldking.store\/vi\/wp-json\/wp\/v2\/media?parent=20041"}],"wp:term":[{"taxonomy":"product_cat","embeddable":true,"href":"https:\/\/mouldking.store\/vi\/wp-json\/wp\/v2\/product_cat?post=20041"},{"taxonomy":"product_tag","embeddable":true,"href":"https:\/\/mouldking.store\/vi\/wp-json\/wp\/v2\/product_tag?post=20041"}],"curies":[{"name":"wp","href":"https:\/\/api.w.org\/{rel}","templated":true}]}}