{"id":20135,"date":"2021-10-09T04:43:41","date_gmt":"2021-10-08T21:43:41","guid":{"rendered":"https:\/\/mouldking.store\/shop\/moc-12474-custom-lego-dark-spiked-sith-moc-star-wars-movie-by-buildbetterbricks-moc-factory\/"},"modified":"2025-12-25T09:26:56","modified_gmt":"2025-12-25T02:26:56","slug":"moc-12474-custom-lego-dark-spiked-sith-moc-star-wars-movie-by-buildbetterbricks-moc-factory","status":"publish","type":"product","link":"https:\/\/mouldking.store\/vi\/shop\/moc-12474-custom-lego-dark-spiked-sith-moc-star-wars-movie-by-buildbetterbricks-moc-factory\/","title":{"rendered":"MOC 12474 Custom LEGO Dark Spiked Sith MOC Star Wars Movie c\u1ee7a buildbetterbricks MOC FACTORY"},"content":{"rendered":"<div class=\"\">\n<ul class=\"product-specs-list util-clearfix\">\n<li class=\"product-prop line-limit-length\"><span class=\"property-title\">Gi\u1edbi t\u00ednh:\u00a0<\/span><span class=\"property-desc line-limit-length\">c\u1ea3 nam v\u00e0 n\u1eef<\/span><\/li>\n<li class=\"product-prop line-limit-length\"><span class=\"property-title\">\u0110\u1ed9 tu\u1ed5i:\u00a0<\/span><span class=\"property-desc line-limit-length\">&gt; 3 tu\u1ed5i<\/span><\/li>\n<li class=\"product-prop line-limit-length\"><span class=\"property-title\">m\u00e3 v\u1ea1ch:\u00a0<\/span><span class=\"property-desc line-limit-length\">KH\u00d4NG<\/span><\/li>\n<li class=\"product-prop line-limit-length\"><span class=\"property-title\">ch\u1ee9ng nh\u1eadn:\u00a0<\/span><span class=\"property-desc line-limit-length\">CE<\/span><\/li>\n<li class=\"product-prop line-limit-length\"><span class=\"property-title\">CE:\u00a0<\/span><span class=\"property-desc line-limit-length\">Ki\u1ec3u<\/span><\/li>\n<li class=\"product-prop line-limit-length\"><span class=\"property-title\">S\u1ed1 m\u00f4 h\u00ecnh:\u00a0<\/span><span class=\"property-desc line-limit-length\">MOC-12474 LEGO Dark Spiked Sith t\u00f9y ch\u1ec9nh MOC<\/span><\/li>\n<li class=\"product-prop line-limit-length\"><span class=\"property-title\">Ki\u1ec3u:\u00a0<\/span><span class=\"property-desc line-limit-length\">KH\u1ed0I<\/span><\/li>\n<li class=\"product-prop line-limit-length\"><span class=\"property-title\">C\u1ea3nh b\u00e1o:\u00a0<\/span><span class=\"property-desc line-limit-length\">Kh\u00f4ng c\u00f3 nh\u00e3n d\u00e1n, ch\u1ec9 c\u00f3 s\u00e1ch h\u01b0\u1edbng d\u1eabn \u0111i\u1ec7n t\u1eed!<\/span><\/li>\n<li class=\"product-prop line-limit-length\"><span class=\"property-title\">H\u00ecnh d\u1ea1ng kh\u1ed1i nh\u1ef1a:\u00a0<\/span><span class=\"property-desc line-limit-length\">G\u1ea1ch t\u1ef1 kh\u00f3a<\/span><\/li>\n<\/ul>\n<\/div>\n<div class=\"detailmodule_html\">\n<div class=\"detail-desc-decorate-richtext\">\n<div><\/div>\n<div><img fetchpriority=\"high\" decoding=\"async\" class=\"size-full wp-image-190662 aligncenter\" src=\"https:\/\/pay.lpwstore.com\/wp-content\/uploads\/2020\/06\/MOC-12474-Custom-LEGO-Dark-Spiked-Sith-MOC-by-buildbetterbricks-MOC-FACTORY.jpg\" alt=\"MOC-12474-Custom-LEGO-Dark-Spiked-Sith-MOC-by-buildbetterbricks-MOC-FACTORY\" width=\"800\" height=\"800\" title=\"-\"><\/div>\n<\/div>\n<\/div>","protected":false},"excerpt":{"rendered":"<ul>\n<li>Bao g\u1ed3m <strong>273+<\/strong> chi\u1ebfc<\/li>\n<li>H\u01b0\u1edbng d\u1eabn PDF tr\u1ef1c tuy\u1ebfn<\/li>\n<li>Kh\u1ed1i ABS ch\u1ea5t l\u01b0\u1ee3ng cao<\/li>\n<\/ul>","protected":false},"featured_media":20134,"comment_status":"open","ping_status":"closed","template":"","meta":{"_acf_changed":false},"product_cat":[415],"product_tag":[],"class_list":["product","first","instock","shipping-taxable","purchasable","product-type-simple"],"acf":[],"_links":{"self":[{"href":"https:\/\/mouldking.store\/vi\/wp-json\/wp\/v2\/product\/20135","targetHints":{"allow":["GET"]}}],"collection":[{"href":"https:\/\/mouldking.store\/vi\/wp-json\/wp\/v2\/product"}],"about":[{"href":"https:\/\/mouldking.store\/vi\/wp-json\/wp\/v2\/types\/product"}],"replies":[{"embeddable":true,"href":"https:\/\/mouldking.store\/vi\/wp-json\/wp\/v2\/comments?post=20135"}],"wp:featuredmedia":[{"embeddable":true,"href":"https:\/\/mouldking.store\/vi\/wp-json\/wp\/v2\/media\/20134"}],"wp:attachment":[{"href":"https:\/\/mouldking.store\/vi\/wp-json\/wp\/v2\/media?parent=20135"}],"wp:term":[{"taxonomy":"product_cat","embeddable":true,"href":"https:\/\/mouldking.store\/vi\/wp-json\/wp\/v2\/product_cat?post=20135"},{"taxonomy":"product_tag","embeddable":true,"href":"https:\/\/mouldking.store\/vi\/wp-json\/wp\/v2\/product_tag?post=20135"}],"curies":[{"name":"wp","href":"https:\/\/api.w.org\/{rel}","templated":true}]}}