{"id":20139,"date":"2021-10-09T04:43:44","date_gmt":"2021-10-09T04:43:44","guid":{"rendered":"https:\/\/mouldking.store\/shop\/moc-20299-airport-crash-tender-truck-by-mk-bricks-moc-factory\/"},"modified":"2025-12-25T09:26:56","modified_gmt":"2025-12-25T02:26:56","slug":"moc-20299-airport-crash-tender-truck-by-mk-bricks-moc-factory","status":"publish","type":"product","link":"https:\/\/mouldking.store\/vi\/shop\/moc-20299-airport-crash-tender-truck-by-mk-bricks-moc-factory\/","title":{"rendered":"MOC 20299 Airport Crash Tender Truck c\u1ee7a MK Bricks MOC FACTORY"},"content":{"rendered":"<p>Thi\u1ebft k\u1ebf c\u1ee7a m\u00f4 h\u00ecnh n\u00e0y d\u1ef1a tr\u00ean b\u1ed9 k\u1ef9 thu\u1eadt 42068. N\u00f3 c\u00f3 khung 6\u00d76 t\u00f9y ch\u1ec9nh v\u00e0 c\u00e1c t\u00ednh n\u0103ng c\u1ee7a 42068.<\/p>\n<p>&nbsp;<\/p>\n<p><img fetchpriority=\"high\" decoding=\"async\" class=\"size-full wp-image-190690 aligncenter\" src=\"https:\/\/pay.lpwstore.com\/wp-content\/uploads\/2020\/06\/MOC-20299-Airport-Crash-Tender-by-MK-Bricks-MOC-FACTORY.jpg\" alt=\"MOC-20299-Airport-Crash-Tender-by-MK-Bricks-MOC-FACTORY\" width=\"800\" height=\"800\" title=\"-\"> <img decoding=\"async\" class=\"size-full wp-image-190691 aligncenter\" src=\"https:\/\/pay.lpwstore.com\/wp-content\/uploads\/2020\/06\/MOC-20299-Airport-Crash-Tender-by-MK-Bricks-MOC-FACTORY2.jpg\" alt=\"-\" width=\"800\" height=\"800\" title=\"-\"> <img decoding=\"async\" class=\"size-full wp-image-190692 aligncenter\" src=\"https:\/\/pay.lpwstore.com\/wp-content\/uploads\/2020\/06\/MOC-20299-Airport-Crash-Tender-by-MK-Bricks-MOC-FACTORY3.jpg\" alt=\"-\" width=\"800\" height=\"800\" title=\"-\"><\/p>","protected":false},"excerpt":{"rendered":"<ul>\n<li>Bao g\u1ed3m <strong>1348+<\/strong> chi\u1ebfc<\/li>\n<li>H\u01b0\u1edbng d\u1eabn PDF tr\u1ef1c tuy\u1ebfn<\/li>\n<li>Kh\u1ed1i ABS ch\u1ea5t l\u01b0\u1ee3ng cao<\/li>\n<\/ul>","protected":false},"featured_media":20136,"comment_status":"open","ping_status":"closed","template":"","meta":{"_acf_changed":false},"product_cat":[15],"product_tag":[],"class_list":["product","first","instock","shipping-taxable","purchasable","product-type-simple"],"acf":[],"_links":{"self":[{"href":"https:\/\/mouldking.store\/vi\/wp-json\/wp\/v2\/product\/20139","targetHints":{"allow":["GET"]}}],"collection":[{"href":"https:\/\/mouldking.store\/vi\/wp-json\/wp\/v2\/product"}],"about":[{"href":"https:\/\/mouldking.store\/vi\/wp-json\/wp\/v2\/types\/product"}],"replies":[{"embeddable":true,"href":"https:\/\/mouldking.store\/vi\/wp-json\/wp\/v2\/comments?post=20139"}],"wp:featuredmedia":[{"embeddable":true,"href":"https:\/\/mouldking.store\/vi\/wp-json\/wp\/v2\/media\/20136"}],"wp:attachment":[{"href":"https:\/\/mouldking.store\/vi\/wp-json\/wp\/v2\/media?parent=20139"}],"wp:term":[{"taxonomy":"product_cat","embeddable":true,"href":"https:\/\/mouldking.store\/vi\/wp-json\/wp\/v2\/product_cat?post=20139"},{"taxonomy":"product_tag","embeddable":true,"href":"https:\/\/mouldking.store\/vi\/wp-json\/wp\/v2\/product_tag?post=20139"}],"curies":[{"name":"wp","href":"https:\/\/api.w.org\/{rel}","templated":true}]}}