{"id":20144,"date":"2021-10-09T04:43:47","date_gmt":"2021-10-08T21:43:47","guid":{"rendered":"https:\/\/mouldking.store\/shop\/moc-22252-lego-technic-motorised-display-turntable-by-majklspajkl-moc-factory\/"},"modified":"2025-12-25T09:26:56","modified_gmt":"2025-12-25T02:26:56","slug":"moc-22252-lego-technic-motorised-display-turntable-by-majklspajkl-moc-factory","status":"publish","type":"product","link":"https:\/\/mouldking.store\/vi\/shop\/moc-22252-lego-technic-motorised-display-turntable-by-majklspajkl-moc-factory\/","title":{"rendered":"MOC 22252 B\u00e0n xoay hi\u1ec3n th\u1ecb \u0111\u1ed9ng c\u01a1 LEGO Technic c\u1ee7a MajklSpajkl MOC FACTORY"},"content":{"rendered":"<p>T\u00ean s\u1ea3n ph\u1ea9m: B\u00e0n xoay m\u00e0n h\u00ecnh c\u01a1 gi\u1edbi LEGO Technic<\/p>\n<p>M\u00e3 s\u1ea3n ph\u1ea9m: MOC-22252<\/p>\n<p>Nh\u00e0 thi\u1ebft k\u1ebf: MajklSpajkl<\/p>\n<p>Th\u01b0\u01a1ng hi\u1ec7u: M\u1ed8C FACTORY<\/p>\n<p><img fetchpriority=\"high\" decoding=\"async\" class=\"size-full wp-image-190695 aligncenter\" src=\"https:\/\/pay.lpwstore.com\/wp-content\/uploads\/2020\/06\/MOC-22252-LEGO-Technic-Motorised-Display-Turntable-by-MajklSpajkl-MOC-FACTORY.jpg\" alt=\"MOC-22252-LEGO-Technic-Motorised-Display-Turntable-by-MajklSpajkl-MOC-FACTORY\" width=\"800\" height=\"800\" title=\"-\"><\/p>","protected":false},"excerpt":{"rendered":"<ul>\n<li>Bao g\u1ed3m <strong>541+<\/strong> chi\u1ebfc<\/li>\n<li>H\u01b0\u1edbng d\u1eabn PDF tr\u1ef1c tuy\u1ebfn<\/li>\n<li>Kh\u1ed1i ABS ch\u1ea5t l\u01b0\u1ee3ng cao<\/li>\n<\/ul>","protected":false},"featured_media":20143,"comment_status":"open","ping_status":"closed","template":"","meta":{"_acf_changed":false},"product_cat":[364],"product_tag":[],"class_list":["product","first","instock","shipping-taxable","purchasable","product-type-simple"],"acf":[],"_links":{"self":[{"href":"https:\/\/mouldking.store\/vi\/wp-json\/wp\/v2\/product\/20144","targetHints":{"allow":["GET"]}}],"collection":[{"href":"https:\/\/mouldking.store\/vi\/wp-json\/wp\/v2\/product"}],"about":[{"href":"https:\/\/mouldking.store\/vi\/wp-json\/wp\/v2\/types\/product"}],"replies":[{"embeddable":true,"href":"https:\/\/mouldking.store\/vi\/wp-json\/wp\/v2\/comments?post=20144"}],"wp:featuredmedia":[{"embeddable":true,"href":"https:\/\/mouldking.store\/vi\/wp-json\/wp\/v2\/media\/20143"}],"wp:attachment":[{"href":"https:\/\/mouldking.store\/vi\/wp-json\/wp\/v2\/media?parent=20144"}],"wp:term":[{"taxonomy":"product_cat","embeddable":true,"href":"https:\/\/mouldking.store\/vi\/wp-json\/wp\/v2\/product_cat?post=20144"},{"taxonomy":"product_tag","embeddable":true,"href":"https:\/\/mouldking.store\/vi\/wp-json\/wp\/v2\/product_tag?post=20144"}],"curies":[{"name":"wp","href":"https:\/\/api.w.org\/{rel}","templated":true}]}}