{"id":20194,"date":"2021-10-09T04:44:32","date_gmt":"2021-10-08T21:44:32","guid":{"rendered":"https:\/\/mouldking.store\/shop\/moc-15474-thunderjaw-monster-horizon-zero-dawn-by-brickvault-moc-factory\/"},"modified":"2025-12-25T09:26:55","modified_gmt":"2025-12-25T02:26:55","slug":"moc-15474-thunderjaw-monster-horizon-zero-dawn-by-brickvault-moc-factory","status":"publish","type":"product","link":"https:\/\/mouldking.store\/vi\/shop\/moc-15474-thunderjaw-monster-horizon-zero-dawn-by-brickvault-moc-factory\/","title":{"rendered":"MOC 15474 Thunderjaw Monster \u2013 Horizon Zero Dawn c\u1ee7a Brickvault MOC FACTORY"},"content":{"rendered":"<\/p>","protected":false},"excerpt":{"rendered":"<ul>\n<li>Nh\u00e0 thi\u1ebft k\u1ebf: BrickVault<\/li>\n<li>Gi\u00e1 c\u1ee7a ch\u00fang t\u00f4i: 139 USD (Gi\u00e1 Rebrickable: 700USD )<\/li>\n<li>Bao g\u1ed3m <strong>4743 chi\u1ebfc + H\u01b0\u1edbng d\u1eabn PDF<\/strong><\/li>\n<li>kh\u1ed1i ch\u1ea5t l\u01b0\u1ee3ng cao<\/li>\n<\/ul>","protected":false},"featured_media":20187,"comment_status":"open","ping_status":"closed","template":"","meta":{"_acf_changed":false},"product_cat":[15],"product_tag":[],"class_list":["product","first","instock","featured","shipping-taxable","purchasable","product-type-simple"],"acf":[],"_links":{"self":[{"href":"https:\/\/mouldking.store\/vi\/wp-json\/wp\/v2\/product\/20194","targetHints":{"allow":["GET"]}}],"collection":[{"href":"https:\/\/mouldking.store\/vi\/wp-json\/wp\/v2\/product"}],"about":[{"href":"https:\/\/mouldking.store\/vi\/wp-json\/wp\/v2\/types\/product"}],"replies":[{"embeddable":true,"href":"https:\/\/mouldking.store\/vi\/wp-json\/wp\/v2\/comments?post=20194"}],"wp:featuredmedia":[{"embeddable":true,"href":"https:\/\/mouldking.store\/vi\/wp-json\/wp\/v2\/media\/20187"}],"wp:attachment":[{"href":"https:\/\/mouldking.store\/vi\/wp-json\/wp\/v2\/media?parent=20194"}],"wp:term":[{"taxonomy":"product_cat","embeddable":true,"href":"https:\/\/mouldking.store\/vi\/wp-json\/wp\/v2\/product_cat?post=20194"},{"taxonomy":"product_tag","embeddable":true,"href":"https:\/\/mouldking.store\/vi\/wp-json\/wp\/v2\/product_tag?post=20194"}],"curies":[{"name":"wp","href":"https:\/\/api.w.org\/{rel}","templated":true}]}}