{"id":20211,"date":"2021-10-09T04:44:38","date_gmt":"2021-10-08T21:44:38","guid":{"rendered":"https:\/\/mouldking.store\/shop\/moc-21508-10248-f1-racer-super-car-by-nkubate-moc-factory\/"},"modified":"2025-12-25T09:26:48","modified_gmt":"2025-12-25T02:26:48","slug":"moc-21508-10248-f1-racer-super-car-by-nkubate-moc-factory","status":"publish","type":"product","link":"https:\/\/mouldking.store\/vi\/shop\/moc-21508-10248-f1-racer-super-car-by-nkubate-moc-factory\/","title":{"rendered":"MOC 21508 10248 Si\u00eau xe \u0111ua F1 c\u1ee7a Nkubate MOC FACTORY"},"content":{"rendered":"<p>Tay \u0111ua n\u00e0y l\u00e0 m\u1eabu thay th\u1ebf c\u1ee7a b\u1ed9 10248 Ferrari F40 Creator Expert. Th\u1eed nghi\u1ec7m nh\u1eb1m t\u1ea1o cho n\u00f3 m\u1ed9t h\u00ecnh th\u1ee9c ch\u1eafc ch\u1eafn, \u0111i\u1ec1u n\u00e0y \u0111\u00e3 ho\u00e0n th\u00e0nh trong th\u1eddi gian d\u00e0i (ngo\u1ea1i tr\u1eeb c\u00e1nh l\u01b0\u1edbt gi\u00f3 m\u1ecfng manh h\u01a1n, tuy nhi\u00ean \u0111i\u1ec1u \u0111\u00f3 c\u0169ng gi\u1ed1ng nh\u01b0 nh\u1eefng chi\u1ebfc xe F1 ch\u00ednh hi\u1ec7u).<\/p>\n<p><img fetchpriority=\"high\" decoding=\"async\" class=\"alignnone size-full wp-image-192246\" src=\"https:\/\/pay.lpwstore.com\/wp-content\/uploads\/2020\/06\/New-Project-13.png\" alt=\"MOC-21508\" width=\"800\" height=\"800\" title=\"-\"> <img decoding=\"async\" class=\"alignnone size-full wp-image-192245\" src=\"https:\/\/pay.lpwstore.com\/wp-content\/uploads\/2020\/06\/New-Project-14.png\" alt=\"-\" width=\"800\" height=\"800\" title=\"-\"> <img decoding=\"async\" class=\"alignnone size-full wp-image-192244\" src=\"https:\/\/pay.lpwstore.com\/wp-content\/uploads\/2020\/06\/New-Project-15.png\" alt=\"MOC-21508\" width=\"800\" height=\"800\" title=\"-\"><\/p>","protected":false},"excerpt":{"rendered":"<ul>\n<li>Bao g\u1ed3m <strong>518<\/strong><strong>+<\/strong> chi\u1ebfc<\/li>\n<li>H\u01b0\u1edbng d\u1eabn PDF tr\u1ef1c tuy\u1ebfn<\/li>\n<li>Kh\u1ed1i ABS ch\u1ea5t l\u01b0\u1ee3ng cao<\/li>\n<\/ul>","protected":false},"featured_media":20208,"comment_status":"open","ping_status":"closed","template":"","meta":{"_acf_changed":false},"product_cat":[364],"product_tag":[],"class_list":["product","first","instock","shipping-taxable","purchasable","product-type-simple"],"acf":[],"_links":{"self":[{"href":"https:\/\/mouldking.store\/vi\/wp-json\/wp\/v2\/product\/20211","targetHints":{"allow":["GET"]}}],"collection":[{"href":"https:\/\/mouldking.store\/vi\/wp-json\/wp\/v2\/product"}],"about":[{"href":"https:\/\/mouldking.store\/vi\/wp-json\/wp\/v2\/types\/product"}],"replies":[{"embeddable":true,"href":"https:\/\/mouldking.store\/vi\/wp-json\/wp\/v2\/comments?post=20211"}],"wp:featuredmedia":[{"embeddable":true,"href":"https:\/\/mouldking.store\/vi\/wp-json\/wp\/v2\/media\/20208"}],"wp:attachment":[{"href":"https:\/\/mouldking.store\/vi\/wp-json\/wp\/v2\/media?parent=20211"}],"wp:term":[{"taxonomy":"product_cat","embeddable":true,"href":"https:\/\/mouldking.store\/vi\/wp-json\/wp\/v2\/product_cat?post=20211"},{"taxonomy":"product_tag","embeddable":true,"href":"https:\/\/mouldking.store\/vi\/wp-json\/wp\/v2\/product_tag?post=20211"}],"curies":[{"name":"wp","href":"https:\/\/api.w.org\/{rel}","templated":true}]}}