{"id":20217,"date":"2021-10-09T04:44:39","date_gmt":"2021-10-08T21:44:39","guid":{"rendered":"https:\/\/mouldking.store\/?post_type=product&#038;p=20217"},"modified":"2025-12-25T09:26:48","modified_gmt":"2025-12-25T02:26:48","slug":"moc-14259-42006-excavator-super-construction-vehicle-by-jb70-moc-factory","status":"publish","type":"product","link":"https:\/\/mouldking.store\/vi\/shop\/moc-14259-42006-excavator-super-construction-vehicle-by-jb70-moc-factory\/","title":{"rendered":"MOC 14259 42006 M\u00e1y \u0111\u00e0o si\u00eau c\u00f4ng tr\u00ecnh c\u1ee7a jb70 MOC FACTORY"},"content":{"rendered":"<p>This MOC depends on the 42006 Excavator and for the most part keeps the first shape. It just adds 6 individual engines to control all capacities by RC. The piece of information of this model is the conservative structure to contract 6 engines, 2 battery boxes and 3 IR recipients into the first plan.<img fetchpriority=\"high\" decoding=\"async\" class=\"alignnone size-full wp-image-191996\" src=\"https:\/\/pay.lpwstore.com\/wp-content\/uploads\/2020\/06\/MOC-14259-42006-Excavator-super-construction-by-jb70-MOC-FACTORY.png\" alt=\"MOC 14259 42006 Excavator super construction by jb70 MOC FACTORY\" width=\"800\" height=\"800\" title=\"-\"><\/p>\n<p><img decoding=\"async\" class=\"alignnone size-full wp-image-191995\" src=\"https:\/\/pay.lpwstore.com\/wp-content\/uploads\/2020\/06\/MOC-14259-42006-Excavator-super-construction-by-jb70-MOC-FACTORY-1.webp\" alt=\"MOC 14259 42006 Excavator super construction by jb70 MOC FACTORY\" title=\"-\"> <img decoding=\"async\" class=\"alignnone size-full wp-image-191994\" src=\"https:\/\/pay.lpwstore.com\/wp-content\/uploads\/2020\/06\/MOC-14259-42006-Excavator-super-construction-by-jb70-MOC-FACTORY-2.webp\" alt=\"-\" title=\"-\"><\/p>","protected":false},"excerpt":{"rendered":"<ul>\n<li>Bao g\u1ed3m <strong>797+<\/strong> chi\u1ebfc<\/li>\n<li>H\u01b0\u1edbng d\u1eabn PDF tr\u1ef1c tuy\u1ebfn<\/li>\n<li>Kh\u1ed1i ABS ch\u1ea5t l\u01b0\u1ee3ng cao<\/li>\n<\/ul>","protected":false},"featured_media":0,"comment_status":"open","ping_status":"closed","template":"","meta":{"_acf_changed":false},"product_cat":[15],"product_tag":[],"class_list":["product","first","outofstock","shipping-taxable","purchasable","product-type-simple"],"acf":[],"_links":{"self":[{"href":"https:\/\/mouldking.store\/vi\/wp-json\/wp\/v2\/product\/20217","targetHints":{"allow":["GET"]}}],"collection":[{"href":"https:\/\/mouldking.store\/vi\/wp-json\/wp\/v2\/product"}],"about":[{"href":"https:\/\/mouldking.store\/vi\/wp-json\/wp\/v2\/types\/product"}],"replies":[{"embeddable":true,"href":"https:\/\/mouldking.store\/vi\/wp-json\/wp\/v2\/comments?post=20217"}],"wp:attachment":[{"href":"https:\/\/mouldking.store\/vi\/wp-json\/wp\/v2\/media?parent=20217"}],"wp:term":[{"taxonomy":"product_cat","embeddable":true,"href":"https:\/\/mouldking.store\/vi\/wp-json\/wp\/v2\/product_cat?post=20217"},{"taxonomy":"product_tag","embeddable":true,"href":"https:\/\/mouldking.store\/vi\/wp-json\/wp\/v2\/product_tag?post=20217"}],"curies":[{"name":"wp","href":"https:\/\/api.w.org\/{rel}","templated":true}]}}