{"id":20218,"date":"2021-10-09T04:44:39","date_gmt":"2021-10-09T04:44:39","guid":{"rendered":"https:\/\/mouldking.store\/shop\/moc-11989-10214-tower-bridge-alternative-build-modular-building-by-inyongbricks-moc-factory\/"},"modified":"2025-12-25T09:26:48","modified_gmt":"2025-12-25T02:26:48","slug":"moc-11989-10214-tower-bridge-alternative-build-modular-building-by-inyongbricks-moc-factory","status":"publish","type":"product","link":"https:\/\/mouldking.store\/vi\/shop\/moc-11989-10214-tower-bridge-alternative-build-modular-building-by-inyongbricks-moc-factory\/","title":{"rendered":"MOC 11989 10214 Tower Bridge C\u00f4ng tr\u00ecnh thay th\u1ebf T\u00f2a nh\u00e0 m\u00f4-\u0111un c\u1ee7a InyongBricks MOC FACTORY"},"content":{"rendered":"<div>Lego 10214 Tower Bridge Alternative build\uff1a<\/div>\n<div><\/div>\n<div>In this manufacture you can locate a comfortable bistro with a pastry shop.<\/div>\n<div>In the event that you go upstairs, you can discover an exhibition hall where stunning dinosaurs, a Sphinx, and a puzzling Moai are waiting!<\/div>\n<div><img fetchpriority=\"high\" decoding=\"async\" class=\"alignnone size-full wp-image-192260\" src=\"https:\/\/pay.lpwstore.com\/wp-content\/uploads\/2020\/06\/New-Project-21.png\" alt=\"MOC11989\" width=\"800\" height=\"800\" title=\"-\"> <img decoding=\"async\" class=\"alignnone size-full wp-image-192258\" src=\"https:\/\/pay.lpwstore.com\/wp-content\/uploads\/2020\/06\/New-Project-23.png\" alt=\"MOC11989\" width=\"800\" height=\"800\" title=\"-\"><\/div>\n<div><\/div>","protected":false},"excerpt":{"rendered":"<ul>\n<li>Bao g\u1ed3m <strong>3226<\/strong><strong>+<\/strong> chi\u1ebfc<\/li>\n<li>H\u01b0\u1edbng d\u1eabn PDF tr\u1ef1c tuy\u1ebfn<\/li>\n<li>Kh\u1ed1i ABS ch\u1ea5t l\u01b0\u1ee3ng cao<\/li>\n<\/ul>","protected":false},"featured_media":0,"comment_status":"open","ping_status":"closed","template":"","meta":{"_acf_changed":false},"product_cat":[390],"product_tag":[],"class_list":["product","first","instock","shipping-taxable","purchasable","product-type-simple"],"acf":[],"_links":{"self":[{"href":"https:\/\/mouldking.store\/vi\/wp-json\/wp\/v2\/product\/20218","targetHints":{"allow":["GET"]}}],"collection":[{"href":"https:\/\/mouldking.store\/vi\/wp-json\/wp\/v2\/product"}],"about":[{"href":"https:\/\/mouldking.store\/vi\/wp-json\/wp\/v2\/types\/product"}],"replies":[{"embeddable":true,"href":"https:\/\/mouldking.store\/vi\/wp-json\/wp\/v2\/comments?post=20218"}],"wp:attachment":[{"href":"https:\/\/mouldking.store\/vi\/wp-json\/wp\/v2\/media?parent=20218"}],"wp:term":[{"taxonomy":"product_cat","embeddable":true,"href":"https:\/\/mouldking.store\/vi\/wp-json\/wp\/v2\/product_cat?post=20218"},{"taxonomy":"product_tag","embeddable":true,"href":"https:\/\/mouldking.store\/vi\/wp-json\/wp\/v2\/product_tag?post=20218"}],"curies":[{"name":"wp","href":"https:\/\/api.w.org\/{rel}","templated":true}]}}