{"id":20227,"date":"2021-10-09T04:44:44","date_gmt":"2021-10-09T04:44:44","guid":{"rendered":"https:\/\/mouldking.store\/shop\/moc-10394-custom-rc-liebherr-926-compact-excuvator-super-construction-vehicle-by-custombricks-de-moc-factory\/"},"modified":"2025-12-25T09:26:48","modified_gmt":"2025-12-25T02:26:48","slug":"moc-10394-custom-rc-liebherr-926-compact-excuvator-super-construction-vehicle-by-custombricks-de-moc-factory","status":"publish","type":"product","link":"https:\/\/mouldking.store\/vi\/shop\/moc-10394-custom-rc-liebherr-926-compact-excuvator-super-construction-vehicle-by-custombricks-de-moc-factory\/","title":{"rendered":"MOC 10394 M\u00e1y \u0111\u00e0o nh\u1ecf g\u1ecdn RC LIEBHERR 926 Xe c\u00f4ng tr\u00ecnh si\u00eau h\u1ea1ng c\u1ee7a CustomBricks.de MOC FACTORY"},"content":{"rendered":"<p>M\u00e1y \u0111\u00e0o nh\u1ecf h\u01a1n RC LIEBHERR 926 t\u00f9y ch\u1ec9nh<\/p>\n<p>C\u00e1c ph\u1ea7n ph\u1ee5 c\u1ee7a m\u00f4 h\u00ecnh:<br \/>\n\u2013 M\u1ed9t m\u00f4 h\u00ecnh x\u00e2y d\u1ef1ng tuy\u1ec7t v\u1eddi cho ng\u01b0\u1eddi h\u00e2m m\u1ed9 v\u00e0 ch\u00ednh quy\u1ec1n<br \/>\n\u2013 T\u1ed5ng s\u1ed1 ph\u00e2n \u0111o\u1ea1n y\u00eau c\u1ea7u \u2013 2505 kh\u1ed1i<br \/>\n\u2013 K\u00edch th\u01b0\u1edbc model B\/T\/H = 17,8\/43,7\/30,3 cm<\/p>\n<p>C\u00f4ng su\u1ea5t \u2013 c\u01a1 kh\u00ed:<br \/>\n\u2013 X\u00edch tr\u00e1i tr\u01b0\u1edbc \u2013 sau<br \/>\n\u2013 X\u00edch ph\u1ea3i tr\u01b0\u1edbc \u2013 sau<br \/>\n\u2013 R\u1ebd tr\u00e1i \u2013 ph\u1ea3i<br \/>\n\u2013 Tay m\u00e1y x\u00fac n\u00e2ng-h\u1ea1<br \/>\n\u2013 M\u00e1y \u0111\u00e0o n\u1ed5 n\u00e2ng \u2013 h\u1ea1<br \/>\n\u2013 M\u00e1y \u0111\u00e0o tay du\u1ed7i \u2013 xo\u1eafn<br \/>\n\u2013 B\u1ec3 \u0111\u00e0o m\u1edf \u2013 \u0111\u00f3ng<\/p>\n<p><img fetchpriority=\"high\" decoding=\"async\" class=\"alignnone size-full wp-image-192331\" src=\"https:\/\/pay.lpwstore.com\/wp-content\/uploads\/2020\/06\/New-Project-20-1.png\" alt=\"MOC10394\" width=\"800\" height=\"800\" title=\"-\"> <img decoding=\"async\" class=\"alignnone size-full wp-image-192330\" src=\"https:\/\/pay.lpwstore.com\/wp-content\/uploads\/2020\/06\/New-Project-21-1.png\" alt=\"-\" width=\"800\" height=\"800\" title=\"-\"> <img decoding=\"async\" class=\"alignnone size-full wp-image-192329\" src=\"https:\/\/pay.lpwstore.com\/wp-content\/uploads\/2020\/06\/New-Project-22-1.png\" alt=\"-\" width=\"800\" height=\"800\" title=\"-\"> <img loading=\"lazy\" decoding=\"async\" class=\"alignnone size-full wp-image-192328\" src=\"https:\/\/pay.lpwstore.com\/wp-content\/uploads\/2020\/06\/New-Project-23-1.png\" alt=\"MOC 10394\" width=\"800\" height=\"800\" title=\"-\"><\/p>","protected":false},"excerpt":{"rendered":"<ul>\n<li>Bao g\u1ed3m <strong>2506+<\/strong> chi\u1ebfc<\/li>\n<li>H\u01b0\u1edbng d\u1eabn PDF tr\u1ef1c tuy\u1ebfn<\/li>\n<li>Kh\u1ed1i ABS ch\u1ea5t l\u01b0\u1ee3ng cao<\/li>\n<\/ul>","protected":false},"featured_media":20223,"comment_status":"open","ping_status":"closed","template":"","meta":{"_acf_changed":false},"product_cat":[15],"product_tag":[],"class_list":["product","first","instock","shipping-taxable","purchasable","product-type-simple"],"acf":[],"_links":{"self":[{"href":"https:\/\/mouldking.store\/vi\/wp-json\/wp\/v2\/product\/20227","targetHints":{"allow":["GET"]}}],"collection":[{"href":"https:\/\/mouldking.store\/vi\/wp-json\/wp\/v2\/product"}],"about":[{"href":"https:\/\/mouldking.store\/vi\/wp-json\/wp\/v2\/types\/product"}],"replies":[{"embeddable":true,"href":"https:\/\/mouldking.store\/vi\/wp-json\/wp\/v2\/comments?post=20227"}],"wp:featuredmedia":[{"embeddable":true,"href":"https:\/\/mouldking.store\/vi\/wp-json\/wp\/v2\/media\/20223"}],"wp:attachment":[{"href":"https:\/\/mouldking.store\/vi\/wp-json\/wp\/v2\/media?parent=20227"}],"wp:term":[{"taxonomy":"product_cat","embeddable":true,"href":"https:\/\/mouldking.store\/vi\/wp-json\/wp\/v2\/product_cat?post=20227"},{"taxonomy":"product_tag","embeddable":true,"href":"https:\/\/mouldking.store\/vi\/wp-json\/wp\/v2\/product_tag?post=20227"}],"curies":[{"name":"wp","href":"https:\/\/api.w.org\/{rel}","templated":true}]}}