{"id":20239,"date":"2021-10-09T04:44:53","date_gmt":"2021-10-08T21:44:53","guid":{"rendered":"https:\/\/mouldking.store\/shop\/moc-13219-star-war-first-order-special-forces-fighter-minifig-scale-by-brickvault-moc-factory\/"},"modified":"2025-12-25T09:26:48","modified_gmt":"2025-12-25T02:26:48","slug":"moc-13219-star-war-first-order-special-forces-fighter-minifig-scale-by-brickvault-moc-factory","status":"publish","type":"product","link":"https:\/\/mouldking.store\/vi\/shop\/moc-13219-star-war-first-order-special-forces-fighter-minifig-scale-by-brickvault-moc-factory\/","title":{"rendered":"MOC 13219 Star War First Order L\u1ef1c l\u01b0\u1ee3ng \u0111\u1eb7c bi\u1ec7t Fighter \u2013 Minifig Scale by brickvault MOC FACTORY"},"content":{"rendered":"<p>\u0110\u01b0\u1ee3c th\u1ec3 hi\u1ec7n h\u1ee3p ph\u00e1p t\u1eeb phim, b\u1ea1n s\u1ebd kh\u00f4ng t\u00ecm th\u1ea5y h\u00ecnh d\u1ea1ng ch\u00ednh x\u00e1c d\u1ea7n d\u1ea7n c\u1ee7a chi\u1ebfn binh TIE n\u00e0y trong Lego. M\u00e1y bay chi\u1ebfn \u0111\u1ea5u TIE (\u0111\u1ed9ng c\u01a1 h\u1ea1t \u0111\u00f4i) c\u1ee7a L\u1ef1c l\u01b0\u1ee3ng \u0110\u1eb7c bi\u1ec7t \u0110\u01a1n \u0111\u1eb7t h\u00e0ng \u0111\u1ea7u ti\u00ean c\u1ee7a ch\u00fang t\u00f4i bao g\u1ed3m m\u1ed9t k\u1ebf ho\u1ea1ch quy m\u00f4 nh\u1ecf l\u00fd t\u01b0\u1edfng v\u00e0 c\u01a1 th\u1ec3 \u0111\u01b0\u1ee3c \u0111i\u1ec1u ch\u1ec9nh d\u1ec5 ch\u1ecbu. Jerac \u0111\u00e3 th\u1ef1c hi\u1ec7n k\u1ebf ho\u1ea1ch TIE \u0111\u1ed9c \u0111\u00e1o c\u1ee7a m\u00ecnh v\u00e0 m\u1edf r\u1ed9ng n\u00f3 v\u1edbi t\u00ednh h\u1eefu d\u1ee5ng cao h\u01a1n, cung c\u1ea5p ch\u1ed7 ng\u1ed3i cho m\u1ed9t phi c\u00f4ng v\u00e0 chuy\u00ean gia v\u0169 kh\u00ed h\u1ea1ng n\u1eb7ng. N\u00f3 c\u0169ng bao g\u1ed3m m\u1ed9t th\u00e1p ph\u00e1o xoay ph\u00eda d\u01b0\u1edbi v\u00e0 s\u1ecdc \u0111\u1ecf kh\u00e9t ti\u1ebfng.<\/p>\n<p><img fetchpriority=\"high\" decoding=\"async\" class=\"alignnone size-full wp-image-192293\" src=\"https:\/\/pay.lpwstore.com\/wp-content\/uploads\/2020\/06\/New-Project-24.png\" alt=\"MOC 13219\" width=\"800\" height=\"800\" title=\"-\"> <img decoding=\"async\" class=\"alignnone size-full wp-image-192292\" src=\"https:\/\/pay.lpwstore.com\/wp-content\/uploads\/2020\/06\/New-Project-1-2.png\" alt=\"-\" width=\"800\" height=\"800\" title=\"-\"> <img decoding=\"async\" class=\"alignnone size-full wp-image-192291\" src=\"https:\/\/pay.lpwstore.com\/wp-content\/uploads\/2020\/06\/New-Project-2-1.png\" alt=\"MOC 13219\" width=\"800\" height=\"800\" title=\"-\"><\/p>","protected":false},"excerpt":{"rendered":"<ul>\n<li>Bao g\u1ed3m <strong>903+<\/strong> chi\u1ebfc<\/li>\n<li>H\u01b0\u1edbng d\u1eabn PDF tr\u1ef1c tuy\u1ebfn<\/li>\n<li>Kh\u1ed1i ABS ch\u1ea5t l\u01b0\u1ee3ng cao<\/li>\n<\/ul>","protected":false},"featured_media":20236,"comment_status":"open","ping_status":"closed","template":"","meta":{"_acf_changed":false},"product_cat":[15],"product_tag":[],"class_list":["product","first","instock","shipping-taxable","purchasable","product-type-simple"],"acf":[],"_links":{"self":[{"href":"https:\/\/mouldking.store\/vi\/wp-json\/wp\/v2\/product\/20239","targetHints":{"allow":["GET"]}}],"collection":[{"href":"https:\/\/mouldking.store\/vi\/wp-json\/wp\/v2\/product"}],"about":[{"href":"https:\/\/mouldking.store\/vi\/wp-json\/wp\/v2\/types\/product"}],"replies":[{"embeddable":true,"href":"https:\/\/mouldking.store\/vi\/wp-json\/wp\/v2\/comments?post=20239"}],"wp:featuredmedia":[{"embeddable":true,"href":"https:\/\/mouldking.store\/vi\/wp-json\/wp\/v2\/media\/20236"}],"wp:attachment":[{"href":"https:\/\/mouldking.store\/vi\/wp-json\/wp\/v2\/media?parent=20239"}],"wp:term":[{"taxonomy":"product_cat","embeddable":true,"href":"https:\/\/mouldking.store\/vi\/wp-json\/wp\/v2\/product_cat?post=20239"},{"taxonomy":"product_tag","embeddable":true,"href":"https:\/\/mouldking.store\/vi\/wp-json\/wp\/v2\/product_tag?post=20239"}],"curies":[{"name":"wp","href":"https:\/\/api.w.org\/{rel}","templated":true}]}}