{"id":20248,"date":"2021-10-09T04:44:59","date_gmt":"2021-10-08T21:44:59","guid":{"rendered":"https:\/\/mouldking.store\/shop\/moc-5920-roadster-tc9-super-car-by-muffinbrick-moc-factory\/"},"modified":"2025-12-25T09:26:48","modified_gmt":"2025-12-25T02:26:48","slug":"moc-5920-roadster-tc9-super-car-by-muffinbrick-moc-factory","status":"publish","type":"product","link":"https:\/\/mouldking.store\/vi\/shop\/moc-5920-roadster-tc9-super-car-by-muffinbrick-moc-factory\/","title":{"rendered":"Si\u00eau xe MOC 5920 Roadster (TC9) c\u1ee7a muffinbrick MOC FACTORY"},"content":{"rendered":"<p>M\u00f4 h\u00ecnh xe mui tr\u1ea7n d\u1ef1 thi Eurobricks Technic (TC9).<\/p>\n<p>\u0110i\u1ec3m n\u1ed5i b\u1eadt c\u1ee7a m\u00f4 h\u00ecnh:<br \/>\n\u2013 ch\u1ec9 \u0111\u1ea1o h\u1eefu \u00edch b\u1eb1ng HOG + v\u00f4 l\u0103ng<br \/>\n\u2013 vi sai l\u00f9i h\u1eefu \u00edch \u0111\u01b0\u1ee3c k\u1ebft n\u1ed1i v\u1edbi \u0111\u1ed9ng c\u01a1 180\u00b0 V4<br \/>\n\u2013 m\u00e1i nh\u00e0 c\u00f3 th\u1ec3 g\u1eadp l\u1ea1i<br \/>\n\u2013 l\u1ed1i v\u00e0o v\u00e0 m\u0169 c\u00f3 th\u1ec3 m\u1edf \u0111\u01b0\u1ee3c<br \/>\n\u2013 ti\u1ebft ki\u1ec7m b\u00e1nh xe d\u01b0\u1edbi m\u0169 tr\u01b0\u1edbc<\/p>\n<p>M\u1eabu trong h\u01b0\u1edbng d\u1eabn c\u00f3 m\u1ed9t s\u1ed1 kh\u00e1c bi\u1ec7t nh\u1ecf so v\u1edbi m\u1eabu cu\u1ed1i c\u00f9ng c\u1ee7a t\u00f4i, nh\u01b0ng ngo\u1ea1i h\u00ecnh v\u00e0 kh\u1ea3 n\u0103ng kh\u00f4ng th\u1ec3 ph\u00e2n bi\u1ec7t \u0111\u01b0\u1ee3c. Ngo\u00e0i ra, trong danh s\u00e1ch ph\u00e2n v\u00f9ng, t\u00f4i \u0111\u00e3 thay \u0111\u1ed5i m\u1ed9t s\u1ed1 ph\u1ea7n c\u00f3 m\u00e0u s\u1eafc kh\u00f4ng ph\u1ed5 bi\u1ebfn th\u00e0nh m\u00e0u s\u1eafc d\u1ea7n d\u1ea7n b\u00ecnh th\u01b0\u1eddng.<\/p>\n<p><img fetchpriority=\"high\" decoding=\"async\" class=\"alignnone size-full wp-image-192305\" src=\"https:\/\/pay.lpwstore.com\/wp-content\/uploads\/2020\/06\/New-Project-7-1.png\" alt=\"MOC 5920\" width=\"800\" height=\"800\" title=\"-\"> <img decoding=\"async\" class=\"alignnone size-full wp-image-192304\" src=\"https:\/\/pay.lpwstore.com\/wp-content\/uploads\/2020\/06\/New-Project-8-1.png\" alt=\"-\" width=\"800\" height=\"800\" title=\"-\"> <img decoding=\"async\" class=\"alignnone size-full wp-image-192303\" src=\"https:\/\/pay.lpwstore.com\/wp-content\/uploads\/2020\/06\/New-Project-9-1.png\" alt=\"-\" width=\"800\" height=\"800\" title=\"-\"> <img loading=\"lazy\" decoding=\"async\" class=\"alignnone size-full wp-image-192302\" src=\"https:\/\/pay.lpwstore.com\/wp-content\/uploads\/2020\/06\/New-Project-10-1.png\" alt=\"MOC 5920\" width=\"800\" height=\"800\" title=\"-\"><\/p>","protected":false},"excerpt":{"rendered":"<ul>\n<li>Bao g\u1ed3m <strong>955+<\/strong> chi\u1ebfc<\/li>\n<li>H\u01b0\u1edbng d\u1eabn PDF tr\u1ef1c tuy\u1ebfn<\/li>\n<li>Kh\u1ed1i ABS ch\u1ea5t l\u01b0\u1ee3ng cao<\/li>\n<\/ul>","protected":false},"featured_media":20244,"comment_status":"open","ping_status":"closed","template":"","meta":{"_acf_changed":false},"product_cat":[364],"product_tag":[],"class_list":["product","first","instock","shipping-taxable","purchasable","product-type-simple"],"acf":[],"_links":{"self":[{"href":"https:\/\/mouldking.store\/vi\/wp-json\/wp\/v2\/product\/20248","targetHints":{"allow":["GET"]}}],"collection":[{"href":"https:\/\/mouldking.store\/vi\/wp-json\/wp\/v2\/product"}],"about":[{"href":"https:\/\/mouldking.store\/vi\/wp-json\/wp\/v2\/types\/product"}],"replies":[{"embeddable":true,"href":"https:\/\/mouldking.store\/vi\/wp-json\/wp\/v2\/comments?post=20248"}],"wp:featuredmedia":[{"embeddable":true,"href":"https:\/\/mouldking.store\/vi\/wp-json\/wp\/v2\/media\/20244"}],"wp:attachment":[{"href":"https:\/\/mouldking.store\/vi\/wp-json\/wp\/v2\/media?parent=20248"}],"wp:term":[{"taxonomy":"product_cat","embeddable":true,"href":"https:\/\/mouldking.store\/vi\/wp-json\/wp\/v2\/product_cat?post=20248"},{"taxonomy":"product_tag","embeddable":true,"href":"https:\/\/mouldking.store\/vi\/wp-json\/wp\/v2\/product_tag?post=20248"}],"curies":[{"name":"wp","href":"https:\/\/api.w.org\/{rel}","templated":true}]}}