{"id":20265,"date":"2021-10-09T04:45:08","date_gmt":"2021-10-09T04:45:08","guid":{"rendered":"https:\/\/mouldking.store\/shop\/moc-10740-mini-modular-townhouse-building-by-de_marco-moc-factory\/"},"modified":"2025-12-25T09:26:47","modified_gmt":"2025-12-25T02:26:47","slug":"moc-10740-mini-modular-townhouse-building-by-de_marco-moc-factory","status":"publish","type":"product","link":"https:\/\/mouldking.store\/vi\/shop\/moc-10740-mini-modular-townhouse-building-by-de_marco-moc-factory\/","title":{"rendered":"T\u00f2a nh\u00e0 nh\u00e0 ph\u1ed1 m\u00f4-\u0111un nh\u1ecf MOC-10740 c\u1ee7a De_Marco MOC FACTORY"},"content":{"rendered":"<ul>\n<li>Th\u01b0\u01a1ng hi\u1ec7u s\u1ea3n ph\u1ea9m: M\u1ed8C FACTORY<\/li>\n<li>Product code: MOC-10740<\/li>\n<li>Product name: Mini Modular Townhouse<\/li>\n<\/ul>\n<p><img fetchpriority=\"high\" decoding=\"async\" class=\"alignnone size-full wp-image-192481\" src=\"https:\/\/pay.lpwstore.com\/wp-content\/uploads\/2020\/06\/New-Project-41.png\" alt=\"MOC10740\" width=\"800\" height=\"800\" title=\"-\"><\/p>","protected":false},"excerpt":{"rendered":"<ul>\n<li>Bao g\u1ed3m <strong>275+<\/strong> chi\u1ebfc<\/li>\n<li>H\u01b0\u1edbng d\u1eabn PDF tr\u1ef1c tuy\u1ebfn<\/li>\n<li>Kh\u1ed1i ABS ch\u1ea5t l\u01b0\u1ee3ng cao<\/li>\n<\/ul>","protected":false},"featured_media":20264,"comment_status":"open","ping_status":"closed","template":"","meta":{"_acf_changed":false},"product_cat":[390],"product_tag":[],"class_list":["product","first","instock","shipping-taxable","purchasable","product-type-simple"],"acf":[],"_links":{"self":[{"href":"https:\/\/mouldking.store\/vi\/wp-json\/wp\/v2\/product\/20265","targetHints":{"allow":["GET"]}}],"collection":[{"href":"https:\/\/mouldking.store\/vi\/wp-json\/wp\/v2\/product"}],"about":[{"href":"https:\/\/mouldking.store\/vi\/wp-json\/wp\/v2\/types\/product"}],"replies":[{"embeddable":true,"href":"https:\/\/mouldking.store\/vi\/wp-json\/wp\/v2\/comments?post=20265"}],"wp:featuredmedia":[{"embeddable":true,"href":"https:\/\/mouldking.store\/vi\/wp-json\/wp\/v2\/media\/20264"}],"wp:attachment":[{"href":"https:\/\/mouldking.store\/vi\/wp-json\/wp\/v2\/media?parent=20265"}],"wp:term":[{"taxonomy":"product_cat","embeddable":true,"href":"https:\/\/mouldking.store\/vi\/wp-json\/wp\/v2\/product_cat?post=20265"},{"taxonomy":"product_tag","embeddable":true,"href":"https:\/\/mouldking.store\/vi\/wp-json\/wp\/v2\/product_tag?post=20265"}],"curies":[{"name":"wp","href":"https:\/\/api.w.org\/{rel}","templated":true}]}}