{"id":20268,"date":"2021-10-09T04:45:11","date_gmt":"2021-10-08T21:45:11","guid":{"rendered":"https:\/\/mouldking.store\/shop\/moc-26756-flight-of-the-luck-dragon-from-the-the-neverending-story-by-jkbrickworks-moc-factory\/"},"modified":"2025-12-25T09:26:47","modified_gmt":"2025-12-25T02:26:47","slug":"moc-26756-flight-of-the-luck-dragon-from-the-the-neverending-story-by-jkbrickworks-moc-factory","status":"publish","type":"product","link":"https:\/\/mouldking.store\/vi\/shop\/moc-26756-flight-of-the-luck-dragon-from-the-the-neverending-story-by-jkbrickworks-moc-factory\/","title":{"rendered":"MOC-26756 Chuy\u1ebfn bay c\u1ee7a ch\u00fa r\u1ed3ng may m\u1eafn t\u1eeb c\u00e2u chuy\u1ec7n b\u1ea5t t\u1eadn c\u1ee7a JKBrickworks MOC FACTORY"},"content":{"rendered":"<p>\u0110\u00e2y l\u00e0 m\u1ed9t nh\u00e2n v\u1eadt n\u0103ng \u0111\u1ed9ng nh\u1ecf c\u1ee7a Falkor (hay Fuchur), con r\u1eafn c\u00f3 c\u00e1nh nghi\u1ec7p ch\u01b0\u1edbng trong C\u00e2u chuy\u1ec7n b\u1ea5t t\u1eadn.<\/p>\n<p>C\u00f3 th\u1ec3 xoay m\u1ed9t c\u1edd l\u00ea \u1edf ph\u1ea7n cu\u1ed1i c\u1ee7a m\u00f4 h\u00ecnh \u0111\u1ec3 l\u00e0m cho con r\u1eafn th\u1ea7n tho\u1ea1i di chuy\u1ec3n, v\u1edbi ph\u1ea7n th\u00e2n c\u00f3 thi\u1ebft k\u1ebf h\u00ecnh s\u00f3ng. B\u1ea1n c\u00f3 th\u1ec3 nh\u00ecn th\u1ea5y n\u00f3 ngo\u00e0i \u0111\u1eddi th\u1ef1c trong video c\u00f9ng v\u1edbi ph\u1ea7n gi\u1ea3i th\u00edch \u0111\u1ea7y \u0111\u1ee7 v\u1ec1 c\u00e1ch th\u1ee9c ho\u1ea1t \u0111\u1ed9ng c\u1ee7a n\u00f3.<\/p>\n<p>Ngo\u00e0i ra, gi\u00e1 \u0111\u1ee1 c\u00f2n k\u1ebft h\u1ee3p m\u1ed9t s\u1ed1 bi\u1ec3u t\u01b0\u1ee3ng t\u1eeb c\u00e2u chuy\u1ec7n, bao g\u1ed3m Th\u00e1p Ng\u00e0 v\u00e0 Nh\u00e0 ti\u00ean tri ph\u01b0\u01a1ng Nam. V\u00f9ng t\u1ed1i \u1edf cu\u1ed1i kh\u00e1n \u0111\u00e0i n\u00f3i l\u00ean Kh\u00f4ng c\u00f3 g\u00ec, khi n\u00f3 d\u1ea7n d\u1ea7n bao tr\u00f9m th\u1ebf gi\u1edbi.<\/p>\n<p><img fetchpriority=\"high\" decoding=\"async\" class=\"alignnone size-full wp-image-192486\" src=\"https:\/\/pay.lpwstore.com\/wp-content\/uploads\/2020\/06\/New-Project-43.png\" alt=\"MOC-26756\" width=\"800\" height=\"800\" title=\"-\"> <img decoding=\"async\" class=\"alignnone size-full wp-image-192485\" src=\"https:\/\/pay.lpwstore.com\/wp-content\/uploads\/2020\/06\/New-Project-44.png\" alt=\"MOC-26756\" width=\"800\" height=\"800\" title=\"-\"><\/p>","protected":false},"excerpt":{"rendered":"<ul>\n<li>Bao g\u1ed3m <strong>656+<\/strong> chi\u1ebfc<\/li>\n<li>H\u01b0\u1edbng d\u1eabn PDF tr\u1ef1c tuy\u1ebfn<\/li>\n<li>Kh\u1ed1i ABS ch\u1ea5t l\u01b0\u1ee3ng cao<\/li>\n<\/ul>","protected":false},"featured_media":20266,"comment_status":"open","ping_status":"closed","template":"","meta":{"_acf_changed":false},"product_cat":[15],"product_tag":[],"class_list":["product","first","instock","shipping-taxable","purchasable","product-type-simple"],"acf":[],"_links":{"self":[{"href":"https:\/\/mouldking.store\/vi\/wp-json\/wp\/v2\/product\/20268","targetHints":{"allow":["GET"]}}],"collection":[{"href":"https:\/\/mouldking.store\/vi\/wp-json\/wp\/v2\/product"}],"about":[{"href":"https:\/\/mouldking.store\/vi\/wp-json\/wp\/v2\/types\/product"}],"replies":[{"embeddable":true,"href":"https:\/\/mouldking.store\/vi\/wp-json\/wp\/v2\/comments?post=20268"}],"wp:featuredmedia":[{"embeddable":true,"href":"https:\/\/mouldking.store\/vi\/wp-json\/wp\/v2\/media\/20266"}],"wp:attachment":[{"href":"https:\/\/mouldking.store\/vi\/wp-json\/wp\/v2\/media?parent=20268"}],"wp:term":[{"taxonomy":"product_cat","embeddable":true,"href":"https:\/\/mouldking.store\/vi\/wp-json\/wp\/v2\/product_cat?post=20268"},{"taxonomy":"product_tag","embeddable":true,"href":"https:\/\/mouldking.store\/vi\/wp-json\/wp\/v2\/product_tag?post=20268"}],"curies":[{"name":"wp","href":"https:\/\/api.w.org\/{rel}","templated":true}]}}