{"id":20277,"date":"2021-10-09T04:45:16","date_gmt":"2021-10-09T04:45:16","guid":{"rendered":"https:\/\/mouldking.store\/shop\/moc-22560-thors-hammer-mjolnir-desktop-build-super-heroes-marvel-by-lioncity-mocs-moc-factory\/"},"modified":"2025-12-25T09:26:47","modified_gmt":"2025-12-25T02:26:47","slug":"moc-22560-thors-hammer-mjolnir-desktop-build-super-heroes-marvel-by-lioncity-mocs-moc-factory","status":"publish","type":"product","link":"https:\/\/mouldking.store\/vi\/shop\/moc-22560-thors-hammer-mjolnir-desktop-build-super-heroes-marvel-by-lioncity-mocs-moc-factory\/","title":{"rendered":"MOC-22560 B\u00faa c\u1ee7a Thor \u2013 Mjolnir (B\u1ea3n d\u1ef1ng tr\u00ean m\u00e1y t\u00ednh \u0111\u1ec3 b\u00e0n) Si\u00eau anh h\u00f9ng Marvel c\u1ee7a Lioncity Mocs MOC FACTORY"},"content":{"rendered":"<p>Piece tally: 181 pieces<\/p>\n<p>Estimations: 9.5cm(width) X 9.5cm(length) X 16cm(height)<\/p>\n<p>Weight: 180 grams<\/p>\n<p>One of the heroes from the Avengers is the compelling Thor, the Norse God of roar from Asgard. He has the enchanted hammer known as Mjolnir, which enables him to fly and hit his adversaries with lightning.<\/p>\n<p><img fetchpriority=\"high\" decoding=\"async\" class=\"alignnone size-full wp-image-192466\" src=\"https:\/\/pay.lpwstore.com\/wp-content\/uploads\/2020\/06\/New-Project-28.png\" alt=\"MOC22560\" width=\"800\" height=\"800\" title=\"-\"> <img decoding=\"async\" class=\"alignnone size-full wp-image-192465\" src=\"https:\/\/pay.lpwstore.com\/wp-content\/uploads\/2020\/06\/New-Project-29.png\" alt=\"-\" width=\"800\" height=\"800\" title=\"-\"> <img decoding=\"async\" class=\"alignnone size-full wp-image-192464\" src=\"https:\/\/pay.lpwstore.com\/wp-content\/uploads\/2020\/06\/New-Project-30.png\" alt=\"MOC22560\" width=\"800\" height=\"800\" title=\"-\"><\/p>","protected":false},"excerpt":{"rendered":"<ul>\n<li>Bao g\u1ed3m <strong>181+<\/strong> chi\u1ebfc<\/li>\n<li>H\u01b0\u1edbng d\u1eabn PDF tr\u1ef1c tuy\u1ebfn<\/li>\n<li>Kh\u1ed1i ABS ch\u1ea5t l\u01b0\u1ee3ng cao<\/li>\n<\/ul>","protected":false},"featured_media":20274,"comment_status":"open","ping_status":"closed","template":"","meta":{"_acf_changed":false},"product_cat":[15],"product_tag":[],"class_list":["product","first","instock","shipping-taxable","purchasable","product-type-simple"],"acf":[],"_links":{"self":[{"href":"https:\/\/mouldking.store\/vi\/wp-json\/wp\/v2\/product\/20277","targetHints":{"allow":["GET"]}}],"collection":[{"href":"https:\/\/mouldking.store\/vi\/wp-json\/wp\/v2\/product"}],"about":[{"href":"https:\/\/mouldking.store\/vi\/wp-json\/wp\/v2\/types\/product"}],"replies":[{"embeddable":true,"href":"https:\/\/mouldking.store\/vi\/wp-json\/wp\/v2\/comments?post=20277"}],"wp:featuredmedia":[{"embeddable":true,"href":"https:\/\/mouldking.store\/vi\/wp-json\/wp\/v2\/media\/20274"}],"wp:attachment":[{"href":"https:\/\/mouldking.store\/vi\/wp-json\/wp\/v2\/media?parent=20277"}],"wp:term":[{"taxonomy":"product_cat","embeddable":true,"href":"https:\/\/mouldking.store\/vi\/wp-json\/wp\/v2\/product_cat?post=20277"},{"taxonomy":"product_tag","embeddable":true,"href":"https:\/\/mouldking.store\/vi\/wp-json\/wp\/v2\/product_tag?post=20277"}],"curies":[{"name":"wp","href":"https:\/\/api.w.org\/{rel}","templated":true}]}}