{"id":20281,"date":"2021-10-09T04:45:18","date_gmt":"2021-10-09T04:45:18","guid":{"rendered":"https:\/\/mouldking.store\/shop\/moc-0271-mars-science-laboratory-curiosity-rover-robot-by-perijove-moc-factory\/"},"modified":"2025-12-25T09:26:47","modified_gmt":"2025-12-25T02:26:47","slug":"moc-0271-mars-science-laboratory-curiosity-rover-robot-by-perijove-moc-factory","status":"publish","type":"product","link":"https:\/\/mouldking.store\/vi\/shop\/moc-0271-mars-science-laboratory-curiosity-rover-robot-by-perijove-moc-factory\/","title":{"rendered":"MOC-0271 Ph\u00f2ng th\u00ed nghi\u1ec7m Khoa h\u1ecdc Sao H\u1ecfa Curiosity Rover Robot c\u1ee7a Perijove MOC FACTORY"},"content":{"rendered":"<p>\u0110\u00e2y l\u00e0 m\u00f4 h\u00ecnh c\u1ee7a xe t\u1ef1 h\u00e0nh Ph\u00f2ng th\u00ed nghi\u1ec7m Khoa h\u1ecdc Sao H\u1ecfa, t\u00ean l\u00e0 Curiosity. Hi\u1ec7n t\u1ea1i, n\u00f3 \u0111ang \u1edf tr\u00ean sao H\u1ecfa v\u1edbi m\u1ed9t cu\u1ed9c kh\u00e1m ph\u00e1 chi\u1ebfn l\u01b0\u1ee3c v\u1ec1 kh\u1ea3 n\u0103ng t\u1ed3n t\u1ea1i trong qu\u00e1 kh\u1ee9 v\u00e0 hi\u1ec7n t\u1ea1i c\u1ee7a H\u00e0nh tinh \u0110\u1ecf. V\u00e0o ng\u00e0y 5 th\u00e1ng 8 n\u0103m 2012, n\u00f3 ti\u1ebfp x\u00fac v\u1edbi mi\u1ec7ng n\u00fai l\u1eeda Gale, g\u1ea7n \u0111\u01b0\u1eddng x\u00edch \u0111\u1ea1o. M\u00f4 h\u00ecnh n\u00e0y c\u00f3 m\u1ed9t c\u00e1nh tay ho\u00e0n ch\u1ec9nh, c\u1ed9t c\u00f3 th\u1ec3 tri\u1ec3n khai v\u00e0 h\u1ec7 th\u1ed1ng treo b\u1eadp b\u00eanh-gi\u00e1 chuy\u1ec3n h\u01b0\u1edbng \u0111ang ho\u1ea1t \u0111\u1ed9ng cho ph\u00e9p xe u\u1ed1n kh\u00fac di chuy\u1ec3n qua nh\u1eefng ch\u1ed7 l\u1eafc l\u1edbn v\u00e0 gi\u1eef cho m\u1ed7i b\u00e1nh xe trong s\u1ed1 s\u00e1u b\u00e1nh xe c\u1ee7a n\u00f3 ti\u1ebfp \u0111\u1ea5t.<\/p>\n<p><img fetchpriority=\"high\" decoding=\"async\" class=\"alignnone size-full wp-image-192471\" src=\"https:\/\/pay.lpwstore.com\/wp-content\/uploads\/2020\/06\/New-Project-33.png\" alt=\"MOC0271\" width=\"800\" height=\"800\" title=\"-\"> <img decoding=\"async\" class=\"alignnone size-full wp-image-192470\" src=\"https:\/\/pay.lpwstore.com\/wp-content\/uploads\/2020\/06\/New-Project-34.png\" alt=\"MOC0271\" width=\"800\" height=\"800\" title=\"-\"> <img decoding=\"async\" class=\"alignnone size-full wp-image-192469\" src=\"https:\/\/pay.lpwstore.com\/wp-content\/uploads\/2020\/06\/New-Project-35.png\" alt=\"MOC0271\" width=\"800\" height=\"800\" title=\"-\"><\/p>","protected":false},"excerpt":{"rendered":"<ul>\n<li>Bao g\u1ed3m <strong>314+<\/strong> chi\u1ebfc<\/li>\n<li>H\u01b0\u1edbng d\u1eabn PDF tr\u1ef1c tuy\u1ebfn<\/li>\n<li>Kh\u1ed1i ABS ch\u1ea5t l\u01b0\u1ee3ng cao<\/li>\n<\/ul>","protected":false},"featured_media":20278,"comment_status":"open","ping_status":"closed","template":"","meta":{"_acf_changed":false},"product_cat":[15],"product_tag":[],"class_list":["product","first","instock","shipping-taxable","purchasable","product-type-simple"],"acf":[],"_links":{"self":[{"href":"https:\/\/mouldking.store\/vi\/wp-json\/wp\/v2\/product\/20281","targetHints":{"allow":["GET"]}}],"collection":[{"href":"https:\/\/mouldking.store\/vi\/wp-json\/wp\/v2\/product"}],"about":[{"href":"https:\/\/mouldking.store\/vi\/wp-json\/wp\/v2\/types\/product"}],"replies":[{"embeddable":true,"href":"https:\/\/mouldking.store\/vi\/wp-json\/wp\/v2\/comments?post=20281"}],"wp:featuredmedia":[{"embeddable":true,"href":"https:\/\/mouldking.store\/vi\/wp-json\/wp\/v2\/media\/20278"}],"wp:attachment":[{"href":"https:\/\/mouldking.store\/vi\/wp-json\/wp\/v2\/media?parent=20281"}],"wp:term":[{"taxonomy":"product_cat","embeddable":true,"href":"https:\/\/mouldking.store\/vi\/wp-json\/wp\/v2\/product_cat?post=20281"},{"taxonomy":"product_tag","embeddable":true,"href":"https:\/\/mouldking.store\/vi\/wp-json\/wp\/v2\/product_tag?post=20281"}],"curies":[{"name":"wp","href":"https:\/\/api.w.org\/{rel}","templated":true}]}}