{"id":20302,"date":"2021-10-09T04:45:50","date_gmt":"2021-10-09T04:45:50","guid":{"rendered":"https:\/\/mouldking.store\/shop\/moc-10690-classic-jaguar-roadster-super-car-by-martijnnab-moc-factory\/"},"modified":"2025-12-25T09:26:46","modified_gmt":"2025-12-25T02:26:46","slug":"moc-10690-classic-jaguar-roadster-super-car-by-martijnnab-moc-factory","status":"publish","type":"product","link":"https:\/\/mouldking.store\/vi\/shop\/moc-10690-classic-jaguar-roadster-super-car-by-martijnnab-moc-factory\/","title":{"rendered":"MOC-10690 Si\u00eau xe Jaguar Roadster c\u1ed5 \u0111i\u1ec3n c\u1ee7a martijnnab MOC FACTORY"},"content":{"rendered":"<p>M\u1ed9t m\u00f4 h\u00ecnh ph\u01b0\u01a1ng ph\u00e1p lego d\u1ef1a tr\u00ean Jaguar XK120 Roadster. V\u00ec t\u00ednh \u0111\u1eb7c bi\u1ec7t n\u00e0y, n\u00f3 r\u1ea5t c\u00f3 th\u1ec3 \u0111\u01b0\u1ee3c k\u1ebft h\u1ee3p v\u1edbi ba m\u00e0u s\u1eafc th\u00e2n xe kh\u00e1c nhau v\u1edbi nhi\u1ec1u lo\u1ea1i n\u1ed9i th\u1ea5t kh\u00e1c nhau.<\/p>\n<p>Khung \u0111\u1ebfn trong s\u00e1ch h\u01b0\u1edbng d\u1eabn gi\u1ed1ng nh\u01b0 d\u1ea1ng RC.<br \/>\nDanh s\u00e1ch b\u1ed9 ph\u1eadn d\u00e0nh cho bi\u1ebfn th\u1ec3 th\u1ee7 c\u00f4ng c\u00f3 m\u00e0u tr\u1eafng, tuy nhi\u00ean, ch\u1ec9 c\u1ea7n thay \u0111\u1ed5i t\u1eebng b\u1ed9 ph\u1eadn m\u00e0u tr\u1eafng th\u00e0nh m\u00e0u t\u1ed1i ho\u1eb7c \u0111\u1ecf, n\u00f3 c\u0169ng c\u00f3 th\u1ec3 ho\u1ea1t \u0111\u1ed9ng t\u1ed1t v\u1edbi nh\u1eefng m\u00e0u n\u00e0y.<\/p>\n<p>M\u1ed9t d\u1ea1ng t\u1ed1i kh\u00e1c c\u0169ng c\u00f3 s\u1eb5n t\u00f9y thu\u1ed9c v\u00e0o ph\u00e1c th\u1ea3o RC: MOC-10803<br \/>\nC\u00e1c h\u01b0\u1edbng d\u1eabn \u0111\u00e3 \u0111\u01b0\u1ee3c l\u00e0m m\u1edbi th\u00e0nh phi\u00ean b\u1ea3n 2.0 v\u00e0 k\u1ebft h\u1ee3p c\u00e1c h\u01b0\u1edbng d\u1eabn c\u0169ng nh\u01b0 c\u00e1ch s\u1eafp x\u1ebfp c\u00e1c b\u1ed9 ph\u1eadn c\u1ee7a c\u1ea3 bi\u1ebfn th\u1ec3 RC v\u00e0 th\u1ee7 c\u00f4ng.<\/p>\n<p><img fetchpriority=\"high\" decoding=\"async\" class=\"alignnone size-full wp-image-192731\" src=\"https:\/\/pay.lpwstore.com\/wp-content\/uploads\/2020\/06\/New-Project-55.png\" alt=\"MOC-10690\" width=\"800\" height=\"800\" title=\"-\"> <img decoding=\"async\" class=\"alignnone size-full wp-image-192732\" src=\"https:\/\/pay.lpwstore.com\/wp-content\/uploads\/2020\/06\/New-Project-57.png\" alt=\"MOC-10690\" width=\"800\" height=\"800\" title=\"-\"> <img decoding=\"async\" class=\"alignnone size-full wp-image-192730\" src=\"https:\/\/pay.lpwstore.com\/wp-content\/uploads\/2020\/06\/New-Project-56.png\" alt=\"MOC-10690\" width=\"800\" height=\"800\" title=\"-\"><\/p>","protected":false},"excerpt":{"rendered":"<ul>\n<li>Bao g\u1ed3m <strong>1270<\/strong><strong>+<\/strong> chi\u1ebfc<\/li>\n<li>H\u01b0\u1edbng d\u1eabn PDF tr\u1ef1c tuy\u1ebfn<\/li>\n<li>Kh\u1ed1i ABS ch\u1ea5t l\u01b0\u1ee3ng cao<\/li>\n<\/ul>","protected":false},"featured_media":20299,"comment_status":"open","ping_status":"closed","template":"","meta":{"_acf_changed":false},"product_cat":[364],"product_tag":[],"class_list":["product","first","instock","shipping-taxable","purchasable","product-type-simple"],"acf":[],"_links":{"self":[{"href":"https:\/\/mouldking.store\/vi\/wp-json\/wp\/v2\/product\/20302","targetHints":{"allow":["GET"]}}],"collection":[{"href":"https:\/\/mouldking.store\/vi\/wp-json\/wp\/v2\/product"}],"about":[{"href":"https:\/\/mouldking.store\/vi\/wp-json\/wp\/v2\/types\/product"}],"replies":[{"embeddable":true,"href":"https:\/\/mouldking.store\/vi\/wp-json\/wp\/v2\/comments?post=20302"}],"wp:featuredmedia":[{"embeddable":true,"href":"https:\/\/mouldking.store\/vi\/wp-json\/wp\/v2\/media\/20299"}],"wp:attachment":[{"href":"https:\/\/mouldking.store\/vi\/wp-json\/wp\/v2\/media?parent=20302"}],"wp:term":[{"taxonomy":"product_cat","embeddable":true,"href":"https:\/\/mouldking.store\/vi\/wp-json\/wp\/v2\/product_cat?post=20302"},{"taxonomy":"product_tag","embeddable":true,"href":"https:\/\/mouldking.store\/vi\/wp-json\/wp\/v2\/product_tag?post=20302"}],"curies":[{"name":"wp","href":"https:\/\/api.w.org\/{rel}","templated":true}]}}