{"id":20315,"date":"2021-10-09T04:45:55","date_gmt":"2021-10-08T21:45:55","guid":{"rendered":"https:\/\/mouldking.store\/shop\/moc-18144-exs-wing-starfighter-minifig-scale-in-star-wars-by-brickvault-moc-factory\/"},"modified":"2025-12-25T09:26:46","modified_gmt":"2025-12-25T02:26:46","slug":"moc-18144-exs-wing-starfighter-minifig-scale-in-star-wars-by-brickvault-moc-factory","status":"publish","type":"product","link":"https:\/\/mouldking.store\/vi\/shop\/moc-18144-exs-wing-starfighter-minifig-scale-in-star-wars-by-brickvault-moc-factory\/","title":{"rendered":"MOC-18144 EXS-wing Starfighter \u2013 Minifig Scale trong Chi\u1ebfn tranh gi\u1eefa c\u00e1c v\u00ec sao c\u1ee7a brickvault MOC FACTORY"},"content":{"rendered":"<p>X-wing Starfighter l\u1ea7n \u0111\u1ea7u ti\u00ean xu\u1ea5t hi\u1ec7n tr\u00ean m\u00e0n \u1ea3nh trong Star Wars: Episode IV \u2013 A New Hope v\u00e0o n\u0103m 1977. R\u1ea5t nhanh ch\u00f3ng b\u1eaft \u0111\u1ea7u t\u1eeb \u0111\u00f3 X-wing \u0111\u00e3 \u0111\u01b0\u1ee3c \u0111\u00f4ng \u0111\u1ea3o ng\u01b0\u1eddi h\u00e2m m\u1ed9 bi\u1ebft \u0111\u1ebfn v\u00e0 \u1ee9ng c\u1eed vi\u00ean hi\u1ec7n l\u00e0 m\u1ed9t trong nh\u1eefng phi thuy\u1ec1n kh\u00f4ng th\u1ec3 nh\u1ea7m l\u1eabn nh\u1ea5t t\u1eeb tr\u01b0\u1edbc \u0111\u1ebfn nay. N\u00f3 h\u01a1i m\u01b0\u1ee3t m\u00e0, h\u01a1i kh\u1eafc nghi\u1ec7t v\u00e0 \u0111\u00e1nh v\u00e0o \u0111i\u1ec3m trung t\u00e2m \u0111\u1ed3ng \u0111\u1ec1u gi\u1eefa khoa h\u1ecdc vi\u1ec5n t\u01b0\u1edfng v\u00e0 m\u1ed9t con ru\u1ed3i chi\u1ebfn binh ti\u00ean ti\u1ebfn. L\u1edbp ph\u1ee7 s-foils m\u1edf ra khi \u1edf v\u1ecb tr\u00ed t\u1ea5n c\u00f4ng t\u1ea1o th\u00e0nh bi\u1ec3u t\u01b0\u1ee3ng \u201cX\u201d \u0111\u00f3 v\u00e0 ph\u1ea7n c\u00f2n l\u1ea1i l\u00e0 l\u1ecbch s\u1eed.<\/p>\n<p>S\u1eafp x\u1ebfp th\u1eddi gian; 4-8 tu\u1ea7n<\/p>\n<p>&nbsp;<\/p>\n<figure id=\"attachment_202518\" class=\"wp-caption aligncenter\" style=\"width: 800px\" aria-describedby=\"caption-attachment-202518\"><figcaption id=\"caption-attachment-202518\" class=\"wp-caption-text\">\n<figure style=\"width: 681px\" class=\"wp-caption aligncenter\"><img fetchpriority=\"high\" decoding=\"async\" class=\"\" src=\"https:\/\/mocfactory.com\/wp-content\/uploads\/2020\/12\/New-Project-68-1-300x300.png\" alt=\"MOC-18144 Star Wars EXS-wing Starfighter - Minifig Scale Designer brickvault MOC FACTORY\" width=\"681\" height=\"681\" title=\"-\"><figcaption class=\"wp-caption-text\">MOC-18144 Star Wars EXS-wing Starfighter \u2013 Nh\u00e0 thi\u1ebft k\u1ebf quy m\u00f4 mini brickvault MOC FACTORY<\/figcaption><\/figure>\n<\/figcaption><\/figure>","protected":false},"excerpt":{"rendered":"<ul>\n<li>Bao g\u1ed3m <strong>1160<\/strong><strong>+<\/strong> chi\u1ebfc<\/li>\n<li>H\u01b0\u1edbng d\u1eabn PDF tr\u1ef1c tuy\u1ebfn<\/li>\n<li>Kh\u1ed1i ABS ch\u1ea5t l\u01b0\u1ee3ng cao<\/li>\n<\/ul>","protected":false},"featured_media":20314,"comment_status":"open","ping_status":"closed","template":"","meta":{"_acf_changed":false},"product_cat":[415],"product_tag":[],"class_list":["product","first","instock","shipping-taxable","purchasable","product-type-simple"],"acf":[],"_links":{"self":[{"href":"https:\/\/mouldking.store\/vi\/wp-json\/wp\/v2\/product\/20315","targetHints":{"allow":["GET"]}}],"collection":[{"href":"https:\/\/mouldking.store\/vi\/wp-json\/wp\/v2\/product"}],"about":[{"href":"https:\/\/mouldking.store\/vi\/wp-json\/wp\/v2\/types\/product"}],"replies":[{"embeddable":true,"href":"https:\/\/mouldking.store\/vi\/wp-json\/wp\/v2\/comments?post=20315"}],"wp:featuredmedia":[{"embeddable":true,"href":"https:\/\/mouldking.store\/vi\/wp-json\/wp\/v2\/media\/20314"}],"wp:attachment":[{"href":"https:\/\/mouldking.store\/vi\/wp-json\/wp\/v2\/media?parent=20315"}],"wp:term":[{"taxonomy":"product_cat","embeddable":true,"href":"https:\/\/mouldking.store\/vi\/wp-json\/wp\/v2\/product_cat?post=20315"},{"taxonomy":"product_tag","embeddable":true,"href":"https:\/\/mouldking.store\/vi\/wp-json\/wp\/v2\/product_tag?post=20315"}],"curies":[{"name":"wp","href":"https:\/\/api.w.org\/{rel}","templated":true}]}}