{"id":20362,"date":"2021-10-09T04:46:21","date_gmt":"2021-10-09T04:46:21","guid":{"rendered":"https:\/\/mouldking.store\/shop\/moc-37592-modular-sanctum-sanctorum-modular-building-by-zeradman-moc-factory\/"},"modified":"2025-12-25T09:25:26","modified_gmt":"2025-12-25T02:25:26","slug":"moc-37592-modular-sanctum-sanctorum-modular-building-by-zeradman-moc-factory","status":"publish","type":"product","link":"https:\/\/mouldking.store\/vi\/shop\/moc-37592-modular-sanctum-sanctorum-modular-building-by-zeradman-moc-factory\/","title":{"rendered":"MOC-37592 T\u00f2a nh\u00e0 m\u00f4-\u0111un Sanctum Sanctorum m\u00f4-\u0111un c\u1ee7a ZeRadman MOC FACTORY"},"content":{"rendered":"<p>C\u00f4ng tr\u00ecnh n\u00e0y l\u00e0 s\u1ef1 chuy\u1ec3n \u0111\u1ed5i c\u1ee7a 76108 Battle for the Sanctum Sanctorum th\u00e0nh c\u1ea5u tr\u00fac LEGO Modular Building Theme. MOC c\u00f3 ba c\u1ea5p \u0111\u1ed9 bao g\u1ed3m Sanctum Sanctorum, m\u1ed9t c\u1eeda h\u00e0ng b\u00e1nh pizza, Night Nurse&#039;s Clinc v\u00e0 c\u0103n h\u1ed9 c\u1ee7a Peter Parker. N\u00f3 l\u00e0m n\u1ed5i b\u1eadt nhi\u1ec1u ph\u1ea7n c\u1ee7a Ch\u1ee7 \u0111\u1ec1 T\u00f2a nh\u00e0 M\u00f4-\u0111un LEGO, bao g\u1ed3m l\u1ed1i \u0111i r\u1ed9ng 8 thanh, \u0111\u01b0\u1ee3c thi\u1ebft k\u1ebf th\u00e0nh m\u1eb7t ngo\u00e0i d\u00e0i 32 thanh v\u00e0 ph\u00f9 h\u1ee3p ho\u00e0n h\u1ea3o v\u1edbi c\u00e1c m\u00f4-\u0111un ch\u00ednh th\u1ee9c trong qu\u00e1 tr\u00ecnh ph\u00e1t tri\u1ec3n g\u00f3c.<\/p>\n<p><img fetchpriority=\"high\" decoding=\"async\" class=\"alignnone size-full wp-image-192913\" src=\"https:\/\/pay.lpwstore.com\/wp-content\/uploads\/2020\/07\/New-Project-2020-07-03T221952.853.png\" alt=\"MOC-37592\" width=\"800\" height=\"800\" title=\"-\"><img decoding=\"async\" class=\"alignnone size-full wp-image-192912\" src=\"https:\/\/pay.lpwstore.com\/wp-content\/uploads\/2020\/07\/New-Project-2020-07-03T222020.771.png\" alt=\"-\" width=\"800\" height=\"800\" title=\"-\"> <img decoding=\"async\" class=\"alignnone size-full wp-image-192911\" src=\"https:\/\/pay.lpwstore.com\/wp-content\/uploads\/2020\/07\/New-Project-2020-07-03T222039.915.png\" alt=\"-\" width=\"800\" height=\"800\" title=\"-\"> <img loading=\"lazy\" decoding=\"async\" class=\"alignnone size-full wp-image-192910\" src=\"https:\/\/pay.lpwstore.com\/wp-content\/uploads\/2020\/07\/New-Project-2020-07-03T222101.163.png\" alt=\"MOC-37592\" width=\"800\" height=\"800\" title=\"-\"><\/p>","protected":false},"excerpt":{"rendered":"<ul>\n<li>Bao g\u1ed3m <strong>3439<\/strong><strong>+<\/strong> chi\u1ebfc<\/li>\n<li>H\u01b0\u1edbng d\u1eabn PDF tr\u1ef1c tuy\u1ebfn<\/li>\n<li>Kh\u1ed1i ABS ch\u1ea5t l\u01b0\u1ee3ng cao<\/li>\n<\/ul>","protected":false},"featured_media":20358,"comment_status":"open","ping_status":"closed","template":"","meta":{"_acf_changed":false},"product_cat":[390],"product_tag":[],"class_list":["product","first","outofstock","shipping-taxable","purchasable","product-type-simple"],"acf":[],"_links":{"self":[{"href":"https:\/\/mouldking.store\/vi\/wp-json\/wp\/v2\/product\/20362","targetHints":{"allow":["GET"]}}],"collection":[{"href":"https:\/\/mouldking.store\/vi\/wp-json\/wp\/v2\/product"}],"about":[{"href":"https:\/\/mouldking.store\/vi\/wp-json\/wp\/v2\/types\/product"}],"replies":[{"embeddable":true,"href":"https:\/\/mouldking.store\/vi\/wp-json\/wp\/v2\/comments?post=20362"}],"wp:featuredmedia":[{"embeddable":true,"href":"https:\/\/mouldking.store\/vi\/wp-json\/wp\/v2\/media\/20358"}],"wp:attachment":[{"href":"https:\/\/mouldking.store\/vi\/wp-json\/wp\/v2\/media?parent=20362"}],"wp:term":[{"taxonomy":"product_cat","embeddable":true,"href":"https:\/\/mouldking.store\/vi\/wp-json\/wp\/v2\/product_cat?post=20362"},{"taxonomy":"product_tag","embeddable":true,"href":"https:\/\/mouldking.store\/vi\/wp-json\/wp\/v2\/product_tag?post=20362"}],"curies":[{"name":"wp","href":"https:\/\/api.w.org\/{rel}","templated":true}]}}